{"id":20,"date":"2025-04-28T19:12:18","date_gmt":"2025-04-28T22:12:18","guid":{"rendered":"https:\/\/www.ufpb.br\/sof\/?page_id=20"},"modified":"2026-03-16T15:20:55","modified_gmt":"2026-03-16T18:20:55","slug":"gerencia-de-administracao-ga","status":"publish","type":"page","link":"https:\/\/www.ufpb.br\/sof\/institucional\/gerencia-de-administracao-ga\/","title":{"rendered":"Ger\u00eancia de Administra\u00e7\u00e3o &#8211; GA"},"content":{"rendered":"\n<p>A Ger\u00eancia Administrativa &#8211; GA \u00e9 o \u00f3rg\u00e3o respons\u00e1vel pelo planejamento, coordena\u00e7\u00e3o, execu\u00e7\u00e3o, fiscaliza\u00e7\u00e3o e avalia\u00e7\u00e3o das atividades administrativas da SOF (Resolu\u00e7\u00e3o CONSUNI n\u00b0 42\/2018).<\/p>\n\n\n\n<p>Dentre as compet\u00eancias resolutivas, a Ger\u00eancia de Administra\u00e7\u00e3o \u2013 GA tamb\u00e9m gerencia as atividades de outorgas de uso (em estrutura\u00e7\u00e3o) nos ditames da&nbsp;<strong>RESOLU\u00c7\u00c3O N\u00ba 19\/2019<\/strong>&nbsp;que regulamenta a ocupa\u00e7\u00e3o de espa\u00e7os f\u00edsicos e im\u00f3veis da Universidade Federal da Para\u00edba, que sejam disponibilizados para Cess\u00e3o de Uso, objetivando a explora\u00e7\u00e3o comercial e de servi\u00e7os por particulares.<\/p>\n\n\n\n<p><em><strong>Respons\u00e1vel pelo setor:&nbsp;<\/strong>Manuela Vieira Cerqueira<br><strong>E-mail:<\/strong>&nbsp;<a href=\"mailto:ga@sof.ufpb.br\">cessao@sof.ufpb.br<\/a>.&nbsp;&nbsp;<\/em><br><em><strong>Telefone:<\/strong>&nbsp;3216-7169.<br><strong>Hor\u00e1rio de funcionamento:<\/strong>&nbsp;8h \u00e0s 17h.<\/em><\/p>\n\n\n\n<p class=\" \">&nbsp;<\/p>\n\n\n\n<p class=\" \"><strong>Equipe:<\/strong><\/p>\n\n\n\n<figure class=\"wp-block-table has-small-font-size\"><table class=\"has-fixed-layout\"><tbody><tr><td><strong>Servidor(a)<\/strong><\/td><td><strong>Cargo\/Fun\u00e7\u00e3o<\/strong><\/td><td><strong>\u00c1rea de Atua\u00e7\u00e3o<\/strong><\/td><td><strong>Contato<\/strong><\/td><\/tr><tr><td>Manuela Vieira Cerqueira<\/td><td>Administrador<\/td><td>Outorgas de Uso &#8211; Contratos\/Gest\u00e3o<\/td><td>manuela@sof.ufpb.br<\/td><\/tr><tr><td>B\u00e1rbara Maria de Oliveira Borges<\/td><td>Assistente em Administra\u00e7\u00e3o<\/td><td>Outorgas de Uso &#8211; Contratos\/Gest\u00e3o<\/td><td>barbara.borges@sof.ufpb.br<\/td><\/tr><tr><td>Marcella Moreira Rodrigues de Oliveira<\/td><td>Assistente em Administra\u00e7\u00e3o<\/td><td>Outorgas de Uso \u2013 Gest\u00e3o\/Controle e Cobran\u00e7a<\/td><td>cessao@sof.ufpb.br<\/td><\/tr><tr><td>Lucas Gon\u00e7alves Medeiros de Oliveira Lima<\/td><td>Assistente em Administra\u00e7\u00e3o<\/td><td>Outorgas de Uso \u2013 Gest\u00e3o\/Controle e Cobran\u00e7a<\/td><td>cessao@sof.ufpb.br<\/td><\/tr><tr><td>Jos\u00e9 Anderson Gomes Enedino Brito<\/td><td>Assistente em Administra\u00e7\u00e3o<\/td><td>Outorgas de Uso \u2013 Gest\u00e3o\/Controle e Cobran\u00e7a<\/td><td>cessao@sof.ufpb.br<\/td><\/tr><\/tbody><\/table><\/figure>\n\n\n\n<p class=\" \">&nbsp;<\/p>\n\n\n\n<p class=\" \"><strong><a href=\"https:\/\/drive.ufpb.br\/s\/GNHkaKisioLFEJr\">Atribui\u00e7\u00f5es e Compet\u00eancias da GA\/SOF<\/a><\/strong><\/p>\n\n\n\n<p><\/p>\n","protected":false},"excerpt":{"rendered":"<p>A Ger\u00eancia Administrativa &#8211; GA \u00e9 o \u00f3rg\u00e3o respons\u00e1vel pelo planejamento, coordena\u00e7\u00e3o, execu\u00e7\u00e3o, fiscaliza\u00e7\u00e3o e avalia\u00e7\u00e3o das atividades administrativas da SOF (Resolu\u00e7\u00e3o CONSUNI n\u00b0 42\/2018). Dentre as compet\u00eancias resolutivas, a Ger\u00eancia de Administra\u00e7\u00e3o \u2013 GA tamb\u00e9m gerencia as atividades de outorgas de uso (em estrutura\u00e7\u00e3o) nos ditames da&nbsp;RESOLU\u00c7\u00c3O N\u00ba 19\/2019&nbsp;que regulamenta a ocupa\u00e7\u00e3o de espa\u00e7os [&hellip;]<\/p>\n","protected":false},"author":47,"featured_media":0,"parent":96,"menu_order":0,"comment_status":"closed","ping_status":"closed","template":"","meta":{"footnotes":""},"class_list":["post-20","page","type-page","status-publish","hentry"],"_links":{"self":[{"href":"https:\/\/www.ufpb.br\/sof\/wp-json\/wp\/v2\/pages\/20","targetHints":{"allow":["GET"]}}],"collection":[{"href":"https:\/\/www.ufpb.br\/sof\/wp-json\/wp\/v2\/pages"}],"about":[{"href":"https:\/\/www.ufpb.br\/sof\/wp-json\/wp\/v2\/types\/page"}],"author":[{"embeddable":true,"href":"https:\/\/www.ufpb.br\/sof\/wp-json\/wp\/v2\/users\/47"}],"replies":[{"embeddable":true,"href":"https:\/\/www.ufpb.br\/sof\/wp-json\/wp\/v2\/comments?post=20"}],"version-history":[{"count":4,"href":"https:\/\/www.ufpb.br\/sof\/wp-json\/wp\/v2\/pages\/20\/revisions"}],"predecessor-version":[{"id":345,"href":"https:\/\/www.ufpb.br\/sof\/wp-json\/wp\/v2\/pages\/20\/revisions\/345"}],"up":[{"embeddable":true,"href":"https:\/\/www.ufpb.br\/sof\/wp-json\/wp\/v2\/pages\/96"}],"wp:attachment":[{"href":"https:\/\/www.ufpb.br\/sof\/wp-json\/wp\/v2\/media?parent=20"}],"curies":[{"name":"wp","href":"https:\/\/api.w.org\/{rel}","templated":true}]}}