{"id":24,"date":"2025-04-28T19:14:31","date_gmt":"2025-04-28T22:14:31","guid":{"rendered":"https:\/\/www.ufpb.br\/sof\/?page_id=24"},"modified":"2026-03-19T09:03:50","modified_gmt":"2026-03-19T12:03:50","slug":"coordenacao-de-aquisicoes-contratacoes-e-conformidade-cacc","status":"publish","type":"page","link":"https:\/\/www.ufpb.br\/sof\/institucional\/coordenacao-de-aquisicoes-contratacoes-e-conformidade-cacc\/","title":{"rendered":"Coordena\u00e7\u00e3o de Aquisi\u00e7\u00f5es, Contrata\u00e7\u00f5es e Conformidade &#8211; CACC"},"content":{"rendered":"\n<p>A&nbsp;<strong>Coordena\u00e7\u00e3o de Aquisi\u00e7\u00f5es, Contrata\u00e7\u00f5es e Conformidade &#8211; CACC<\/strong>&nbsp;da SOF \u00e9 a unidade respons\u00e1vel pela coordena\u00e7\u00e3o da elabora\u00e7\u00e3o dos termos de refer\u00eancia dos contratos da SOF e pela an\u00e1lise de conformidade dos atos necess\u00e1rios \u00e0 aquisi\u00e7\u00e3o, contrata\u00e7\u00e3o e pagamentos.<\/p>\n\n\n\n<p><em><strong>Respons\u00e1vel pelo Setor:<\/strong>&nbsp;Auri Moreira de Resende Neto (Coordenador)<strong>.<br>Hor\u00e1rio de funcionamento:&nbsp;&nbsp;<\/strong>07h \u00e0s 17h.<\/em><br><em><strong>Telefone:&nbsp;<\/strong>3216-7281.<\/em><br><em><strong>E-mail:&nbsp;<\/strong><a href=\"mailto:cacc@sof.ufpb.br\">cacc@sof.ufpb.br<\/a>.<\/em><\/p>\n\n\n\n<p><strong>Equipe:<\/strong><\/p>\n\n\n\n<figure class=\"wp-block-table has-small-font-size\"><table class=\"has-fixed-layout\"><tbody><tr><td><strong>Servidor(a)<\/strong><\/td><td><strong>Cargo\/Fun\u00e7\u00e3o<\/strong><\/td><td><strong>\u00c1rea de Atua\u00e7\u00e3o<\/strong><\/td><td><strong>Contato<\/strong><\/td><\/tr><tr><td>Auri Moreira de Resende Neto<\/td><td>Coordenador<\/td><td>Conformidade<\/td><td>auriresende@sof.ufpb.br<\/td><\/tr><tr><td>Jo\u00e1s Albuquerque Silva<\/td><td>Administrador<\/td><td>Aquisi\u00e7\u00f5es<\/td><td>joas.albuquerque@sof.ufpb.br<\/td><\/tr><tr><td>Jefferson Carlos Guedes da Silva Almeida<\/td><td>Administrador<\/td><td>Almoxarifado e Patrim\u00f4nio<\/td><td>jefferson.guedes@sof.ufpb.br<\/td><\/tr><tr><td>Rinaldo Luciano de Macedo Soares<\/td><td>Assistente Administrativo<\/td><td>Almoxarifado e Patrim\u00f4nio \/ Servi\u00e7os Administrativos<\/td><td>rinaldo@sof.ufpb.br<\/td><\/tr><tr><td>Petrucio Dumont Mamede e Silva Filho<\/td><td>Assistente Administrativo<\/td><td>Conformidade<\/td><td>petrucio.mamede@sof.ufpb.br<\/td><\/tr><tr><td>Andr\u00e9 Rocha dos Santos Rangel<\/td><td>T\u00e9cnico em Contabilidade<\/td><td>Conformidade<\/td><td>andre@sof.ufpb.br<\/td><\/tr><\/tbody><\/table><\/figure>\n\n\n\n<p><\/p>\n\n\n\n<p>&nbsp;<strong><a href=\"https:\/\/drive.ufpb.br\/s\/GNHkaKisioLFEJr\">Atribui\u00e7\u00f5es e Compet\u00eancias da CACC\/SOF<\/a><\/strong><\/p>\n","protected":false},"excerpt":{"rendered":"<p>A&nbsp;Coordena\u00e7\u00e3o de Aquisi\u00e7\u00f5es, Contrata\u00e7\u00f5es e Conformidade &#8211; CACC&nbsp;da SOF \u00e9 a unidade respons\u00e1vel pela coordena\u00e7\u00e3o da elabora\u00e7\u00e3o dos termos de refer\u00eancia dos contratos da SOF e pela an\u00e1lise de conformidade dos atos necess\u00e1rios \u00e0 aquisi\u00e7\u00e3o, contrata\u00e7\u00e3o e pagamentos. Respons\u00e1vel pelo Setor:&nbsp;Auri Moreira de Resende Neto (Coordenador).Hor\u00e1rio de funcionamento:&nbsp;&nbsp;07h \u00e0s 17h.Telefone:&nbsp;3216-7281.E-mail:&nbsp;cacc@sof.ufpb.br. Equipe: Servidor(a) Cargo\/Fun\u00e7\u00e3o \u00c1rea de [&hellip;]<\/p>\n","protected":false},"author":47,"featured_media":0,"parent":96,"menu_order":0,"comment_status":"closed","ping_status":"closed","template":"","meta":{"footnotes":""},"class_list":["post-24","page","type-page","status-publish","hentry"],"_links":{"self":[{"href":"https:\/\/www.ufpb.br\/sof\/wp-json\/wp\/v2\/pages\/24","targetHints":{"allow":["GET"]}}],"collection":[{"href":"https:\/\/www.ufpb.br\/sof\/wp-json\/wp\/v2\/pages"}],"about":[{"href":"https:\/\/www.ufpb.br\/sof\/wp-json\/wp\/v2\/types\/page"}],"author":[{"embeddable":true,"href":"https:\/\/www.ufpb.br\/sof\/wp-json\/wp\/v2\/users\/47"}],"replies":[{"embeddable":true,"href":"https:\/\/www.ufpb.br\/sof\/wp-json\/wp\/v2\/comments?post=24"}],"version-history":[{"count":7,"href":"https:\/\/www.ufpb.br\/sof\/wp-json\/wp\/v2\/pages\/24\/revisions"}],"predecessor-version":[{"id":346,"href":"https:\/\/www.ufpb.br\/sof\/wp-json\/wp\/v2\/pages\/24\/revisions\/346"}],"up":[{"embeddable":true,"href":"https:\/\/www.ufpb.br\/sof\/wp-json\/wp\/v2\/pages\/96"}],"wp:attachment":[{"href":"https:\/\/www.ufpb.br\/sof\/wp-json\/wp\/v2\/media?parent=24"}],"curies":[{"name":"wp","href":"https:\/\/api.w.org\/{rel}","templated":true}]}}