{"id":26,"date":"2025-04-28T19:15:01","date_gmt":"2025-04-28T22:15:01","guid":{"rendered":"https:\/\/www.ufpb.br\/sof\/?page_id=26"},"modified":"2026-03-16T15:19:34","modified_gmt":"2026-03-16T18:19:34","slug":"coordenacao-de-licitacoes-e-contratos-clc","status":"publish","type":"page","link":"https:\/\/www.ufpb.br\/sof\/institucional\/coordenacao-de-licitacoes-e-contratos-clc\/","title":{"rendered":"Coordena\u00e7\u00e3o de Licita\u00e7\u00f5es e Contratos &#8211; CLC"},"content":{"rendered":"\n<p><strong>A Coordena\u00e7\u00e3o de Licita\u00e7\u00f5es e Contratos &#8211; CLC,<\/strong>&nbsp;criada pela Resolu\u00e7\u00e3o n\u00ba 07\/2019 do Conselho Universit\u00e1rio da Universidade Federal da Para\u00edba (CONSUNI\/UFPB), \u00e9 respons\u00e1vel por desenvolver a\u00e7\u00f5es necess\u00e1rias para a finaliza\u00e7\u00e3o da fase externa do processo licitat\u00f3rio e demais medidas para a formaliza\u00e7\u00e3o das contrata\u00e7\u00f5es pretendidas no \u00e2mbito da&nbsp;<strong>UASG 153066<\/strong>.<\/p>\n\n\n\n<p><em><strong>Respons\u00e1vel pelo Setor:<\/strong>&nbsp;Lucian Hendyo Max Pereira (Coordenador).<strong><br>Hor\u00e1rio de funcionamento:&nbsp;&nbsp;<\/strong>08h \u00e0s 17h.<strong><br>Telefone:&nbsp;<\/strong>3216-7091.<strong><br>E-mails:<\/strong>&nbsp;<a href=\"mailto:contratos@sof.ufpb.br\">contratos@sof.ufpb.br&nbsp;<\/a>(exclusivamente para assuntos relativos a contratos)<br>&nbsp; &nbsp; &nbsp; &nbsp; &nbsp; &nbsp; &nbsp; &nbsp;<a href=\"mailto:licitacoes@sof.ufpb.br\">l<\/a><a href=\"mailto:licitacoes@sof.ufpb.br\">icitacoes@sof.ufpb.br<\/a>&nbsp;(exclusivamente para assuntos relativos a licita\u00e7\u00f5es).<\/em><\/p>\n\n\n\n<p><strong>Equipe:<\/strong><\/p>\n\n\n\n<figure class=\"wp-block-table has-small-font-size\"><table class=\"has-fixed-layout\"><tbody><tr><td><strong>Servidor(a)<\/strong><\/td><td><strong>Fun\u00e7\u00e3o<\/strong><\/td><td><strong>\u00c1rea de Atua\u00e7\u00e3o&nbsp;<\/strong><\/td><td><strong>Contato<\/strong><\/td><\/tr><tr><td>Lucian Hendyo Max Pereira<\/td><td>Coordenador<\/td><td>Licita\u00e7\u00f5es e Contratos<\/td><td>lucian@sof.ufpb.br<\/td><\/tr><tr><td>Carlos Alberto dos Santos<\/td><td>T\u00e9cnico em Contabilidade<\/td><td>Licita\u00e7\u00f5es<\/td><td>carlosalberto@sof.ufpb.br<\/td><\/tr><tr><td>Lucille Severiano de Lima<\/td><td>Assistente em Administra\u00e7\u00e3o<\/td><td>Contratos<\/td><td>&#8211;<\/td><\/tr><tr><td>Dante&nbsp;Bernardo de Souza Silva<\/td><td>Contador<\/td><td>Contratos<\/td><td>dante@sof.ufpb.br<\/td><\/tr><tr><td>Jo\u00e3o Victor de Lima Barroso<\/td><td>Assistente em Administra\u00e7\u00e3o<\/td><td>Contratos<\/td><td>&#8211;<\/td><\/tr><tr><td>Alexandre Alberto Barreto Galv\u00e3o<\/td><td>Administrador<\/td><td>Licita\u00e7\u00f5es<\/td><td>licitacoes@sof.ufpb.br<\/td><\/tr><tr><td>Wagner Lucas Lucena de A. Ara\u00fajo<\/td><td>Administrador<\/td><td>Licita\u00e7\u00f5es<\/td><td>lucaslucena@sof.ufpb.br<\/td><\/tr><tr><td>Severino Cidalino de Almeida Neto<\/td><td>Auxiliar em Administra\u00e7\u00e3o<\/td><td>Licita\u00e7\u00f5es<\/td><td>cidalinoneto@sof.ufpb.br<\/td><\/tr><tr><td>Martin Paulus de Melo Sousa<\/td><td>Administrador<\/td><td>Contratos<\/td><td>martin.sousa@sof.ufpb.br<\/td><\/tr><\/tbody><\/table><\/figure>\n\n\n\n<p><\/p>\n\n\n\n<p><strong><a href=\"http:\/\/plone.ufpb.br\/sof\/contents\/documentos\/resolucoes\/consuni-07-2019_clc.pdf\">Atribui\u00e7\u00f5es e Compet\u00eancias da CLC\/SOF&nbsp;<\/a><\/strong><\/p>\n","protected":false},"excerpt":{"rendered":"<p>A Coordena\u00e7\u00e3o de Licita\u00e7\u00f5es e Contratos &#8211; CLC,&nbsp;criada pela Resolu\u00e7\u00e3o n\u00ba 07\/2019 do Conselho Universit\u00e1rio da Universidade Federal da Para\u00edba (CONSUNI\/UFPB), \u00e9 respons\u00e1vel por desenvolver a\u00e7\u00f5es necess\u00e1rias para a finaliza\u00e7\u00e3o da fase externa do processo licitat\u00f3rio e demais medidas para a formaliza\u00e7\u00e3o das contrata\u00e7\u00f5es pretendidas no \u00e2mbito da&nbsp;UASG 153066. Respons\u00e1vel pelo Setor:&nbsp;Lucian Hendyo Max Pereira [&hellip;]<\/p>\n","protected":false},"author":47,"featured_media":0,"parent":96,"menu_order":0,"comment_status":"closed","ping_status":"closed","template":"","meta":{"footnotes":""},"class_list":["post-26","page","type-page","status-publish","hentry"],"_links":{"self":[{"href":"https:\/\/www.ufpb.br\/sof\/wp-json\/wp\/v2\/pages\/26","targetHints":{"allow":["GET"]}}],"collection":[{"href":"https:\/\/www.ufpb.br\/sof\/wp-json\/wp\/v2\/pages"}],"about":[{"href":"https:\/\/www.ufpb.br\/sof\/wp-json\/wp\/v2\/types\/page"}],"author":[{"embeddable":true,"href":"https:\/\/www.ufpb.br\/sof\/wp-json\/wp\/v2\/users\/47"}],"replies":[{"embeddable":true,"href":"https:\/\/www.ufpb.br\/sof\/wp-json\/wp\/v2\/comments?post=26"}],"version-history":[{"count":7,"href":"https:\/\/www.ufpb.br\/sof\/wp-json\/wp\/v2\/pages\/26\/revisions"}],"predecessor-version":[{"id":344,"href":"https:\/\/www.ufpb.br\/sof\/wp-json\/wp\/v2\/pages\/26\/revisions\/344"}],"up":[{"embeddable":true,"href":"https:\/\/www.ufpb.br\/sof\/wp-json\/wp\/v2\/pages\/96"}],"wp:attachment":[{"href":"https:\/\/www.ufpb.br\/sof\/wp-json\/wp\/v2\/media?parent=26"}],"curies":[{"name":"wp","href":"https:\/\/api.w.org\/{rel}","templated":true}]}}