{"id":278,"date":"2025-12-19T19:54:07","date_gmt":"2025-12-19T22:54:07","guid":{"rendered":"https:\/\/www.ufpb.br\/sof\/?page_id=278"},"modified":"2025-12-19T19:59:42","modified_gmt":"2025-12-19T22:59:42","slug":"plano-de-gestao-setorial","status":"publish","type":"page","link":"https:\/\/www.ufpb.br\/sof\/servicos\/plano-de-gestao-setorial\/","title":{"rendered":"Plano de Gest\u00e3o Setorial"},"content":{"rendered":"\n<p>Este Plano de Gest\u00e3o Setorial (PGS) \u00e9 uma iniciativa da Superintend\u00eancia de Or\u00e7amento e Finan\u00e7as (SOF) da Universidade Federal da Para\u00edba (UFPB) para o per\u00edodo 2025-2028, em atendimento ao objetivo estrat\u00e9gico (OE11) &#8211; \u201cAprimorar pr\u00e1ticas administrativas da boa governan\u00e7a e gest\u00e3o p\u00fablica\u201d, constante no Plano de Desenvolvimento Institucional 2024 -2028. (<a href=\"http:\/\/www.ufpb.br\/sof\/wp-content\/uploads\/sites\/79\/sites\/297\/2025\/12\/SOF-Plano-de-Gestao-Setorial.pdf\" data-type=\"link\" data-id=\"http:\/\/www.ufpb.br\/sof\/wp-content\/uploads\/sites\/79\/sites\/297\/2025\/12\/SOF-Plano-de-Gestao-Setorial.pdf\">link<\/a>)<\/p>\n\n\n\n<p><\/p>\n","protected":false},"excerpt":{"rendered":"<p>Este Plano de Gest\u00e3o Setorial (PGS) \u00e9 uma iniciativa da Superintend\u00eancia de Or\u00e7amento e Finan\u00e7as (SOF) da Universidade Federal da Para\u00edba (UFPB) para o per\u00edodo 2025-2028, em atendimento ao objetivo estrat\u00e9gico (OE11) &#8211; \u201cAprimorar pr\u00e1ticas administrativas da boa governan\u00e7a e gest\u00e3o p\u00fablica\u201d, constante no Plano de Desenvolvimento Institucional 2024 -2028. (link)<\/p>\n","protected":false},"author":281,"featured_media":0,"parent":101,"menu_order":0,"comment_status":"closed","ping_status":"closed","template":"","meta":{"footnotes":""},"class_list":["post-278","page","type-page","status-publish","hentry"],"_links":{"self":[{"href":"https:\/\/www.ufpb.br\/sof\/wp-json\/wp\/v2\/pages\/278","targetHints":{"allow":["GET"]}}],"collection":[{"href":"https:\/\/www.ufpb.br\/sof\/wp-json\/wp\/v2\/pages"}],"about":[{"href":"https:\/\/www.ufpb.br\/sof\/wp-json\/wp\/v2\/types\/page"}],"author":[{"embeddable":true,"href":"https:\/\/www.ufpb.br\/sof\/wp-json\/wp\/v2\/users\/281"}],"replies":[{"embeddable":true,"href":"https:\/\/www.ufpb.br\/sof\/wp-json\/wp\/v2\/comments?post=278"}],"version-history":[{"count":4,"href":"https:\/\/www.ufpb.br\/sof\/wp-json\/wp\/v2\/pages\/278\/revisions"}],"predecessor-version":[{"id":284,"href":"https:\/\/www.ufpb.br\/sof\/wp-json\/wp\/v2\/pages\/278\/revisions\/284"}],"up":[{"embeddable":true,"href":"https:\/\/www.ufpb.br\/sof\/wp-json\/wp\/v2\/pages\/101"}],"wp:attachment":[{"href":"https:\/\/www.ufpb.br\/sof\/wp-json\/wp\/v2\/media?parent=278"}],"curies":[{"name":"wp","href":"https:\/\/api.w.org\/{rel}","templated":true}]}}