{"id":28,"date":"2025-04-28T19:15:36","date_gmt":"2025-04-28T22:15:36","guid":{"rendered":"https:\/\/www.ufpb.br\/sof\/?page_id=28"},"modified":"2025-12-19T19:48:14","modified_gmt":"2025-12-19T22:48:14","slug":"calendario-anual-de-contratacoes","status":"publish","type":"page","link":"https:\/\/www.ufpb.br\/sof\/servicos\/calendario-anual-de-contratacoes\/","title":{"rendered":"Calend\u00e1rio Anual de Contrata\u00e7\u00f5es"},"content":{"rendered":"\n<p>Esta se\u00e7\u00e3o tem por finalidade dar transpar\u00eancia ao calend\u00e1rio anual das contrata\u00e7\u00f5es processadas no \u00e2mbito da SOF (UASG 153066), conforme portarias publicadas anualmente.<\/p>\n\n\n\n<p class=\" \">&nbsp;<\/p>\n\n\n\n<p><strong>Calend\u00e1rios Anual de Contrata\u00e7\u00f5es &#8211;\u00a0<a href=\"http:\/\/www.ufpb.br\/sof\/wp-content\/uploads\/sites\/79\/sites\/297\/2025\/12\/Portaria-Calendario-Anual-2026.pdf\" target=\"_blank\" rel=\"noreferrer noopener\">Exerc\u00edcio 2026<\/a>.<\/strong><\/p>\n\n\n\n<p><\/p>\n\n\n\n<p><strong>Hist\u00f3rico de Calend\u00e1rios Anuais de Contrata\u00e7\u00f5es:&nbsp;<a href=\"https:\/\/drive.ufpb.br\/s\/na83eHENAWcbpH7\" target=\"_blank\" rel=\"noreferrer noopener\">Exerc\u00edcio 2022<\/a>,&nbsp;<a href=\"https:\/\/drive.google.com\/file\/d\/1KECCbIEAMNFyZKN343z2dnv6yWjThF0j\/view?usp=sharing\" target=\"_blank\" rel=\"noreferrer noopener\">Exerc\u00edcio 2023<\/a>,&nbsp;<a href=\"https:\/\/drive.ufpb.br\/s\/NoiLKoNPoAPpSbJ\" target=\"_blank\" rel=\"noreferrer noopener\">Exerc\u00edcio 2024<\/a><\/strong>, <strong><a href=\"https:\/\/drive.ufpb.br\/s\/bM95mPAesBiyirK\" target=\"_blank\" rel=\"noreferrer noopener\">Exerc\u00edcio 2025<\/a><\/strong>.<\/p>\n\n\n\n<p><\/p>\n\n\n\n<p><strong>Orienta\u00e7\u00f5es Complementares:&nbsp;<a href=\"https:\/\/drive.ufpb.br\/s\/xLBwQ6HSyQwxzET\" target=\"_blank\" rel=\"noreferrer noopener\">Of\u00edcio n\u00ba 23\/2023\/SOF<\/a>.<\/strong><\/p>\n\n\n\n<p><\/p>\n","protected":false},"excerpt":{"rendered":"<p>Esta se\u00e7\u00e3o tem por finalidade dar transpar\u00eancia ao calend\u00e1rio anual das contrata\u00e7\u00f5es processadas no \u00e2mbito da SOF (UASG 153066), conforme portarias publicadas anualmente. &nbsp; Calend\u00e1rios Anual de Contrata\u00e7\u00f5es &#8211;\u00a0Exerc\u00edcio 2026. Hist\u00f3rico de Calend\u00e1rios Anuais de Contrata\u00e7\u00f5es:&nbsp;Exerc\u00edcio 2022,&nbsp;Exerc\u00edcio 2023,&nbsp;Exerc\u00edcio 2024, Exerc\u00edcio 2025. Orienta\u00e7\u00f5es Complementares:&nbsp;Of\u00edcio n\u00ba 23\/2023\/SOF.<\/p>\n","protected":false},"author":47,"featured_media":0,"parent":101,"menu_order":0,"comment_status":"closed","ping_status":"closed","template":"","meta":{"footnotes":""},"class_list":["post-28","page","type-page","status-publish","hentry"],"_links":{"self":[{"href":"https:\/\/www.ufpb.br\/sof\/wp-json\/wp\/v2\/pages\/28","targetHints":{"allow":["GET"]}}],"collection":[{"href":"https:\/\/www.ufpb.br\/sof\/wp-json\/wp\/v2\/pages"}],"about":[{"href":"https:\/\/www.ufpb.br\/sof\/wp-json\/wp\/v2\/types\/page"}],"author":[{"embeddable":true,"href":"https:\/\/www.ufpb.br\/sof\/wp-json\/wp\/v2\/users\/47"}],"replies":[{"embeddable":true,"href":"https:\/\/www.ufpb.br\/sof\/wp-json\/wp\/v2\/comments?post=28"}],"version-history":[{"count":4,"href":"https:\/\/www.ufpb.br\/sof\/wp-json\/wp\/v2\/pages\/28\/revisions"}],"predecessor-version":[{"id":276,"href":"https:\/\/www.ufpb.br\/sof\/wp-json\/wp\/v2\/pages\/28\/revisions\/276"}],"up":[{"embeddable":true,"href":"https:\/\/www.ufpb.br\/sof\/wp-json\/wp\/v2\/pages\/101"}],"wp:attachment":[{"href":"https:\/\/www.ufpb.br\/sof\/wp-json\/wp\/v2\/media?parent=28"}],"curies":[{"name":"wp","href":"https:\/\/api.w.org\/{rel}","templated":true}]}}