{"id":36,"date":"2025-04-28T19:24:32","date_gmt":"2025-04-28T22:24:32","guid":{"rendered":"https:\/\/www.ufpb.br\/sof\/?page_id=36"},"modified":"2025-04-28T21:03:00","modified_gmt":"2025-04-29T00:03:00","slug":"reserva-de-auditorio","status":"publish","type":"page","link":"https:\/\/www.ufpb.br\/sof\/servicos\/reserva-de-auditorio\/","title":{"rendered":"Reserva de Audit\u00f3rio"},"content":{"rendered":"\n<p><strong>Reservas agendadas para o Audit\u00f3rio das Superintend\u00eancias<\/strong><\/p>\n\n\n\n<iframe loading=\"lazy\" src=\"https:\/\/webmail.ufpb.br\/home\/cessao@sof.ufpb.br\/Calendar.html\" width=\"720\" height=\"700\" style=\"\"><\/iframe><\/p>\n\n\n\n<p><a href=\"https:\/\/forms.office.com\/pages\/responsepage.aspx?id=DQSIkWdsW0yxEjajBLZtrQAAAAAAAAAAAAYAACVnTNBUMFVVS0s4QjIxNFhLWU5ITjFRNEU4WFdGVC4u\" target=\"_blank\" rel=\"noreferrer noopener\">SOLICITA\u00c7\u00c3O DE RESERVA DO AUDIT\u00d3RIO LOCALIZADO NO PR\u00c9DIO DAS SUPERINTEND\u00caNCIAS.<\/a><\/p>\n\n\n\n<p><a href=\"https:\/\/forms.office.com\/pages\/responsepage.aspx?id=DQSIkWdsW0yxEjajBLZtrQAAAAAAAAAAAAYAACVnTNBUQjlWUkRMVFY1TUNVN1lRUjcxU09XODlTMC4u\" target=\"_blank\" rel=\"noreferrer noopener\">SOLICITA\u00c7\u00c3O DE CANCELAMENTO DO AUDIT\u00d3RIO LOCALIZADO NO PR\u00c9DIO DAS SUPERINTEND\u00caNCIAS.<\/a><\/p>\n","protected":false},"excerpt":{"rendered":"<p>Reservas agendadas para o Audit\u00f3rio das Superintend\u00eancias SOLICITA\u00c7\u00c3O DE RESERVA DO AUDIT\u00d3RIO LOCALIZADO NO PR\u00c9DIO DAS SUPERINTEND\u00caNCIAS. SOLICITA\u00c7\u00c3O DE CANCELAMENTO DO AUDIT\u00d3RIO LOCALIZADO NO PR\u00c9DIO DAS SUPERINTEND\u00caNCIAS.<\/p>\n","protected":false},"author":47,"featured_media":0,"parent":101,"menu_order":0,"comment_status":"closed","ping_status":"closed","template":"","meta":{"footnotes":""},"class_list":["post-36","page","type-page","status-publish","hentry"],"_links":{"self":[{"href":"https:\/\/www.ufpb.br\/sof\/wp-json\/wp\/v2\/pages\/36","targetHints":{"allow":["GET"]}}],"collection":[{"href":"https:\/\/www.ufpb.br\/sof\/wp-json\/wp\/v2\/pages"}],"about":[{"href":"https:\/\/www.ufpb.br\/sof\/wp-json\/wp\/v2\/types\/page"}],"author":[{"embeddable":true,"href":"https:\/\/www.ufpb.br\/sof\/wp-json\/wp\/v2\/users\/47"}],"replies":[{"embeddable":true,"href":"https:\/\/www.ufpb.br\/sof\/wp-json\/wp\/v2\/comments?post=36"}],"version-history":[{"count":5,"href":"https:\/\/www.ufpb.br\/sof\/wp-json\/wp\/v2\/pages\/36\/revisions"}],"predecessor-version":[{"id":42,"href":"https:\/\/www.ufpb.br\/sof\/wp-json\/wp\/v2\/pages\/36\/revisions\/42"}],"up":[{"embeddable":true,"href":"https:\/\/www.ufpb.br\/sof\/wp-json\/wp\/v2\/pages\/101"}],"wp:attachment":[{"href":"https:\/\/www.ufpb.br\/sof\/wp-json\/wp\/v2\/media?parent=36"}],"curies":[{"name":"wp","href":"https:\/\/api.w.org\/{rel}","templated":true}]}}