{"id":43,"date":"2025-04-28T19:27:24","date_gmt":"2025-04-28T22:27:24","guid":{"rendered":"https:\/\/www.ufpb.br\/sof\/?page_id=43"},"modified":"2025-04-28T21:27:48","modified_gmt":"2025-04-29T00:27:48","slug":"legislacao","status":"publish","type":"page","link":"https:\/\/www.ufpb.br\/sof\/servicos\/legislacao\/","title":{"rendered":"Legisla\u00e7\u00e3o"},"content":{"rendered":"\n<h1 class=\"wp-block-heading has-medium-font-size\"><a href=\"http:\/\/www.planalto.gov.br\/ccivil_03\/leis\/l8666cons.htm\">Lei n\u00ba 8.666\/1993<\/a><\/h1>\n\n\n\n<p>Regulamenta o art. 37, inciso XXI, da Constitui\u00e7\u00e3o Federal, institui normas para licita\u00e7\u00f5es e contratos da Administra\u00e7\u00e3o P\u00fablica e d\u00e1 outras provid\u00eancias.<\/p>\n\n\n\n<h2 class=\"wp-block-heading\"><a href=\"http:\/\/plone.ufpb.br\/sof\/contents\/menu\/servicos\/legislacao\/lei-no-10-520-de-17-de-julho-de-2002\">Lei n\u00ba 10.520\/2002<\/a><\/h2>\n\n\n\n<p>Institui, no \u00e2mbito da Uni\u00e3o, Estados, Distrito Federal e Munic\u00edpios, nos termos do art. 37, inciso XXI, da Constitui\u00e7\u00e3o Federal, modalidade de licita\u00e7\u00e3o denominada preg\u00e3o, para aquisi\u00e7\u00e3o de bens e servi\u00e7os comuns, e d\u00e1 outras provid\u00eancias.<\/p>\n\n\n\n<h2 class=\"wp-block-heading\"><a href=\"http:\/\/plone.ufpb.br\/sof\/contents\/menu\/servicos\/legislacao\/lei-no-12-462-de-4-de-agosto-de-2011\">Lei n\u00ba 12.462\/2011<\/a><\/h2>\n\n\n\n<p>Institui o Regime Diferenciado de Contrata\u00e7\u00f5es P\u00fablicas &#8211; RDC<\/p>\n\n\n\n<h2 class=\"wp-block-heading\"><a href=\"http:\/\/plone.ufpb.br\/sof\/contents\/menu\/servicos\/legislacao\/lei-complementar-ndeg-123-de-14-de-dezembro-de-2006-e-suas-alteracoes-posteriores\">Lei Complementar n\u00b0 123\/2006<\/a><\/h2>\n\n\n\n<p>Institui o Estatuto Nacional da Microempresa e da Empresa de Pequeno Porte; altera dispositivos das Leis no 8.212 e 8.213, ambas de 24 de julho de 1991, da Consolida\u00e7\u00e3o das Leis do Trabalho &#8211; CLT, aprovada pelo Decreto-Lei no 5.452, de 1o de maio de 1943, da Lei no 10.189, de 14 de fevereiro de 2001, da Lei Complementar no 63, de 11 de janeiro de 1990; e revoga as Leis no 9.317, de 5 de dezembro de 1996, e 9.841, de 5 de outubro de 1999.<\/p>\n\n\n\n<h2 class=\"wp-block-heading\"><a href=\"http:\/\/plone.ufpb.br\/sof\/contents\/menu\/servicos\/legislacao\/decreto-no-10-024-de-20-de-setembro-de-2019\">Decreto n\u00ba 10.024\/2019<\/a><\/h2>\n\n\n\n<p>Regulamenta a licita\u00e7\u00e3o, na modalidade preg\u00e3o, na forma eletr\u00f4nica, para a aquisi\u00e7\u00e3o de bens e a contrata\u00e7\u00e3o de servi\u00e7os comuns, inclu\u00eddos os servi\u00e7os comuns de engenharia, e disp\u00f5e sobre o uso da dispensa eletr\u00f4nica, no \u00e2mbito da administra\u00e7\u00e3o p\u00fablica federal.<\/p>\n\n\n\n<h2 class=\"wp-block-heading\"><a href=\"http:\/\/plone.ufpb.br\/sof\/contents\/menu\/servicos\/legislacao\/decreto-no-7-581-de-11-de-outubro-de-2011\">Decreto n\u00ba 7.581\/2011<\/a><\/h2>\n\n\n\n<p>Regulamenta o Regime Diferenciado de Contrata\u00e7\u00f5es P\u00fablicas &#8211; RDC, de que trata a Lei n\u00ba 12.462, de 4 de agosto de 2011<\/p>\n\n\n\n<h2 class=\"wp-block-heading\"><a href=\"http:\/\/plone.ufpb.br\/sof\/contents\/menu\/servicos\/legislacao\/decreto-no-7-746-de-5-de-junho-de-2012\">DECRETO N\u00ba 7.746, DE 5 DE JUNHO DE 2012<\/a><\/h2>\n\n\n\n<p>Regulamenta o art. 3\u00ba da Lei n\u00ba 8.666, de 21 de junho de 1993, para estabelecer crit\u00e9rios e pr\u00e1ticas para a promo\u00e7\u00e3o do desenvolvimento nacional sustent\u00e1vel nas contrata\u00e7\u00f5es realizadas pela administra\u00e7\u00e3o p\u00fablica federal direta, aut\u00e1rquica e fundacional e pelas empresas estatais dependentes, e institui a Comiss\u00e3o Interministerial de Sustentabilidade na Administra\u00e7\u00e3o P\u00fablica &#8211; CISAP. (Reda\u00e7\u00e3o dada pelo Decreto n\u00ba 9.178, de 2017)<\/p>\n\n\n\n<h2 class=\"wp-block-heading\"><a href=\"http:\/\/plone.ufpb.br\/sof\/contents\/menu\/servicos\/legislacao\/decreto-no-9-507-de-21-de-setembro-de-2018\">DECRETO N\u00ba 9.507, DE 21 DE SETEMBRO DE 2018<\/a><\/h2>\n\n\n\n<p>Disp\u00f5e sobre a execu\u00e7\u00e3o indireta, mediante contrata\u00e7\u00e3o, de servi\u00e7os da administra\u00e7\u00e3o p\u00fablica federal direta, aut\u00e1rquica e fundacional e das empresas p\u00fablicas e das sociedades de economia mista controladas pela Uni\u00e3o.<\/p>\n\n\n\n<h2 class=\"wp-block-heading\"><a href=\"http:\/\/plone.ufpb.br\/sof\/contents\/menu\/servicos\/legislacao\/instrucao-normativa-slti-mpog-no-01-de-19-de-janeiro-de-2010\">INSTRU\u00c7\u00c3O NORMATIVA SLTI\/MPOG N\u00ba 01, DE 19 de JANEIRO DE 2010<\/a><\/h2>\n\n\n\n<p>Disp\u00f5e sobre os crit\u00e9rios de sustentabilidade ambiental na aquisi\u00e7\u00e3o de bens, contrata\u00e7\u00e3o de servi\u00e7os ou obras pela Administra\u00e7\u00e3o P\u00fablica Federal direta, aut\u00e1rquica e fundacional e d\u00e1 outras provid\u00eancias.<\/p>\n\n\n\n<h2 class=\"wp-block-heading\"><a href=\"http:\/\/plone.ufpb.br\/sof\/contents\/menu\/servicos\/legislacao\/instrucao-normativa-no-5-de-27-de-junho-de-2014\">INSTRU\u00c7\u00c3O NORMATIVA N\u00ba 5, DE 27 DE JUNHO DE 2014<\/a><\/h2>\n\n\n\n<p>Disp\u00f5e sobre os procedimentos administrativos b\u00e1sicos para a realiza\u00e7\u00e3o de pesquisa de pre\u00e7os para a aquisi\u00e7\u00e3o de bens e contrata\u00e7\u00e3o de servi\u00e7os em geral<\/p>\n\n\n\n<h2 class=\"wp-block-heading\"><a href=\"http:\/\/plone.ufpb.br\/sof\/contents\/menu\/servicos\/legislacao\/instrucao-normativa-no-3-de-26-de-abril-de-2018\">INSTRU\u00c7\u00c3O NORMATIVA N\u00ba 3, DE 26 DE ABRIL DE 2018<\/a><\/h2>\n\n\n\n<p>Estabelece regras de funcionamento do Sistema de Cadastramento Unificado de Fornecedores \u2013 Sicaf, no \u00e2mbito do Poder Executivo Federal.<\/p>\n\n\n\n<h2 class=\"wp-block-heading\"><a href=\"http:\/\/plone.ufpb.br\/sof\/contents\/menu\/servicos\/legislacao\/instrucao-normativa-no-6-de-6-de-julho-de-2018\">INSTRU\u00c7\u00c3O NORMATIVA N\u00ba 6, DE 6 DE JULHO DE 2018<\/a><\/h2>\n\n\n\n<p>Disp\u00f5e sobre cl\u00e1usulas assecurat\u00f3rias de direitos trabalhistas quando da execu\u00e7\u00e3o indireta de obras p\u00fablicas, no \u00e2mbito da Administra\u00e7\u00e3o P\u00fablica federal direta, aut\u00e1rquica e fundacional.<\/p>\n\n\n\n<h2 class=\"wp-block-heading\"><a href=\"http:\/\/plone.ufpb.br\/sof\/contents\/menu\/servicos\/legislacao\/instrucao-normativa-no-1-de-4-de-abril-de-2019\">INSTRU\u00c7\u00c3O NORMATIVA N\u00ba 1, DE 4 DE ABRIL DE 2019<\/a><\/h2>\n\n\n\n<p>Disp\u00f5e sobre o processo de contrata\u00e7\u00e3o de solu\u00e7\u00f5es de TIC pelos \u00f3rg\u00e3os e entidades integrantes do Sistema de Administra\u00e7\u00e3o dos Recursos de Tecnologia da Informa\u00e7\u00e3o &#8211; SISP do Poder Executivo Federal.<\/p>\n\n\n\n<h2 class=\"wp-block-heading\"><a href=\"http:\/\/plone.ufpb.br\/sof\/contents\/menu\/servicos\/legislacao\/instrucao-normativa-sof-ufpb-no-1-de-10-de-maio-de-2023\">Instru\u00e7\u00e3o Normativa SOF\/UFPB n\u00ba 1, de 10 de maio de 2023.<\/a><\/h2>\n\n\n\n<p>Disp\u00f5e sobre os crit\u00e9rios e procedimentos para a emiss\u00e3o de atestados de capacidade t\u00e9cnica no \u00e2mbito da Superintend\u00eancia de Or\u00e7amento e Finan\u00e7as da Universidade Federal da Para\u00edba \u2013 SOF\/UFPB \u2013 UASG 153066.<\/p>\n\n\n\n<h2 class=\"wp-block-heading\"><a href=\"http:\/\/plone.ufpb.br\/sof\/contents\/menu\/servicos\/legislacao\/portaria-ufpb-no-640-de-15-de-julho-de-2021\">Portaria UFPB n\u00ba 640 de 15 de Julho de 2021<\/a><\/h2>\n\n\n\n<p>Disp\u00f5e sobre os procedimentos a serem adotados no acompanhamento e fiscaliza\u00e7\u00e3o de execu\u00e7\u00e3o dos contratos de servi\u00e7os, obras e aquisi\u00e7\u00f5es em geral firmados no \u00e2mbito da UFPB .<\/p>\n\n\n\n<h2 class=\"wp-block-heading\"><a href=\"http:\/\/plone.ufpb.br\/sof\/contents\/menu\/servicos\/legislacao\/portaria-no-094-de-18-de-agosto-de-2023\">PORTARIA N\u00ba 094, DE 18 DE AGOSTO DE 2023<\/a><\/h2>\n\n\n\n<p>Disp\u00f5e sobre a delega\u00e7\u00e3o de compet\u00eancia para designar agentes p\u00fablicos para o desempenho das fun\u00e7\u00f5es essenciais \u00e0 execu\u00e7\u00e3o da Lei de licita\u00e7\u00f5es e contratos.<\/p>\n\n\n\n<h2 class=\"wp-block-heading\"><a href=\"http:\/\/plone.ufpb.br\/sof\/contents\/menu\/servicos\/legislacao\/instrucao-normativa-seges-mgi-no-176-de-25-de-novembro-de-2024\">INSTRU\u00c7\u00c3O NORMATIVA SEGES\/MGI N\u00ba 176, DE 25 DE NOVEMBRO DE 2024<\/a><\/h2>\n\n\n\n<p>Disp\u00f5e sobre as regras e os procedimentos para ado\u00e7\u00e3o dos custos m\u00ednimos a serem observados nos valores de remunera\u00e7\u00e3o, incluindo sal\u00e1rio-base e adicionais, aux\u00edlio-alimenta\u00e7\u00e3o e outros benef\u00edcios como mecanismo de fortalecimento das garantias trabalhistas em contratos de presta\u00e7\u00e3o de servi\u00e7os cont\u00ednuos com regime de dedica\u00e7\u00e3o exclusiva de m\u00e3o de obra no \u00e2mbito da administra\u00e7\u00e3o p\u00fablica federal direta, aut\u00e1rquica e fundacional, nos termos do art. 5\u00ba do Decreto n\u00ba 12.174, de 11 de setembro de 2024.<\/p>\n","protected":false},"excerpt":{"rendered":"<p>Lei n\u00ba 8.666\/1993 Regulamenta o art. 37, inciso XXI, da Constitui\u00e7\u00e3o Federal, institui normas para licita\u00e7\u00f5es e contratos da Administra\u00e7\u00e3o P\u00fablica e d\u00e1 outras provid\u00eancias. Lei n\u00ba 10.520\/2002 Institui, no \u00e2mbito da Uni\u00e3o, Estados, Distrito Federal e Munic\u00edpios, nos termos do art. 37, inciso XXI, da Constitui\u00e7\u00e3o Federal, modalidade de licita\u00e7\u00e3o denominada preg\u00e3o, para aquisi\u00e7\u00e3o [&hellip;]<\/p>\n","protected":false},"author":47,"featured_media":0,"parent":101,"menu_order":0,"comment_status":"closed","ping_status":"closed","template":"","meta":{"footnotes":""},"class_list":["post-43","page","type-page","status-publish","hentry"],"_links":{"self":[{"href":"https:\/\/www.ufpb.br\/sof\/wp-json\/wp\/v2\/pages\/43","targetHints":{"allow":["GET"]}}],"collection":[{"href":"https:\/\/www.ufpb.br\/sof\/wp-json\/wp\/v2\/pages"}],"about":[{"href":"https:\/\/www.ufpb.br\/sof\/wp-json\/wp\/v2\/types\/page"}],"author":[{"embeddable":true,"href":"https:\/\/www.ufpb.br\/sof\/wp-json\/wp\/v2\/users\/47"}],"replies":[{"embeddable":true,"href":"https:\/\/www.ufpb.br\/sof\/wp-json\/wp\/v2\/comments?post=43"}],"version-history":[{"count":2,"href":"https:\/\/www.ufpb.br\/sof\/wp-json\/wp\/v2\/pages\/43\/revisions"}],"predecessor-version":[{"id":116,"href":"https:\/\/www.ufpb.br\/sof\/wp-json\/wp\/v2\/pages\/43\/revisions\/116"}],"up":[{"embeddable":true,"href":"https:\/\/www.ufpb.br\/sof\/wp-json\/wp\/v2\/pages\/101"}],"wp:attachment":[{"href":"https:\/\/www.ufpb.br\/sof\/wp-json\/wp\/v2\/media?parent=43"}],"curies":[{"name":"wp","href":"https:\/\/api.w.org\/{rel}","templated":true}]}}