{"id":47,"date":"2025-04-28T19:28:30","date_gmt":"2025-04-28T22:28:30","guid":{"rendered":"https:\/\/www.ufpb.br\/sof\/?page_id=47"},"modified":"2026-02-24T10:51:11","modified_gmt":"2026-02-24T13:51:11","slug":"receitas-e-despesas","status":"publish","type":"page","link":"https:\/\/www.ufpb.br\/sof\/transparencia\/receitas-e-despesas\/","title":{"rendered":"Receitas e Despesas"},"content":{"rendered":"\n<p>Nesta se\u00e7\u00e3o est\u00e3o dispon\u00edveis informa\u00e7\u00f5es sobre a execu\u00e7\u00e3o or\u00e7ament\u00e1ria e financeira detalhada da Superintend\u00eancia de Or\u00e7amento e Finan\u00e7as (SOF), conforme orienta\u00e7\u00f5es do&nbsp;Guia de Transpar\u00eancia Ativa (GTA) para os&nbsp;\u00f3rg\u00e3os e entidades do Poder Executivo Federal.<br><br><\/p>\n\n\n\n<h3 class=\"wp-block-heading\">Despesas<\/h3>\n\n\n\n<figure class=\"wp-block-table\"><table class=\"has-fixed-layout\"><tbody><tr><td class=\"has-text-align-center\" data-align=\"center\"><strong>Exerc\u00edcio&nbsp;<\/strong><\/td><td class=\"has-text-align-center\" data-align=\"center\"><strong>Valor Total Empenhado<\/strong> (R$)<\/td><td class=\"has-text-align-center\" data-align=\"center\"><strong>Valor Total Liquidado<\/strong> <br>(R$)<\/td><td class=\"has-text-align-center\" data-align=\"center\"><strong>Valor Total Pago<\/strong><br>(R$)<\/td><td class=\"has-text-align-center\" data-align=\"center\"><strong>Total inscrito em<br>Restos a Pagar<\/strong><br>(R$)<\/td><td class=\"has-text-align-center\" data-align=\"center\"><strong>Detalhamento<\/strong><\/td><\/tr><tr><td class=\"has-text-align-center\" data-align=\"center\">2019<\/td><td class=\"has-text-align-center\" data-align=\"center\">87.155.248,39<\/td><td class=\"has-text-align-center\" data-align=\"center\">59.767.590,96<\/td><td class=\"has-text-align-center\" data-align=\"center\">57.787.129,12<\/td><td class=\"has-text-align-center\" data-align=\"center\">29.368.119,27<\/td><td class=\"has-text-align-center\" data-align=\"center\"><strong><em><a href=\"http:\/\/www.portaltransparencia.gov.br\/despesas\/orgao?paginacaoSimples=true&amp;tamanhoPagina=&amp;offset=&amp;direcaoOrdenacao=asc&amp;de=01%2F01%2F2019&amp;ate=31%2F12%2F2019&amp;orgaos=UG153066&amp;colunasSelecionadas=linkDetalhamento%2CmesAno%2CorgaoSuperior%2CorgaoVinculado%2CvalorDespesaEmpenhada%2CvalorDespesaLiquidada%2CvalorDespesaPaga%2CvalorRestoPago%2CunidadeGestora&amp;ordenarPor=orgaoSuperior&amp;direcao=asc\" target=\"_blank\" rel=\"noreferrer noopener\">Clique aqui<\/a><\/em><\/strong><\/td><\/tr><tr><td class=\"has-text-align-center\" data-align=\"center\">2020<\/td><td class=\"has-text-align-center\" data-align=\"center\">77.405.213,25<\/td><td class=\"has-text-align-center\" data-align=\"center\">45.180.664,18<\/td><td class=\"has-text-align-center\" data-align=\"center\">42.711.402,43<\/td><td class=\"has-text-align-center\" data-align=\"center\">34.693.810,82<\/td><td class=\"has-text-align-center\" data-align=\"center\"><strong><em><a href=\"http:\/\/www.portaltransparencia.gov.br\/despesas\/orgao?paginacaoSimples=true&amp;tamanhoPagina=&amp;offset=&amp;direcaoOrdenacao=asc&amp;de=01%2F01%2F2020&amp;ate=31%2F12%2F2020&amp;orgaos=UG153066&amp;colunasSelecionadas=linkDetalhamento%2CmesAno%2CorgaoSuperior%2CorgaoVinculado%2CvalorDespesaEmpenhada%2CvalorDespesaLiquidada%2CvalorDespesaPaga%2CvalorRestoPago%2CunidadeGestora\" target=\"_blank\" rel=\"noreferrer noopener\">Clique aqui<\/a><\/em><\/strong><\/td><\/tr><tr><td class=\"has-text-align-center\" data-align=\"center\">2021<\/td><td class=\"has-text-align-center\" data-align=\"center\">55.201.271,90<\/td><td class=\"has-text-align-center\" data-align=\"center\">34.798.796,78<\/td><td class=\"has-text-align-center\" data-align=\"center\">34.798.796,78<\/td><td class=\"has-text-align-center\" data-align=\"center\">20.378.047,50<\/td><td class=\"has-text-align-center\" data-align=\"center\"><strong><em><a href=\"http:\/\/www.portaltransparencia.gov.br\/despesas\/orgao?paginacaoSimples=true&amp;tamanhoPagina=&amp;offset=&amp;direcaoOrdenacao=asc&amp;de=01%2F01%2F2021&amp;ate=31%2F12%2F2021&amp;orgaos=UG153066&amp;colunasSelecionadas=linkDetalhamento%2CmesAno%2CorgaoSuperior%2CorgaoVinculado%2CvalorDespesaEmpenhada%2CvalorDespesaLiquidada%2CvalorDespesaPaga%2CvalorRestoPago%2CunidadeGestora\" target=\"_blank\" rel=\"noreferrer noopener\">Clique aqui<\/a><\/em><\/strong><\/td><\/tr><tr><td class=\"has-text-align-center\" data-align=\"center\">2022<\/td><td class=\"has-text-align-center\" data-align=\"center\">78.657.251,33<\/td><td class=\"has-text-align-center\" data-align=\"center\">48.491.414,91<\/td><td class=\"has-text-align-center\" data-align=\"center\">45.549.331,61<\/td><td class=\"has-text-align-center\" data-align=\"center\">32.223.242,92<\/td><td class=\"has-text-align-center\" data-align=\"center\"><strong><em><a href=\"http:\/\/www.portaltransparencia.gov.br\/despesas\/orgao?paginacaoSimples=true&amp;tamanhoPagina=&amp;offset=&amp;direcaoOrdenacao=asc&amp;de=01%2F01%2F2022&amp;ate=31%2F12%2F2022&amp;orgaos=UG153066&amp;colunasSelecionadas=linkDetalhamento%2CmesAno%2CorgaoSuperior%2CorgaoVinculado%2CvalorDespesaEmpenhada%2CvalorDespesaLiquidada%2CvalorDespesaPaga%2CvalorRestoPago%2CunidadeGestora\" target=\"_blank\" rel=\"noreferrer noopener\">Clique aqui<\/a><\/em><\/strong><\/td><\/tr><tr><td class=\"has-text-align-center\" data-align=\"center\">2023<\/td><td class=\"has-text-align-center\" data-align=\"center\">101.426.823,68<\/td><td class=\"has-text-align-center\" data-align=\"center\">50.845.560,15<\/td><td class=\"has-text-align-center\" data-align=\"center\">49.416.759,60<\/td><td class=\"has-text-align-center\" data-align=\"center\">51.924.216,04<\/td><td class=\"has-text-align-center\" data-align=\"center\"><strong><em><a href=\"https:\/\/portaldatransparencia.gov.br\/despesas\/orgao?paginacaoSimples=true&amp;tamanhoPagina=&amp;offset=&amp;direcaoOrdenacao=asc&amp;de=01%2F01%2F2023&amp;ate=31%2F12%2F2023&amp;orgaos=UG153066&amp;colunasSelecionadas=linkDetalhamento%2CmesAno%2CorgaoSuperior%2CorgaoVinculado%2CvalorDespesaEmpenhada%2CvalorDespesaLiquidada%2CvalorDespesaPaga%2CvalorRestoPago%2CunidadeGestora\" target=\"_blank\" rel=\"noreferrer noopener\">Clique aqui<\/a><\/em><\/strong><\/td><\/tr><tr><td class=\"has-text-align-center\" data-align=\"center\">2024<\/td><td class=\"has-text-align-center\" data-align=\"center\">86.783.185,25<\/td><td class=\"has-text-align-center\" data-align=\"center\">59.045.554,92<\/td><td class=\"has-text-align-center\" data-align=\"center\">56.955.293,76<\/td><td class=\"has-text-align-center\" data-align=\"center\">29.804.661,03<\/td><td class=\"has-text-align-center\" data-align=\"center\"><strong><em><a href=\"https:\/\/portaldatransparencia.gov.br\/despesas\/orgao?paginacaoSimples=true&amp;tamanhoPagina=&amp;offset=&amp;direcaoOrdenacao=asc&amp;de=01%2F01%2F2024&amp;ate=31%2F12%2F2024&amp;orgaos=UG153066&amp;colunasSelecionadas=linkDetalhamento%2CmesAno%2CorgaoSuperior%2CorgaoVinculado%2CvalorDespesaEmpenhada%2CvalorDespesaLiquidada%2CvalorDespesaPaga%2CvalorRestoPago%2CunidadeGestora\" target=\"_blank\" rel=\"noreferrer noopener\">Clique aqui<\/a><\/em><\/strong><\/td><\/tr><tr><td class=\"has-text-align-center\" data-align=\"center\">2025<\/td><td class=\"has-text-align-center\" data-align=\"center\">102.533.270,49<\/td><td class=\"has-text-align-center\" data-align=\"center\">63.102.157,16<\/td><td class=\"has-text-align-center\" data-align=\"center\">61.327.161,28<\/td><td class=\"has-text-align-center\" data-align=\"center\">41.206.109,21<\/td><td class=\"has-text-align-center\" data-align=\"center\"><strong><em><a href=\"https:\/\/portaldatransparencia.gov.br\/despesas\/orgao?paginacaoSimples=true&amp;tamanhoPagina=&amp;offset=&amp;direcaoOrdenacao=asc&amp;de=01%2F01%2F2025&amp;ate=31%2F12%2F2025&amp;orgaos=UG153066&amp;colunasSelecionadas=linkDetalhamento%2CmesAno%2CorgaoSuperior%2CorgaoVinculado%2CvalorDespesaEmpenhada%2CvalorDespesaLiquidada%2CvalorDespesaPaga%2CvalorRestoPago%2CunidadeGestora\" target=\"_blank\" rel=\"noreferrer noopener\">Clique aqui<\/a><\/em><\/strong><\/td><\/tr><\/tbody><\/table><\/figure>\n\n\n\n<p>Nota 1: Os valores consolidados estar\u00e3o dispon\u00edveis apenas ao final do exerc\u00edcio. Caso deseje visualizar a execu\u00e7\u00e3o mensal acesse o&nbsp;<em>link<\/em>&nbsp;que consta na coluna &#8220;detalhamento&#8221;.&nbsp;<\/p>\n\n\n\n<p>Nota 2: Os valores acima foram extra\u00eddos integralmente do Portal da Transpar\u00eancia, prevalecendo este \u00faltimo em caso de diverg\u00eancias.<\/p>\n\n\n\n<p>Nota 3: Os valores dos restos a pagar inscritos s\u00e3o a soma das contas 622920105, 622920106 e 622920107 extra\u00eddas do balancete cont\u00e1bil.<\/p>\n\n\n\n<h3 class=\"wp-block-heading\">Receitas<\/h3>\n\n\n\n<p>Os recursos utilizados pela SOF adv\u00eam do or\u00e7amento da\u00a0Universidade Federal da Para\u00edba (UFPB). Para consultar as receitas da UFPB clique no exerc\u00edcio de interesse:\u00a0<strong><a href=\"http:\/\/www.portaltransparencia.gov.br\/receitas\/consulta?paginacaoSimples=true&amp;tamanhoPagina=&amp;offset=&amp;direcaoOrdenacao=asc&amp;de=2015&amp;ate=2015&amp;orgaos=OR26240&amp;colunasSelecionadas=ano%2CorgaoSuperior%2Corgao%2CunidadeGestora%2Ccategoria%2Corigem%2Cespecie%2Cdetalhamento%2CvalorPrevistoAtualizado%2CvalorRealizado%2CpercentualRealizado%2CvalorLancado\" target=\"_blank\" rel=\"noreferrer noopener\">2015<\/a>,\u00a0<a href=\"http:\/\/www.portaltransparencia.gov.br\/receitas\/consulta?paginacaoSimples=true&amp;tamanhoPagina=&amp;offset=&amp;direcaoOrdenacao=asc&amp;de=2016&amp;ate=2016&amp;orgaos=OR26240&amp;colunasSelecionadas=ano%2CorgaoSuperior%2Corgao%2CunidadeGestora%2Ccategoria%2Corigem%2Cespecie%2Cdetalhamento%2CvalorPrevistoAtualizado%2CvalorRealizado%2CpercentualRealizado%2CvalorLancado\" target=\"_blank\" rel=\"noreferrer noopener\">2016<\/a>,\u00a0<a href=\"http:\/\/www.portaltransparencia.gov.br\/receitas\/consulta?paginacaoSimples=true&amp;tamanhoPagina=&amp;offset=&amp;direcaoOrdenacao=asc&amp;de=2017&amp;ate=2017&amp;orgaos=OR26240&amp;colunasSelecionadas=ano%2CorgaoSuperior%2Corgao%2CunidadeGestora%2Ccategoria%2Corigem%2Cespecie%2Cdetalhamento%2CvalorPrevistoAtualizado%2CvalorRealizado%2CpercentualRealizado%2CvalorLancado\" target=\"_blank\" rel=\"noreferrer noopener\">2017<\/a>,\u00a0<a href=\"http:\/\/www.portaltransparencia.gov.br\/receitas\/consulta?paginacaoSimples=true&amp;tamanhoPagina=&amp;offset=&amp;direcaoOrdenacao=asc&amp;de=2018&amp;ate=2018&amp;orgaos=OR26240&amp;colunasSelecionadas=ano%2CorgaoSuperior%2Corgao%2CunidadeGestora%2Ccategoria%2Corigem%2Cespecie%2Cdetalhamento%2CvalorPrevistoAtualizado%2CvalorRealizado%2CpercentualRealizado%2CvalorLancado\" target=\"_blank\" rel=\"noreferrer noopener\">2018<\/a>,\u00a0<a href=\"http:\/\/www.portaltransparencia.gov.br\/receitas\/consulta?paginacaoSimples=true&amp;tamanhoPagina=&amp;offset=&amp;direcaoOrdenacao=asc&amp;de=2019&amp;ate=2019&amp;orgaos=OR26240&amp;colunasSelecionadas=ano%2CorgaoSuperior%2Corgao%2CunidadeGestora%2Ccategoria%2Corigem%2Cespecie%2Cdetalhamento%2CvalorPrevistoAtualizado%2CvalorRealizado%2CpercentualRealizado%2CvalorLancado\" target=\"_blank\" rel=\"noreferrer noopener\">2019<\/a>,\u00a0<a href=\"http:\/\/www.portaltransparencia.gov.br\/receitas\/consulta?paginacaoSimples=true&amp;tamanhoPagina=&amp;offset=&amp;direcaoOrdenacao=asc&amp;de=2020&amp;ate=2020&amp;orgaos=OR26240&amp;colunasSelecionadas=ano%2CorgaoSuperior%2Corgao%2CunidadeGestora%2Ccategoria%2Corigem%2Cespecie%2Cdetalhamento%2CvalorPrevistoAtualizado%2CvalorRealizado%2CpercentualRealizado%2CvalorLancado\" target=\"_blank\" rel=\"noreferrer noopener\">2020<\/a>,\u00a0<a href=\"http:\/\/www.portaltransparencia.gov.br\/receitas\/consulta?paginacaoSimples=true&amp;tamanhoPagina=&amp;offset=&amp;direcaoOrdenacao=asc&amp;de=2021&amp;ate=2021&amp;orgaos=OR26240&amp;colunasSelecionadas=ano%2CorgaoSuperior%2Corgao%2CunidadeGestora%2Ccategoria%2Corigem%2Cespecie%2Cdetalhamento%2CvalorPrevistoAtualizado%2CvalorRealizado%2CpercentualRealizado%2CvalorLancado\" target=\"_blank\" rel=\"noreferrer noopener\">2021<\/a>,\u00a0<a href=\"http:\/\/www.portaltransparencia.gov.br\/receitas\/consulta?paginacaoSimples=true&amp;tamanhoPagina=&amp;offset=&amp;direcaoOrdenacao=asc&amp;de=2022&amp;ate=2022&amp;orgaos=OR26240&amp;colunasSelecionadas=ano%2CorgaoSuperior%2Corgao%2CunidadeGestora%2Ccategoria%2Corigem%2Cespecie%2Cdetalhamento%2CvalorPrevistoAtualizado%2CvalorRealizado%2CpercentualRealizado%2CvalorLancado\" target=\"_blank\" rel=\"noreferrer noopener\">2022<\/a>,\u00a0<a href=\"https:\/\/portaldatransparencia.gov.br\/receitas\/consulta?paginacaoSimples=true&amp;tamanhoPagina=&amp;offset=&amp;direcaoOrdenacao=asc&amp;de=2023&amp;ate=2023&amp;orgaos=OR26240&amp;colunasSelecionadas=ano%2CorgaoSuperior%2Corgao%2CunidadeGestora%2Ccategoria%2Corigem%2Cespecie%2Cdetalhamento%2CvalorPrevistoAtualizado%2CvalorRealizado%2CpercentualRealizado%2CvalorLancado\" target=\"_blank\" rel=\"noreferrer noopener\">2023<\/a><strong>, <a href=\"https:\/\/portaldatransparencia.gov.br\/receitas\/consulta?paginacaoSimples=true&amp;tamanhoPagina=&amp;offset=&amp;direcaoOrdenacao=asc&amp;de=2024&amp;ate=2024&amp;orgaos=OR26240&amp;colunasSelecionadas=ano%2CorgaoSuperior%2Corgao%2CunidadeGestora%2Ccategoria%2Corigem%2Cespecie%2Cdetalhamento%2CvalorPrevistoAtualizado%2CvalorRealizado%2CpercentualRealizado%2CvalorLancado\" target=\"_blank\" rel=\"noreferrer noopener\">2024<\/a><\/strong> e <a href=\"https:\/\/portaldatransparencia.gov.br\/receitas\/consulta?paginacaoSimples=true&amp;tamanhoPagina=&amp;offset=&amp;direcaoOrdenacao=asc&amp;de=2025&amp;ate=2025&amp;orgaos=OR26240&amp;colunasSelecionadas=ano%2CorgaoSuperior%2Corgao%2CunidadeGestora%2Ccategoria%2Corigem%2Cespecie%2Cdetalhamento%2CvalorPrevistoAtualizado%2CvalorRealizado%2CpercentualRealizado%2CvalorLancado\" target=\"_blank\" rel=\"noreferrer noopener\">2025<\/a>.\u00a0<\/strong><\/p>\n\n\n\n<p><\/p>\n","protected":false},"excerpt":{"rendered":"<p>Nesta se\u00e7\u00e3o est\u00e3o dispon\u00edveis informa\u00e7\u00f5es sobre a execu\u00e7\u00e3o or\u00e7ament\u00e1ria e financeira detalhada da Superintend\u00eancia de Or\u00e7amento e Finan\u00e7as (SOF), conforme orienta\u00e7\u00f5es do&nbsp;Guia de Transpar\u00eancia Ativa (GTA) para os&nbsp;\u00f3rg\u00e3os e entidades do Poder Executivo Federal. Despesas Exerc\u00edcio&nbsp; Valor Total Empenhado (R$) Valor Total Liquidado (R$) Valor Total Pago(R$) Total inscrito emRestos a Pagar(R$) Detalhamento 2019 87.155.248,39 [&hellip;]<\/p>\n","protected":false},"author":47,"featured_media":0,"parent":103,"menu_order":0,"comment_status":"closed","ping_status":"closed","template":"","meta":{"footnotes":""},"class_list":["post-47","page","type-page","status-publish","hentry"],"_links":{"self":[{"href":"https:\/\/www.ufpb.br\/sof\/wp-json\/wp\/v2\/pages\/47","targetHints":{"allow":["GET"]}}],"collection":[{"href":"https:\/\/www.ufpb.br\/sof\/wp-json\/wp\/v2\/pages"}],"about":[{"href":"https:\/\/www.ufpb.br\/sof\/wp-json\/wp\/v2\/types\/page"}],"author":[{"embeddable":true,"href":"https:\/\/www.ufpb.br\/sof\/wp-json\/wp\/v2\/users\/47"}],"replies":[{"embeddable":true,"href":"https:\/\/www.ufpb.br\/sof\/wp-json\/wp\/v2\/comments?post=47"}],"version-history":[{"count":6,"href":"https:\/\/www.ufpb.br\/sof\/wp-json\/wp\/v2\/pages\/47\/revisions"}],"predecessor-version":[{"id":335,"href":"https:\/\/www.ufpb.br\/sof\/wp-json\/wp\/v2\/pages\/47\/revisions\/335"}],"up":[{"embeddable":true,"href":"https:\/\/www.ufpb.br\/sof\/wp-json\/wp\/v2\/pages\/103"}],"wp:attachment":[{"href":"https:\/\/www.ufpb.br\/sof\/wp-json\/wp\/v2\/media?parent=47"}],"curies":[{"name":"wp","href":"https:\/\/api.w.org\/{rel}","templated":true}]}}