{"id":49,"date":"2025-04-28T19:29:28","date_gmt":"2025-04-28T22:29:28","guid":{"rendered":"https:\/\/www.ufpb.br\/sof\/?page_id=49"},"modified":"2025-04-28T21:00:02","modified_gmt":"2025-04-29T00:00:02","slug":"servidores","status":"publish","type":"page","link":"https:\/\/www.ufpb.br\/sof\/transparencia\/servidores\/","title":{"rendered":"Servidores"},"content":{"rendered":"\n<h3 class=\"wp-block-heading\"><strong>Dados Abertos de Servidores<\/strong><\/h3>\n\n\n\n<p>Nesta se\u00e7\u00e3o est\u00e3o dispon\u00edveis informa\u00e7\u00f5es sobre os servidores lotados na Superintend\u00eancia de Or\u00e7amento e Finan\u00e7as (SOF), conforme orienta\u00e7\u00f5es do Guia de Transpar\u00eancia Ativa (GTA) para os \u00f3rg\u00e3os e entidades do Poder Executivo Federal.<\/p>\n\n\n\n<p class=\" \">Acesse a listagem de servidores da SOF nesta&nbsp;<strong><a href=\"https:\/\/sigrh.ufpb.br\/sigrh\/public\/home.jsf\" target=\"_blank\" rel=\"noreferrer noopener\">p\u00e1gina<\/a>.&nbsp;<\/strong>Para isto clique&nbsp;em&nbsp;<em>&#8220;Servidores (consulta de servidores da UFPB)&#8221;<\/em>, marque a caixa&nbsp;<em>&#8220;Unidade&#8221;<\/em>, selecione&nbsp;<em>&#8220;Superintend\u00eancia de Or\u00e7amento e Finan\u00e7as&#8221;<\/em>&nbsp;e, finalmente, clique em&nbsp;<em>&#8220;buscar&#8221;<\/em>.&nbsp;&nbsp;<\/p>\n\n\n\n<p>Para acessar informa\u00e7\u00f5es detalhadas a respeito das remunera\u00e7\u00f5es, lota\u00e7\u00f5es, cargos, gratifica\u00e7\u00f5es, regime jur\u00eddico, atos de nomea\u00e7\u00e3o, etc. dos servidores da SOF&nbsp;<strong><a href=\"http:\/\/www.portaltransparencia.gov.br\/servidores\/consulta?paginacaoSimples=true&amp;tamanhoPagina=&amp;offset=&amp;direcaoOrdenacao=asc&amp;colunasSelecionadas=detalhar%2Ctipo%2Ccpf%2Cnome%2CorgaoServidorExercicio%2CorgaoServidorLotacao%2Cmatricula%2CtipoVinculo%2Cfuncao&amp;orgaosServidorExercicio=OR26240\" target=\"_blank\" rel=\"noreferrer noopener\">clique aqui<\/a><\/strong>.&nbsp;<\/p>\n\n\n\n<h3 class=\"wp-block-heading\"><strong>Informa\u00e7\u00f5es sobre Concursos P\u00fablicos<\/strong><\/h3>\n\n\n\n<p>Informa\u00e7\u00f5es sobre concursos poder\u00e3o ser acessadas na p\u00e1gina da&nbsp;<strong><em><a href=\"http:\/\/www.progep.ufpb.br\/progep\/contents\/menu\/principal\/concursos\" target=\"_blank\" rel=\"noreferrer noopener\">Pr\u00f3-Reitoria de Gest\u00e3o de Pessoas (PROGEP)<\/a>.&nbsp;<\/em><\/strong>&nbsp;<\/p>\n","protected":false},"excerpt":{"rendered":"<p>Dados Abertos de Servidores Nesta se\u00e7\u00e3o est\u00e3o dispon\u00edveis informa\u00e7\u00f5es sobre os servidores lotados na Superintend\u00eancia de Or\u00e7amento e Finan\u00e7as (SOF), conforme orienta\u00e7\u00f5es do Guia de Transpar\u00eancia Ativa (GTA) para os \u00f3rg\u00e3os e entidades do Poder Executivo Federal. Acesse a listagem de servidores da SOF nesta&nbsp;p\u00e1gina.&nbsp;Para isto clique&nbsp;em&nbsp;&#8220;Servidores (consulta de servidores da UFPB)&#8221;, marque a caixa&nbsp;&#8220;Unidade&#8221;, [&hellip;]<\/p>\n","protected":false},"author":47,"featured_media":0,"parent":103,"menu_order":0,"comment_status":"closed","ping_status":"closed","template":"","meta":{"footnotes":""},"class_list":["post-49","page","type-page","status-publish","hentry"],"_links":{"self":[{"href":"https:\/\/www.ufpb.br\/sof\/wp-json\/wp\/v2\/pages\/49","targetHints":{"allow":["GET"]}}],"collection":[{"href":"https:\/\/www.ufpb.br\/sof\/wp-json\/wp\/v2\/pages"}],"about":[{"href":"https:\/\/www.ufpb.br\/sof\/wp-json\/wp\/v2\/types\/page"}],"author":[{"embeddable":true,"href":"https:\/\/www.ufpb.br\/sof\/wp-json\/wp\/v2\/users\/47"}],"replies":[{"embeddable":true,"href":"https:\/\/www.ufpb.br\/sof\/wp-json\/wp\/v2\/comments?post=49"}],"version-history":[{"count":1,"href":"https:\/\/www.ufpb.br\/sof\/wp-json\/wp\/v2\/pages\/49\/revisions"}],"predecessor-version":[{"id":50,"href":"https:\/\/www.ufpb.br\/sof\/wp-json\/wp\/v2\/pages\/49\/revisions\/50"}],"up":[{"embeddable":true,"href":"https:\/\/www.ufpb.br\/sof\/wp-json\/wp\/v2\/pages\/103"}],"wp:attachment":[{"href":"https:\/\/www.ufpb.br\/sof\/wp-json\/wp\/v2\/media?parent=49"}],"curies":[{"name":"wp","href":"https:\/\/api.w.org\/{rel}","templated":true}]}}