{"id":51,"date":"2025-04-28T19:29:55","date_gmt":"2025-04-28T22:29:55","guid":{"rendered":"https:\/\/www.ufpb.br\/sof\/?page_id=51"},"modified":"2025-04-28T21:00:12","modified_gmt":"2025-04-29T00:00:12","slug":"terceirizados","status":"publish","type":"page","link":"https:\/\/www.ufpb.br\/sof\/transparencia\/terceirizados\/","title":{"rendered":"Terceirizados"},"content":{"rendered":"\n<h3 class=\"wp-block-heading\">Dados Abertos de Empregados Terceirizados<\/h3>\n\n\n\n<p>As informa\u00e7\u00f5es referentes aos trabalhadores terceirizados (contratos que envolvam dedica\u00e7\u00e3o exclusiva de m\u00e3o de obra) poder\u00e3o ser obtidas junto \u00e0s superintend\u00eancias respons\u00e1veis pela gest\u00e3o e fiscaliza\u00e7\u00e3o da m\u00e3o de obra, conforme quadro abaixo:<\/p>\n\n\n\n<figure class=\"wp-block-table\"><table class=\"has-fixed-layout\"><tbody><tr><td><strong>Superintend\u00eancia<\/strong><\/td><td><strong>Portal<\/strong><\/td><td><strong>Telefone<\/strong><\/td><td><strong>Objetos Contratuais Geridos<br>(M\u00e3o de Obra Exclusiva)<\/strong><\/td><\/tr><tr><td>SUPERINTEND\u00caNCIA DE INFRAESTRUTURA<br><strong>SINFRA&nbsp;<\/strong>(RESOLU\u00c7\u00c3O N\u00ba 03\/2019)<\/td><td><strong><em><a href=\"https:\/\/www.ufpb.br\/sinfra\" target=\"_blank\" rel=\"noreferrer noopener\">Site<\/a><\/em><\/strong><\/td><td>83 3216 7871<strong><em><a href=\"https:\/\/www.ufpb.br\/sinfra\" target=\"_blank\" rel=\"noreferrer noopener\"><\/a><\/em><\/strong><\/td><td>Manuten\u00e7\u00e3o Predial<\/td><\/tr><tr><td>SUPERINTEND\u00caNCIA DE SERVI\u00c7OS GERAIS<br><strong>SSG&nbsp;<\/strong>(RESOLU\u00c7\u00c3O N\u00ba 39\/2018)<\/td><td><strong><em><a href=\"https:\/\/www.ufpb.br\/ssg\" target=\"_blank\" rel=\"noreferrer noopener\">Site<\/a><\/em><\/strong><\/td><td>83 3216-7256<strong><em><a href=\"https:\/\/www.ufpb.br\/ssg\" target=\"_blank\" rel=\"noreferrer noopener\"><\/a><\/em><\/strong><\/td><td>Limpeza, Apoio Administrativo e Int\u00e9rpretes de Libras<\/td><\/tr><tr><td>SUPERINTEND\u00caNCIA DE LOG\u00cdSTICA E TRANSPORTES<br><strong>SULT&nbsp;<\/strong>(RESOLU\u00c7\u00c3O N\u00ba 41\/2018)<\/td><td><strong><em><a href=\"https:\/\/www.ufpb.br\/sult\" target=\"_blank\" rel=\"noreferrer noopener\">Site<\/a><\/em><\/strong><\/td><td>83 3216-7258<strong><em><a href=\"https:\/\/www.ufpb.br\/sult\" target=\"_blank\" rel=\"noreferrer noopener\"><\/a><\/em><\/strong><\/td><td>Condu\u00e7\u00e3o de Ve\u00edculos<\/td><\/tr><tr><td>SUPERINTEND\u00caNCIA DE SEGURAN\u00c7A INSTITUCIONAL<br><strong>SSI&nbsp;<\/strong>(RESOLU\u00c7\u00c3O N\u00ba 40\/2018)<\/td><td><strong><em><a href=\"https:\/\/www.ufpb.br\/ssi\" target=\"_blank\" rel=\"noreferrer noopener\">Site<\/a><\/em><\/strong><\/td><td>83 3216-7120<strong><em><a href=\"https:\/\/www.ufpb.br\/ssi\" target=\"_blank\" rel=\"noreferrer noopener\"><\/a><\/em><\/strong><\/td><td>Vigil\u00e2ncia<\/td><\/tr><\/tbody><\/table><\/figure>\n\n\n\n<p>Em caso de d\u00favidas, cr\u00edtica e sugest\u00f5es, recomendamos o contato atrav\u00e9s dos e-mails de cada superintend\u00eancia, conforme disponibilizado nos respectivos s\u00edtios eletr\u00f4nicos e\/ou atrav\u00e9s dos telefones constantes no quadro acima.&nbsp;<\/p>\n\n\n\n<p><a href=\"http:\/\/plone.ufpb.br\/sof\/contents\/menu\/transparencia\/terceirizados#wrapper\">Voltar para o topo<\/a><\/p>\n","protected":false},"excerpt":{"rendered":"<p>Dados Abertos de Empregados Terceirizados As informa\u00e7\u00f5es referentes aos trabalhadores terceirizados (contratos que envolvam dedica\u00e7\u00e3o exclusiva de m\u00e3o de obra) poder\u00e3o ser obtidas junto \u00e0s superintend\u00eancias respons\u00e1veis pela gest\u00e3o e fiscaliza\u00e7\u00e3o da m\u00e3o de obra, conforme quadro abaixo: Superintend\u00eancia Portal Telefone Objetos Contratuais Geridos(M\u00e3o de Obra Exclusiva) SUPERINTEND\u00caNCIA DE INFRAESTRUTURASINFRA&nbsp;(RESOLU\u00c7\u00c3O N\u00ba 03\/2019) Site 83 3216 [&hellip;]<\/p>\n","protected":false},"author":47,"featured_media":0,"parent":103,"menu_order":0,"comment_status":"closed","ping_status":"closed","template":"","meta":{"footnotes":""},"class_list":["post-51","page","type-page","status-publish","hentry"],"_links":{"self":[{"href":"https:\/\/www.ufpb.br\/sof\/wp-json\/wp\/v2\/pages\/51","targetHints":{"allow":["GET"]}}],"collection":[{"href":"https:\/\/www.ufpb.br\/sof\/wp-json\/wp\/v2\/pages"}],"about":[{"href":"https:\/\/www.ufpb.br\/sof\/wp-json\/wp\/v2\/types\/page"}],"author":[{"embeddable":true,"href":"https:\/\/www.ufpb.br\/sof\/wp-json\/wp\/v2\/users\/47"}],"replies":[{"embeddable":true,"href":"https:\/\/www.ufpb.br\/sof\/wp-json\/wp\/v2\/comments?post=51"}],"version-history":[{"count":1,"href":"https:\/\/www.ufpb.br\/sof\/wp-json\/wp\/v2\/pages\/51\/revisions"}],"predecessor-version":[{"id":52,"href":"https:\/\/www.ufpb.br\/sof\/wp-json\/wp\/v2\/pages\/51\/revisions\/52"}],"up":[{"embeddable":true,"href":"https:\/\/www.ufpb.br\/sof\/wp-json\/wp\/v2\/pages\/103"}],"wp:attachment":[{"href":"https:\/\/www.ufpb.br\/sof\/wp-json\/wp\/v2\/media?parent=51"}],"curies":[{"name":"wp","href":"https:\/\/api.w.org\/{rel}","templated":true}]}}