{"id":53,"date":"2025-04-28T19:30:32","date_gmt":"2025-04-28T22:30:32","guid":{"rendered":"https:\/\/www.ufpb.br\/sof\/?page_id=53"},"modified":"2025-07-29T08:31:07","modified_gmt":"2025-07-29T11:31:07","slug":"contratacoes-publicas","status":"publish","type":"page","link":"https:\/\/www.ufpb.br\/sof\/transparencia\/contratacoes-publicas\/","title":{"rendered":"Contrata\u00e7\u00f5es P\u00fablicas"},"content":{"rendered":"\n<p>Nesta se\u00e7\u00e3o est\u00e3o dispon\u00edveis informa\u00e7\u00f5es sobre as licita\u00e7\u00f5es, contrata\u00e7\u00f5es diretas e contratos da SOF, conforme orienta\u00e7\u00f5es do&nbsp;Guia de Transpar\u00eancia Ativa (GTA) para os&nbsp;\u00f3rg\u00e3os e entidades do Poder Executivo Federal.<\/p>\n\n\n\n<figure class=\"wp-block-table\"><table class=\"has-fixed-layout\"><tbody><tr><td><em><strong>Planos Anuais de Contrata\u00e7\u00f5es<\/strong><\/em><br><br>Informa\u00e7\u00f5es a respeito dos Planos Anuais de Contrata\u00e7\u00f5es (PCA) disponibilizadas no Portal Nacional de Contrata\u00e7\u00f5es P\u00fablicas (PNCP) &#8211;<strong>&nbsp;<a href=\"https:\/\/pncp.gov.br\/app\/pca?q=ufpb&amp;pagina=1\" target=\"_blank\" rel=\"noreferrer noopener\">Clique aqui.<\/a><\/strong><\/td><\/tr><\/tbody><\/table><\/figure>\n\n\n\n<p><\/p>\n\n\n\n<p><\/p>\n\n\n\n<figure class=\"wp-block-table\"><table class=\"has-fixed-layout\"><tbody><tr><td><strong><em>Contratos<\/em><\/strong><br><br>Para visualizar informa\u00e7\u00f5es gerais sobre os contratos da SOF acesse o painel da p\u00e1gina&nbsp;<strong><a href=\"https:\/\/contratos.comprasnet.gov.br\/transparencia?orgao=26240&amp;unidade=153066\" target=\"_blank\" rel=\"noreferrer noopener\">Contratos 4.0<\/a>&nbsp;<\/strong>ou a consulta detalhada do<strong><a href=\"http:\/\/www.portaltransparencia.gov.br\/contratos\/consulta?paginacaoSimples=true&amp;tamanhoPagina=&amp;offset=&amp;direcaoOrdenacao=asc&amp;de=01%2F01%2F2016&amp;ate=31%2F12%2F2020&amp;orgaos=UG153066&amp;colunasSelecionadas=linkDetalhamento%2CdataAssinatura%2CdataPublicacaoDOU%2CdataInicioVigencia%2CdataFimVigencia%2CorgaoSuperior%2CorgaoEntidadeVinculada%2CunidadeGestora%2CformaContratacao%2CgrupoObjetoContratacao%2CnumeroContrato%2CnomeFornecedor%2CcpfCnpjFornecedor%2Csituacao%2CvalorContratado&amp;ordenarPor=dataFimVigencia&amp;direcao=desc\" target=\"_blank\" rel=\"noreferrer noopener\">Portal da Transpar\u00eancia.<\/a>&nbsp;<\/strong><br>D\u00favidas, sugest\u00f5es, elogios e cr\u00edticas poder\u00e3o ser encaminhadas para o<strong>&nbsp;e-mail:&nbsp;<a href=\"mailto:contratos@sof.ufpb.br\">contratos@sof.ufpb.br<\/a><\/strong>&nbsp;<\/td><\/tr><\/tbody><\/table><\/figure>\n\n\n\n<p><\/p>\n\n\n\n<p><\/p>\n\n\n\n<figure class=\"wp-block-table\"><table class=\"has-fixed-layout\"><tbody><tr><td><em><strong>Atas de Registro de Pre\u00e7os<\/strong>&nbsp;<\/em><br><br>Informa\u00e7\u00f5es a respeito das Atas de Registro de Pre\u00e7os (ARP) formalizadas &#8211;<strong>&nbsp;<a href=\"https:\/\/contratos.sistema.gov.br\/transparencia\/arp?palavra_chave=&amp;status=todos&amp;dataInicio=&amp;dataFim=&amp;numeroAta=&amp;anoAta=&amp;numeroCompra=&amp;anoCompra=&amp;modalidadeLicitacao%5B%5D=&amp;unidadesGerenciadoras%5B%5D=5760\" target=\"_blank\" rel=\"noreferrer noopener\">Clique aqui<\/a>.<\/strong><\/td><\/tr><\/tbody><\/table><\/figure>\n\n\n\n<p><\/p>\n\n\n\n<p><\/p>\n\n\n\n<figure class=\"wp-block-table\"><table class=\"has-fixed-layout\"><tbody><tr><td><strong><em>Licita\u00e7\u00f5es e Contrata\u00e7\u00f5es Diretas<\/em><\/strong><br><br><strong>Informa\u00e7\u00f5es sobre Licita\u00e7\u00f5es e Contrata\u00e7\u00f5es Diretas realizadas (Portal da Transpar\u00eancia) &#8211;&nbsp;<a href=\"http:\/\/www.portaltransparencia.gov.br\/licitacoes\/consulta?paginacaoSimples=true&amp;tamanhoPagina=&amp;offset=&amp;direcaoOrdenacao=asc&amp;de=01%2F01%2F2020&amp;ate=31%2F12%2F2020&amp;orgaos=UG153066&amp;colunasSelecionadas=detalhar%2CdataResultadoCompra%2CdataAbertura%2CorgaoSuperior%2CorgaoEntidadeVinculada%2CunidadeGestora%2Csituacao%2Cmodalidade%2CinstrumentoLegal%2CnumeroLicitacao%2Cobjeto\" target=\"_blank\" rel=\"noreferrer noopener\">Clique aqui<\/a>.<\/strong><br><strong>Hist\u00f3rico de Preg\u00f5es Eletr\u00f4nicos &#8211; Lei n\u00ba 10.520\/2002 (Portal de Compras) &#8211;<\/strong>&nbsp;<strong><a href=\"http:\/\/comprasnet.gov.br\/livre\/Pregao\/ata0.asp\" target=\"_blank\" rel=\"noreferrer noopener\">Clique aqui<\/a>.<\/strong><br><em>Para acessar a listagem geral de preg\u00f5es realizados, digite 153066 no campo &#8220;C\u00f3d. UASG&nbsp;(Unid. de Compra)&#8221;&nbsp; e, em seguida, clique em &#8220;ok&#8221;. A p\u00e1gina ser\u00e1 redirecionada para uma listagem geral com o hist\u00f3rico de preg\u00f5es eletr\u00f4nicos desta unidade.<\/em><br>&nbsp;<br><strong>RDCs agendados, em andamento e finalizados &#8211; Lei n\u00ba 12.462\/2011 (Portal de Compras) &#8211;<\/strong>&nbsp;<strong><a href=\"http:\/\/comprasnet.gov.br\/Livre\/RDC\/rdcEletronico.asp?aba=tabAgendadas\" target=\"_blank\" rel=\"noreferrer noopener\">Clique aqui<\/a>.<\/strong><br><em>Para acessar os RDCs desta unidade, clique na aba de interesse (ex.: em andamento), localize a UASG 153066&nbsp; e o n\u00famero do certame (ex. 008\/2020) e em seguida clique em &#8220;selecionar&#8221;.&nbsp; Ap\u00f3s o redirecionamento de p\u00e1gina, preencha o CAPTCHA e&nbsp; ser\u00e1 poss\u00edvel acessar com detalhes o certame.<\/em><br>&nbsp;<br><strong>&nbsp;Licita\u00e7\u00f5es e Contrata\u00e7\u00f5es Diretas &#8211; Lei n\u00ba 14.133\/2021 (Portal de Compras) &#8211;&nbsp;<a href=\"https:\/\/cnetmobile.estaleiro.serpro.gov.br\/comprasnet-web\/public\/compras\" target=\"_blank\" rel=\"noreferrer noopener\">Clique Aqui<\/a>.<\/strong><br><em>Para acessar a listagem geral de contrata\u00e7\u00f5es no \u00e2mbito da Lei n\u00ba 14.133\/2021, digite 153066 no campo &#8220;C\u00f3d. UASG&nbsp;(Unid. de Compra)&#8221; e, em seguida, clique em &#8220;ok&#8221;. A p\u00e1gina ser\u00e1 redirecionada para uma listagem geral com o hist\u00f3rico desta unidade.<\/em><br>&nbsp;<br>No caso das&nbsp;<strong>licita\u00e7\u00f5es dispens\u00e1veis e inexig\u00edveis,&nbsp;<\/strong>regidas respectivamente pelos arts. 24 e 25 da Lei n\u00ba 8.666\/1993, sendo as dispensas eletr\u00f4nicas, por sua vez, processadas conforme disposto no art. 51 do Decreto n\u00ba 10.024\/2019,&nbsp; \u00e9 poss\u00edvel aos interessados o acesso \u00e0s informa\u00e7\u00f5es p\u00fablicas&nbsp;<strong><a href=\"https:\/\/www.portaltransparencia.gov.br\/licitacoes\/consulta?paginacaoSimples=true&amp;tamanhoPagina=&amp;offset=&amp;direcaoOrdenacao=asc&amp;de=01%2F01%2F2021&amp;ate=31%2F12%2F2021&amp;orgaos=UG153066&amp;colunasSelecionadas=detalhar%2CdataResultadoCompra%2CdataAbertura%2CorgaoSuperior%2CorgaoEntidadeVinculada%2CunidadeGestora%2Csituacao%2Cmodalidade%2CinstrumentoLegal%2CnumeroLicitacao%2Cobjeto\" target=\"_blank\" rel=\"noreferrer noopener\">clicando nesta p\u00e1gina<\/a><\/strong>.&nbsp;&nbsp;&nbsp;<\/td><\/tr><\/tbody><\/table><\/figure>\n\n\n\n<p class=\" \"><\/p>\n\n\n\n<p><\/p>\n\n\n\n<figure class=\"wp-block-table\"><table class=\"has-fixed-layout\"><tbody><tr><td><em><strong>San\u00e7\u00f5es Administrativas<\/strong><\/em><br><br><strong>Detalhamento das San\u00e7\u00f5es Vigentes &#8211; Cadastro de Empresas Inid\u00f4neas e Suspensas (CEIS) &#8211;&nbsp;<a href=\"http:\/\/www.portaltransparencia.gov.br\/sancoes\/ceis?paginacaoSimples=true&amp;tamanhoPagina=&amp;offset=&amp;direcaoOrdenacao=asc&amp;orgaos=200102285&amp;colunasSelecionadas=linkDetalhamento%2CcpfCnpj%2Cnome%2CufSancionado%2Corgao%2CtipoSancao%2CdataPublicacao%2Cquantidade\" target=\"_blank\" rel=\"noreferrer noopener\">Clique aqui<\/a><\/strong><\/td><\/tr><\/tbody><\/table><\/figure>\n\n\n\n<p><\/p>\n\n\n\n<p><\/p>\n\n\n\n<figure class=\"wp-block-table\"><table class=\"has-fixed-layout\"><tbody><tr><td><em><strong>Relat\u00f3rio de Risco das Contrata\u00e7\u00f5es<\/strong><\/em><br><br>Esta se\u00e7\u00e3o tem por finalidade dar transpar\u00eancia ao Relat\u00f3rio de Risco das contrata\u00e7\u00f5es processadas no \u00e2mbito da SOF (UASG 153066), conforme determina\u00e7\u00e3o do Decreto n.\u00ba 10.947\/2022.&nbsp;&#8211;<strong>&nbsp;<a href=\"https:\/\/drive.google.com\/file\/d\/1d2qXv2XN-qJwwSLuk6igD_1hS12GT4hp\/view?usp=sharing\" target=\"_blank\" rel=\"noreferrer noopener\">Clique aqui<\/a>.<\/strong><br><br><em><strong>Relat\u00f3rio de Riscos das N\u00c3O Contrata\u00e7\u00f5es<\/strong><\/em><br>Relat\u00f3rio de gest\u00e3o de riscos do Plano de Contrata\u00e7\u00f5es Anual &#8211; PCA, conforme Decreto no 10.947, de 25 de janeiro de 2022, &#8211; <a href=\"https:\/\/drive.google.com\/file\/d\/111TU9Qd_tGAGUy8z7oeK_NMk_4JUbNVh\/view?usp=sharing\" target=\"_blank\" rel=\"noreferrer noopener\">Clique aqui<\/a>.<\/td><\/tr><\/tbody><\/table><\/figure>\n\n\n\n<p><\/p>\n","protected":false},"excerpt":{"rendered":"<p>Nesta se\u00e7\u00e3o est\u00e3o dispon\u00edveis informa\u00e7\u00f5es sobre as licita\u00e7\u00f5es, contrata\u00e7\u00f5es diretas e contratos da SOF, conforme orienta\u00e7\u00f5es do&nbsp;Guia de Transpar\u00eancia Ativa (GTA) para os&nbsp;\u00f3rg\u00e3os e entidades do Poder Executivo Federal. Planos Anuais de Contrata\u00e7\u00f5es Informa\u00e7\u00f5es a respeito dos Planos Anuais de Contrata\u00e7\u00f5es (PCA) disponibilizadas no Portal Nacional de Contrata\u00e7\u00f5es P\u00fablicas (PNCP) &#8211;&nbsp;Clique aqui. Contratos Para visualizar [&hellip;]<\/p>\n","protected":false},"author":47,"featured_media":0,"parent":103,"menu_order":0,"comment_status":"closed","ping_status":"closed","template":"","meta":{"footnotes":""},"class_list":["post-53","page","type-page","status-publish","hentry"],"_links":{"self":[{"href":"https:\/\/www.ufpb.br\/sof\/wp-json\/wp\/v2\/pages\/53","targetHints":{"allow":["GET"]}}],"collection":[{"href":"https:\/\/www.ufpb.br\/sof\/wp-json\/wp\/v2\/pages"}],"about":[{"href":"https:\/\/www.ufpb.br\/sof\/wp-json\/wp\/v2\/types\/page"}],"author":[{"embeddable":true,"href":"https:\/\/www.ufpb.br\/sof\/wp-json\/wp\/v2\/users\/47"}],"replies":[{"embeddable":true,"href":"https:\/\/www.ufpb.br\/sof\/wp-json\/wp\/v2\/comments?post=53"}],"version-history":[{"count":6,"href":"https:\/\/www.ufpb.br\/sof\/wp-json\/wp\/v2\/pages\/53\/revisions"}],"predecessor-version":[{"id":172,"href":"https:\/\/www.ufpb.br\/sof\/wp-json\/wp\/v2\/pages\/53\/revisions\/172"}],"up":[{"embeddable":true,"href":"https:\/\/www.ufpb.br\/sof\/wp-json\/wp\/v2\/pages\/103"}],"wp:attachment":[{"href":"https:\/\/www.ufpb.br\/sof\/wp-json\/wp\/v2\/media?parent=53"}],"curies":[{"name":"wp","href":"https:\/\/api.w.org\/{rel}","templated":true}]}}