{"id":55,"date":"2025-04-28T19:31:15","date_gmt":"2025-04-28T22:31:15","guid":{"rendered":"https:\/\/www.ufpb.br\/sof\/?page_id=55"},"modified":"2025-04-28T21:00:31","modified_gmt":"2025-04-29T00:00:31","slug":"emendas-rp9","status":"publish","type":"page","link":"https:\/\/www.ufpb.br\/sof\/transparencia\/emendas-rp9\/","title":{"rendered":"Emendas RP9"},"content":{"rendered":"\n<p>Despesas com Recursos de Emendas de Relator-Geral RP 9<\/p>\n\n\n\n<p>Nesta se\u00e7\u00e3o est\u00e3o dispon\u00edveis informa\u00e7\u00f5es sobre empenho, liquida\u00e7\u00e3o e pagamento de despesas classificadas sob o indicados or\u00e7ament\u00e1rio&nbsp;<strong>RP 9<\/strong>, nos exerc\u00edcios financeiros de 2020 a 2024, considerando repercuss\u00e3o do Acord\u00e3o&nbsp; proferido pelo Plen\u00e1rio do Supremo Tribunal Federal nas ADPFs n\u00ba 850, 851 e 1.014 e o Parecer de For\u00e7a Execut\u00f3ria n\u00ba 00142\/2022\/SGCT\/AGU (SEI n\u00ba 3945796), bem como o Of\u00edcio-Circular n\u00ba 35\/2023\/GAB\/SPO\/SPO-MEC.&nbsp;<\/p>\n\n\n\n<ul class=\"wp-block-list\">\n<li><a href=\"https:\/\/drive.ufpb.br\/s\/YWMCP5Wz3CBPfWk\" target=\"_blank\" rel=\"noreferrer noopener\">Extrato do Termo de Execu\u00e7\u00e3o Descentralizada (TED) n\u00ba 9415\/2020<\/a><\/li>\n\n\n\n<li><a href=\"https:\/\/drive.ufpb.br\/s\/zf6Fq8Q2Kd4dD6e\" target=\"_blank\" rel=\"noreferrer noopener\">Nota de Empenho 2020NE800408<\/a><\/li>\n\n\n\n<li><a href=\"https:\/\/drive.ufpb.br\/s\/wP2dg3fZeRdcbER\" target=\"_blank\" rel=\"noreferrer noopener\">Execu\u00e7\u00e3o de Empenhos RP 9<\/a><\/li>\n<\/ul>\n","protected":false},"excerpt":{"rendered":"<p>Despesas com Recursos de Emendas de Relator-Geral RP 9 Nesta se\u00e7\u00e3o est\u00e3o dispon\u00edveis informa\u00e7\u00f5es sobre empenho, liquida\u00e7\u00e3o e pagamento de despesas classificadas sob o indicados or\u00e7ament\u00e1rio&nbsp;RP 9, nos exerc\u00edcios financeiros de 2020 a 2024, considerando repercuss\u00e3o do Acord\u00e3o&nbsp; proferido pelo Plen\u00e1rio do Supremo Tribunal Federal nas ADPFs n\u00ba 850, 851 e 1.014 e o Parecer [&hellip;]<\/p>\n","protected":false},"author":47,"featured_media":0,"parent":103,"menu_order":0,"comment_status":"closed","ping_status":"closed","template":"","meta":{"footnotes":""},"class_list":["post-55","page","type-page","status-publish","hentry"],"_links":{"self":[{"href":"https:\/\/www.ufpb.br\/sof\/wp-json\/wp\/v2\/pages\/55","targetHints":{"allow":["GET"]}}],"collection":[{"href":"https:\/\/www.ufpb.br\/sof\/wp-json\/wp\/v2\/pages"}],"about":[{"href":"https:\/\/www.ufpb.br\/sof\/wp-json\/wp\/v2\/types\/page"}],"author":[{"embeddable":true,"href":"https:\/\/www.ufpb.br\/sof\/wp-json\/wp\/v2\/users\/47"}],"replies":[{"embeddable":true,"href":"https:\/\/www.ufpb.br\/sof\/wp-json\/wp\/v2\/comments?post=55"}],"version-history":[{"count":1,"href":"https:\/\/www.ufpb.br\/sof\/wp-json\/wp\/v2\/pages\/55\/revisions"}],"predecessor-version":[{"id":56,"href":"https:\/\/www.ufpb.br\/sof\/wp-json\/wp\/v2\/pages\/55\/revisions\/56"}],"up":[{"embeddable":true,"href":"https:\/\/www.ufpb.br\/sof\/wp-json\/wp\/v2\/pages\/103"}],"wp:attachment":[{"href":"https:\/\/www.ufpb.br\/sof\/wp-json\/wp\/v2\/media?parent=55"}],"curies":[{"name":"wp","href":"https:\/\/api.w.org\/{rel}","templated":true}]}}