{"id":58,"date":"2025-04-28T19:32:11","date_gmt":"2025-04-28T22:32:11","guid":{"rendered":"https:\/\/www.ufpb.br\/sof\/?page_id=58"},"modified":"2026-03-03T14:57:35","modified_gmt":"2026-03-03T17:57:35","slug":"ordem-cronologica-de-pagamentos","status":"publish","type":"page","link":"https:\/\/www.ufpb.br\/sof\/transparencia\/ordem-cronologica-de-pagamentos\/","title":{"rendered":"Ordem Cronol\u00f3gica de Pagamentos"},"content":{"rendered":"\n<ul class=\"wp-block-list\">\n<li><a href=\"https:\/\/docs.google.com\/spreadsheets\/d\/16Hiardno65kfgH6sM82WCTkC_aAz6k731TCSmRwfZ9Y\/edit?usp=sharing\" target=\"_blank\" rel=\"noreferrer noopener\">Ordem Cronol\u00f3gica de Pagamentos &#8211; UG 153066 &#8211; 2017 &#8211; Por m\u00eas de Liquida\u00e7\u00e3o e por Fonte<\/a><\/li>\n\n\n\n<li><a href=\"https:\/\/docs.google.com\/spreadsheets\/d\/1ZrosSYj1GvZEcjBnNkKOeGPFu6iQDtwtcygM7ZOWYPo\/edit?usp=sharing\" target=\"_blank\" rel=\"noreferrer noopener\">Ordem Cronol\u00f3gica de Pagamentos &#8211; UG 153066 &#8211; 2018 &#8211; Por m\u00eas de Liquida\u00e7\u00e3o e por Fonte<\/a><\/li>\n\n\n\n<li><a href=\"http:\/\/docs.google.com\/spreadsheets\/d\/1aD3n5pdw6DZAJTBIonSVDYcRw8WMIQrw3K10ZNVPaVM\/edit?usp=sharing\" target=\"_blank\" rel=\"noreferrer noopener\">Ordem Cronol\u00f3gica de Pagamentos &#8211; UG 153066 &#8211; 2019 &#8211; Por m\u00eas de Liquida\u00e7\u00e3o e por Fonte<\/a><\/li>\n\n\n\n<li><a href=\"https:\/\/docs.google.com\/spreadsheets\/d\/1mXkERXvHCFbtwhWQbXSbh9QVwzilmBMXXRWe_ywDV64\/edit?usp=sharing\" target=\"_blank\" rel=\"noreferrer noopener\">Ordem Cronol\u00f3gica de Pagamentos &#8211; UG 153066 &#8211; 2020 &#8211; Por m\u00eas de Liquida\u00e7\u00e3o e por Fonte<\/a><\/li>\n\n\n\n<li><a href=\"https:\/\/docs.google.com\/spreadsheets\/d\/1Go1SbXpsNhEhywAJrnIY1W6qMDP_Uv9fruvos-ZlMqY\/edit?usp=sharing\" target=\"_blank\" rel=\"noreferrer noopener\">Ordem Cronol\u00f3gica de Pagamentos &#8211; UG 153066 &#8211; 2021 &#8211; Por m\u00eas de Liquida\u00e7\u00e3o e por Fonte<\/a><\/li>\n\n\n\n<li><a href=\"https:\/\/docs.google.com\/spreadsheets\/d\/1USlbrhGtQj-QAvICzm_v0IvKNwqH10r941X_DVNZdBY\/edit?usp=sharing\" target=\"_blank\" rel=\"noreferrer noopener\">Ordem Cronol\u00f3gica de Pagamentos &#8211; UG 153066 &#8211; 2022 &#8211; Por m\u00eas de Liquida\u00e7\u00e3o e por Fonte<\/a><\/li>\n\n\n\n<li><a href=\"https:\/\/docs.google.com\/spreadsheets\/d\/1ktcMPHVp_OmkcOTFWNgvCAP0ZnXfQdrU2zqY3kW9JsM\/edit?usp=sharing\" target=\"_blank\" rel=\"noreferrer noopener\">Ordem Cronol\u00f3gica de Pagamentos &#8211; UG 153066 &#8211; 2023 &#8211; Por m\u00eas de Liquida\u00e7\u00e3o e por Fonte<\/a><\/li>\n\n\n\n<li><a href=\"https:\/\/docs.google.com\/spreadsheets\/d\/1VdxaPdfSK4PjPWi-G9AqgpxIDJtBlIgX8Qj3bOKLPxM\/edit?usp=sharing\" target=\"_blank\" rel=\"noreferrer noopener\">Ordem Cronol\u00f3gica de Pagamentos &#8211; UG 153066 &#8211; 2024 &#8211; Por m\u00eas de Liquida\u00e7\u00e3o e por Fonte<\/a><\/li>\n\n\n\n<li><a href=\"https:\/\/docs.google.com\/spreadsheets\/d\/197tl69XdVagxuw8wu1U54YvfYYpKrWvVs6I4G8WO8Mo\/edit?usp=sharing\" target=\"_blank\" rel=\"noreferrer noopener\">Ordem Cronol\u00f3gica de Pagamentos &#8211; UG 153066 &#8211; 2025 &#8211; Por m\u00eas de Liquida\u00e7\u00e3o e por Fonte<\/a><\/li>\n<\/ul>\n\n\n\n<p><a href=\"https:\/\/contratos.comprasnet.gov.br\/transparencia\/faturas?unidade=153066\" target=\"_blank\" rel=\"noreferrer noopener\">Ordem Cronol\u00f3gica &#8211; Instrumentos de cobran\u00e7a segundo a Lei 14.133\/2021<\/a><\/p>\n\n\n\n<p><\/p>\n","protected":false},"excerpt":{"rendered":"<p>Ordem Cronol\u00f3gica &#8211; Instrumentos de cobran\u00e7a segundo a Lei 14.133\/2021<\/p>\n","protected":false},"author":47,"featured_media":0,"parent":103,"menu_order":0,"comment_status":"closed","ping_status":"closed","template":"","meta":{"footnotes":""},"class_list":["post-58","page","type-page","status-publish","hentry"],"_links":{"self":[{"href":"https:\/\/www.ufpb.br\/sof\/wp-json\/wp\/v2\/pages\/58","targetHints":{"allow":["GET"]}}],"collection":[{"href":"https:\/\/www.ufpb.br\/sof\/wp-json\/wp\/v2\/pages"}],"about":[{"href":"https:\/\/www.ufpb.br\/sof\/wp-json\/wp\/v2\/types\/page"}],"author":[{"embeddable":true,"href":"https:\/\/www.ufpb.br\/sof\/wp-json\/wp\/v2\/users\/47"}],"replies":[{"embeddable":true,"href":"https:\/\/www.ufpb.br\/sof\/wp-json\/wp\/v2\/comments?post=58"}],"version-history":[{"count":6,"href":"https:\/\/www.ufpb.br\/sof\/wp-json\/wp\/v2\/pages\/58\/revisions"}],"predecessor-version":[{"id":340,"href":"https:\/\/www.ufpb.br\/sof\/wp-json\/wp\/v2\/pages\/58\/revisions\/340"}],"up":[{"embeddable":true,"href":"https:\/\/www.ufpb.br\/sof\/wp-json\/wp\/v2\/pages\/103"}],"wp:attachment":[{"href":"https:\/\/www.ufpb.br\/sof\/wp-json\/wp\/v2\/media?parent=58"}],"curies":[{"name":"wp","href":"https:\/\/api.w.org\/{rel}","templated":true}]}}