{"id":60,"date":"2025-04-28T19:32:36","date_gmt":"2025-04-28T22:32:36","guid":{"rendered":"https:\/\/www.ufpb.br\/sof\/?page_id=60"},"modified":"2026-01-21T20:43:22","modified_gmt":"2026-01-21T23:43:22","slug":"gestao-de-riscos","status":"publish","type":"page","link":"https:\/\/www.ufpb.br\/sof\/transparencia\/gestao-de-riscos\/","title":{"rendered":"Gest\u00e3o de Riscos"},"content":{"rendered":"\n<p>Considerando o disposto na Lei n\u00ba 14.133\/2021 (art. 11 e 12, VII), estes documentos visam disponibilizar o mapeamento e a descri\u00e7\u00e3o, assim como o tratamento realizado aos riscos inerentes da UG 153066 (Superintend\u00eancia de Or\u00e7amento e Finan\u00e7as).<\/p>\n\n\n\n<p><strong><a href=\"https:\/\/drive.ufpb.br\/s\/FDM5MedozGcLCxg\" target=\"_blank\" rel=\"noreferrer noopener\">Relat\u00f3rio de Risco da Execu\u00e7\u00e3o Or\u00e7ament\u00e1ria e Financeira<\/a><\/strong><\/p>\n\n\n\n<p><a href=\"http:\/\/www.ufpb.br\/sof\/wp-content\/uploads\/sites\/79\/sites\/297\/2026\/01\/Relatrio_de_Gesto_de_Riscos_do_Plano_de_Contrataes_Anual_do_PCA_2025_Novembr.pdf\" target=\"_blank\" rel=\"noreferrer noopener\"><strong>Relat\u00f3rio de Riscos do Plano de Contrata\u00e7\u00f5es Anual do PCA 2025<\/strong><\/a><\/p>\n\n\n\n<p><\/p>\n","protected":false},"excerpt":{"rendered":"<p>Considerando o disposto na Lei n\u00ba 14.133\/2021 (art. 11 e 12, VII), estes documentos visam disponibilizar o mapeamento e a descri\u00e7\u00e3o, assim como o tratamento realizado aos riscos inerentes da UG 153066 (Superintend\u00eancia de Or\u00e7amento e Finan\u00e7as). Relat\u00f3rio de Risco da Execu\u00e7\u00e3o Or\u00e7ament\u00e1ria e Financeira Relat\u00f3rio de Riscos do Plano de Contrata\u00e7\u00f5es Anual do PCA [&hellip;]<\/p>\n","protected":false},"author":47,"featured_media":0,"parent":103,"menu_order":0,"comment_status":"closed","ping_status":"closed","template":"","meta":{"footnotes":""},"class_list":["post-60","page","type-page","status-publish","hentry"],"_links":{"self":[{"href":"https:\/\/www.ufpb.br\/sof\/wp-json\/wp\/v2\/pages\/60","targetHints":{"allow":["GET"]}}],"collection":[{"href":"https:\/\/www.ufpb.br\/sof\/wp-json\/wp\/v2\/pages"}],"about":[{"href":"https:\/\/www.ufpb.br\/sof\/wp-json\/wp\/v2\/types\/page"}],"author":[{"embeddable":true,"href":"https:\/\/www.ufpb.br\/sof\/wp-json\/wp\/v2\/users\/47"}],"replies":[{"embeddable":true,"href":"https:\/\/www.ufpb.br\/sof\/wp-json\/wp\/v2\/comments?post=60"}],"version-history":[{"count":4,"href":"https:\/\/www.ufpb.br\/sof\/wp-json\/wp\/v2\/pages\/60\/revisions"}],"predecessor-version":[{"id":299,"href":"https:\/\/www.ufpb.br\/sof\/wp-json\/wp\/v2\/pages\/60\/revisions\/299"}],"up":[{"embeddable":true,"href":"https:\/\/www.ufpb.br\/sof\/wp-json\/wp\/v2\/pages\/103"}],"wp:attachment":[{"href":"https:\/\/www.ufpb.br\/sof\/wp-json\/wp\/v2\/media?parent=60"}],"curies":[{"name":"wp","href":"https:\/\/api.w.org\/{rel}","templated":true}]}}