{"id":62,"date":"2025-04-28T19:33:35","date_gmt":"2025-04-28T22:33:35","guid":{"rendered":"https:\/\/www.ufpb.br\/sof\/?page_id=62"},"modified":"2026-01-20T08:41:32","modified_gmt":"2026-01-20T11:41:32","slug":"relatorio-de-gestao","status":"publish","type":"page","link":"https:\/\/www.ufpb.br\/sof\/transparencia\/relatorio-de-gestao\/","title":{"rendered":"Relat\u00f3rio de Gest\u00e3o"},"content":{"rendered":"\n<p><a href=\"http:\/\/www.ufpb.br\/sof\/wp-content\/uploads\/sites\/79\/sites\/297\/2026\/01\/Transparencia-Relatorio-de-Gestao-2025.pdf\" target=\"_blank\" rel=\"noreferrer noopener\">Relat\u00f3rio de Gest\u00e3o 2025<\/a><\/p>\n\n\n\n<p><a href=\"https:\/\/drive.ufpb.br\/s\/Hmps3x4AM4B3Kqn\" target=\"_blank\" rel=\"noreferrer noopener\">Relat\u00f3rio de Gest\u00e3o 2024<\/a><\/p>\n\n\n\n<p><\/p>\n","protected":false},"excerpt":{"rendered":"<p>Relat\u00f3rio de Gest\u00e3o 2025 Relat\u00f3rio de Gest\u00e3o 2024<\/p>\n","protected":false},"author":47,"featured_media":0,"parent":103,"menu_order":0,"comment_status":"closed","ping_status":"closed","template":"","meta":{"footnotes":""},"class_list":["post-62","page","type-page","status-publish","hentry"],"_links":{"self":[{"href":"https:\/\/www.ufpb.br\/sof\/wp-json\/wp\/v2\/pages\/62","targetHints":{"allow":["GET"]}}],"collection":[{"href":"https:\/\/www.ufpb.br\/sof\/wp-json\/wp\/v2\/pages"}],"about":[{"href":"https:\/\/www.ufpb.br\/sof\/wp-json\/wp\/v2\/types\/page"}],"author":[{"embeddable":true,"href":"https:\/\/www.ufpb.br\/sof\/wp-json\/wp\/v2\/users\/47"}],"replies":[{"embeddable":true,"href":"https:\/\/www.ufpb.br\/sof\/wp-json\/wp\/v2\/comments?post=62"}],"version-history":[{"count":3,"href":"https:\/\/www.ufpb.br\/sof\/wp-json\/wp\/v2\/pages\/62\/revisions"}],"predecessor-version":[{"id":293,"href":"https:\/\/www.ufpb.br\/sof\/wp-json\/wp\/v2\/pages\/62\/revisions\/293"}],"up":[{"embeddable":true,"href":"https:\/\/www.ufpb.br\/sof\/wp-json\/wp\/v2\/pages\/103"}],"wp:attachment":[{"href":"https:\/\/www.ufpb.br\/sof\/wp-json\/wp\/v2\/media?parent=62"}],"curies":[{"name":"wp","href":"https:\/\/api.w.org\/{rel}","templated":true}]}}