{"id":96,"date":"2025-04-28T20:53:33","date_gmt":"2025-04-28T23:53:33","guid":{"rendered":"https:\/\/www.ufpb.br\/sof\/?page_id=96"},"modified":"2025-04-28T21:32:54","modified_gmt":"2025-04-29T00:32:54","slug":"institucional","status":"publish","type":"page","link":"https:\/\/www.ufpb.br\/sof\/institucional\/","title":{"rendered":"Institucional"},"content":{"rendered":"\n<p><a href=\"https:\/\/www.ufpb.br\/sof\/wp-admin\/post.php?post=9&amp;action=edit\">Quem somos?<\/a><\/p>\n\n\n\n<p><a href=\"https:\/\/www.ufpb.br\/sof\/wp-admin\/post.php?post=16&amp;action=edit\">Secretaria<\/a><\/p>\n\n\n\n<p><a href=\"https:\/\/www.ufpb.br\/sof\/wp-admin\/post.php?post=20&amp;action=edit\">Ger\u00eancia de Administra\u00e7\u00e3o \u2013 GA<\/a><\/p>\n\n\n\n<p><a href=\"https:\/\/www.ufpb.br\/sof\/wp-admin\/post.php?post=24&amp;action=edit\">Coordena\u00e7\u00e3o de Aquisi\u00e7\u00f5es, Contrata\u00e7\u00f5es e Conformidade \u2013 CACC<\/a><\/p>\n\n\n\n<p><a href=\"https:\/\/www.ufpb.br\/sof\/wp-admin\/post.php?post=26&amp;action=edit\">Coordena\u00e7\u00e3o de Licita\u00e7\u00f5es e Contratos \u2013 CLC<\/a><\/p>\n\n\n\n<p><a href=\"https:\/\/www.ufpb.br\/sof\/wp-admin\/post.php?post=22&amp;action=edit\">Coordena\u00e7\u00e3o de Or\u00e7amento e Finan\u00e7as \u2013 COF<\/a><\/p>\n","protected":false},"excerpt":{"rendered":"<p>A SOF tem a seguinte estrutura administrativa:<\/p>\n<p>Superintendente;<br \/>\nSecretaria;<br \/>\nGer\u00eancia de Administra\u00e7\u00e3o \u2013 GA;<br \/>\nCoordena\u00e7\u00e3o de Or\u00e7amento e Finan\u00e7as \u2013 COF;<br \/>\nCoordena\u00e7\u00e3o de Aquisi\u00e7\u00f5es, Contrata\u00e7\u00f5es e Conformidade \u2013 CACC<br \/>\nCoordena\u00e7\u00e3o de Contratos e Licita\u00e7\u00f5es &#8211; CLC<\/p>\n","protected":false},"author":47,"featured_media":118,"parent":0,"menu_order":0,"comment_status":"closed","ping_status":"closed","template":"","meta":{"footnotes":""},"class_list":["post-96","page","type-page","status-publish","has-post-thumbnail","hentry"],"_links":{"self":[{"href":"https:\/\/www.ufpb.br\/sof\/wp-json\/wp\/v2\/pages\/96","targetHints":{"allow":["GET"]}}],"collection":[{"href":"https:\/\/www.ufpb.br\/sof\/wp-json\/wp\/v2\/pages"}],"about":[{"href":"https:\/\/www.ufpb.br\/sof\/wp-json\/wp\/v2\/types\/page"}],"author":[{"embeddable":true,"href":"https:\/\/www.ufpb.br\/sof\/wp-json\/wp\/v2\/users\/47"}],"replies":[{"embeddable":true,"href":"https:\/\/www.ufpb.br\/sof\/wp-json\/wp\/v2\/comments?post=96"}],"version-history":[{"count":3,"href":"https:\/\/www.ufpb.br\/sof\/wp-json\/wp\/v2\/pages\/96\/revisions"}],"predecessor-version":[{"id":117,"href":"https:\/\/www.ufpb.br\/sof\/wp-json\/wp\/v2\/pages\/96\/revisions\/117"}],"wp:featuredmedia":[{"embeddable":true,"href":"https:\/\/www.ufpb.br\/sof\/wp-json\/wp\/v2\/media\/118"}],"wp:attachment":[{"href":"https:\/\/www.ufpb.br\/sof\/wp-json\/wp\/v2\/media?parent=96"}],"curies":[{"name":"wp","href":"https:\/\/api.w.org\/{rel}","templated":true}]}}