{"id":13,"date":"2025-02-21T11:49:51","date_gmt":"2025-02-21T14:49:51","guid":{"rendered":"https:\/\/www.ufpb.br\/ssg\/?page_id=13"},"modified":"2026-03-27T21:22:26","modified_gmt":"2026-03-28T00:22:26","slug":"noticias","status":"publish","type":"page","link":"https:\/\/www.ufpb.br\/ssg\/noticias\/","title":{"rendered":"Gest\u00e3o humanizada em foco no CCHSA"},"content":{"rendered":"\n<p>O superintendente da SSG\/UFPB, Evandro Soares, esteve em Bananeiras para uma reuni\u00e3o com a diretora do CCHSA, Fabr\u00edcia Montenegro, com o objetivo de dialogar sobre pautas importantes relacionadas aos colaboradores terceirizados do Centro.<br>O encontro tamb\u00e9m foi marcado por um momento especial de integra\u00e7\u00e3o, reunindo todos os terceirizados para escuta, alinhamento e valoriza\u00e7\u00e3o do trabalho desempenhado por cada um.<br>A iniciativa refor\u00e7a o compromisso das professoras Terezinha e M\u00f4nica com uma gest\u00e3o humanizada, que prioriza o respeito, o bem-estar e a qualidade de vida no ambiente de trabalho.<br>Seguimos trabalhando por um espa\u00e7o mais justo, acolhedor e eficiente para todos.<\/p>\n\n\n\n<figure class=\"wp-block-image size-large\"><img loading=\"lazy\" decoding=\"async\" width=\"472\" height=\"1024\" src=\"https:\/\/www.ufpb.br\/ssg\/wp-content\/uploads\/sites\/79\/sites\/262\/2026\/03\/WhatsApp-Image-2026-03-27-at-16.42.24-1-472x1024.jpeg\" alt=\"\" class=\"wp-image-399\" srcset=\"https:\/\/www.ufpb.br\/ssg\/wp-content\/uploads\/sites\/79\/sites\/262\/2026\/03\/WhatsApp-Image-2026-03-27-at-16.42.24-1-472x1024.jpeg 472w, https:\/\/www.ufpb.br\/ssg\/wp-content\/uploads\/sites\/79\/sites\/262\/2026\/03\/WhatsApp-Image-2026-03-27-at-16.42.24-1-138x300.jpeg 138w, https:\/\/www.ufpb.br\/ssg\/wp-content\/uploads\/sites\/79\/sites\/262\/2026\/03\/WhatsApp-Image-2026-03-27-at-16.42.24-1-708x1536.jpeg 708w, https:\/\/www.ufpb.br\/ssg\/wp-content\/uploads\/sites\/79\/sites\/262\/2026\/03\/WhatsApp-Image-2026-03-27-at-16.42.24-1.jpeg 738w\" sizes=\"auto, (max-width: 472px) 100vw, 472px\" \/><\/figure>\n\n\n\n<figure class=\"wp-block-image size-large\"><img loading=\"lazy\" decoding=\"async\" width=\"768\" height=\"1024\" src=\"https:\/\/www.ufpb.br\/ssg\/wp-content\/uploads\/sites\/79\/sites\/262\/2026\/03\/WhatsApp-Image-2026-03-27-at-16.42.24-1-1-768x1024.jpeg\" alt=\"\" class=\"wp-image-400\" srcset=\"https:\/\/www.ufpb.br\/ssg\/wp-content\/uploads\/sites\/79\/sites\/262\/2026\/03\/WhatsApp-Image-2026-03-27-at-16.42.24-1-1-768x1024.jpeg 768w, https:\/\/www.ufpb.br\/ssg\/wp-content\/uploads\/sites\/79\/sites\/262\/2026\/03\/WhatsApp-Image-2026-03-27-at-16.42.24-1-1-225x300.jpeg 225w, https:\/\/www.ufpb.br\/ssg\/wp-content\/uploads\/sites\/79\/sites\/262\/2026\/03\/WhatsApp-Image-2026-03-27-at-16.42.24-1-1-1152x1536.jpeg 1152w, https:\/\/www.ufpb.br\/ssg\/wp-content\/uploads\/sites\/79\/sites\/262\/2026\/03\/WhatsApp-Image-2026-03-27-at-16.42.24-1-1.jpeg 1200w\" sizes=\"auto, (max-width: 768px) 100vw, 768px\" \/><\/figure>\n\n\n\n<figure class=\"wp-block-image size-large\"><img loading=\"lazy\" decoding=\"async\" width=\"1024\" height=\"768\" src=\"https:\/\/www.ufpb.br\/ssg\/wp-content\/uploads\/sites\/79\/sites\/262\/2026\/03\/WhatsApp-Image-2026-03-27-at-16.42.26-1-1024x768.jpeg\" alt=\"\" class=\"wp-image-395\" srcset=\"https:\/\/www.ufpb.br\/ssg\/wp-content\/uploads\/sites\/79\/sites\/262\/2026\/03\/WhatsApp-Image-2026-03-27-at-16.42.26-1-1024x768.jpeg 1024w, https:\/\/www.ufpb.br\/ssg\/wp-content\/uploads\/sites\/79\/sites\/262\/2026\/03\/WhatsApp-Image-2026-03-27-at-16.42.26-1-300x225.jpeg 300w, https:\/\/www.ufpb.br\/ssg\/wp-content\/uploads\/sites\/79\/sites\/262\/2026\/03\/WhatsApp-Image-2026-03-27-at-16.42.26-1-768x576.jpeg 768w, https:\/\/www.ufpb.br\/ssg\/wp-content\/uploads\/sites\/79\/sites\/262\/2026\/03\/WhatsApp-Image-2026-03-27-at-16.42.26-1-1536x1152.jpeg 1536w, https:\/\/www.ufpb.br\/ssg\/wp-content\/uploads\/sites\/79\/sites\/262\/2026\/03\/WhatsApp-Image-2026-03-27-at-16.42.26-1.jpeg 1600w\" sizes=\"auto, (max-width: 1024px) 100vw, 1024px\" \/><\/figure>\n\n\n\n<p><\/p>\n\n\n\n<figure class=\"wp-block-image size-large\"><img loading=\"lazy\" decoding=\"async\" width=\"1024\" height=\"768\" src=\"https:\/\/www.ufpb.br\/ssg\/wp-content\/uploads\/sites\/79\/sites\/262\/2026\/03\/WhatsApp-Image-2026-03-27-at-16.42.25-1024x768.jpeg\" alt=\"\" class=\"wp-image-396\" srcset=\"https:\/\/www.ufpb.br\/ssg\/wp-content\/uploads\/sites\/79\/sites\/262\/2026\/03\/WhatsApp-Image-2026-03-27-at-16.42.25-1024x768.jpeg 1024w, https:\/\/www.ufpb.br\/ssg\/wp-content\/uploads\/sites\/79\/sites\/262\/2026\/03\/WhatsApp-Image-2026-03-27-at-16.42.25-300x225.jpeg 300w, https:\/\/www.ufpb.br\/ssg\/wp-content\/uploads\/sites\/79\/sites\/262\/2026\/03\/WhatsApp-Image-2026-03-27-at-16.42.25-768x576.jpeg 768w, https:\/\/www.ufpb.br\/ssg\/wp-content\/uploads\/sites\/79\/sites\/262\/2026\/03\/WhatsApp-Image-2026-03-27-at-16.42.25-1536x1152.jpeg 1536w, https:\/\/www.ufpb.br\/ssg\/wp-content\/uploads\/sites\/79\/sites\/262\/2026\/03\/WhatsApp-Image-2026-03-27-at-16.42.25.jpeg 1600w\" sizes=\"auto, (max-width: 1024px) 100vw, 1024px\" \/><\/figure>\n\n\n\n<figure class=\"wp-block-image size-large\"><img loading=\"lazy\" decoding=\"async\" width=\"1024\" height=\"768\" src=\"http:\/\/www.ufpb.br\/ssg\/wp-content\/uploads\/sites\/79\/sites\/262\/2026\/03\/WhatsApp-Image-2026-03-27-at-16.42.25-1-1024x768.jpeg\" alt=\"\" class=\"wp-image-398\" srcset=\"https:\/\/www.ufpb.br\/ssg\/wp-content\/uploads\/sites\/79\/sites\/262\/2026\/03\/WhatsApp-Image-2026-03-27-at-16.42.25-1-1024x768.jpeg 1024w, https:\/\/www.ufpb.br\/ssg\/wp-content\/uploads\/sites\/79\/sites\/262\/2026\/03\/WhatsApp-Image-2026-03-27-at-16.42.25-1-300x225.jpeg 300w, https:\/\/www.ufpb.br\/ssg\/wp-content\/uploads\/sites\/79\/sites\/262\/2026\/03\/WhatsApp-Image-2026-03-27-at-16.42.25-1-768x576.jpeg 768w, https:\/\/www.ufpb.br\/ssg\/wp-content\/uploads\/sites\/79\/sites\/262\/2026\/03\/WhatsApp-Image-2026-03-27-at-16.42.25-1-1536x1152.jpeg 1536w, https:\/\/www.ufpb.br\/ssg\/wp-content\/uploads\/sites\/79\/sites\/262\/2026\/03\/WhatsApp-Image-2026-03-27-at-16.42.25-1.jpeg 1600w\" sizes=\"auto, (max-width: 1024px) 100vw, 1024px\" \/><\/figure>\n\n\n\n<p><\/p>\n","protected":false},"excerpt":{"rendered":"<p>O superintendente da SSG\/UFPB, Evandro Soares, esteve em Bananeiras para uma reuni\u00e3o com a diretora [&hellip;]<\/p>\n","protected":false},"author":47,"featured_media":0,"parent":0,"menu_order":0,"comment_status":"closed","ping_status":"closed","template":"","meta":{"footnotes":""},"class_list":["post-13","page","type-page","status-publish","hentry"],"_links":{"self":[{"href":"https:\/\/www.ufpb.br\/ssg\/wp-json\/wp\/v2\/pages\/13","targetHints":{"allow":["GET"]}}],"collection":[{"href":"https:\/\/www.ufpb.br\/ssg\/wp-json\/wp\/v2\/pages"}],"about":[{"href":"https:\/\/www.ufpb.br\/ssg\/wp-json\/wp\/v2\/types\/page"}],"author":[{"embeddable":true,"href":"https:\/\/www.ufpb.br\/ssg\/wp-json\/wp\/v2\/users\/47"}],"replies":[{"embeddable":true,"href":"https:\/\/www.ufpb.br\/ssg\/wp-json\/wp\/v2\/comments?post=13"}],"version-history":[{"count":4,"href":"https:\/\/www.ufpb.br\/ssg\/wp-json\/wp\/v2\/pages\/13\/revisions"}],"predecessor-version":[{"id":401,"href":"https:\/\/www.ufpb.br\/ssg\/wp-json\/wp\/v2\/pages\/13\/revisions\/401"}],"wp:attachment":[{"href":"https:\/\/www.ufpb.br\/ssg\/wp-json\/wp\/v2\/media?parent=13"}],"curies":[{"name":"wp","href":"https:\/\/api.w.org\/{rel}","templated":true}]}}