{"id":15,"date":"2025-02-21T11:50:06","date_gmt":"2025-02-21T14:50:06","guid":{"rendered":"https:\/\/www.ufpb.br\/ssg\/?page_id=15"},"modified":"2025-02-21T11:52:38","modified_gmt":"2025-02-21T14:52:38","slug":"contato","status":"publish","type":"page","link":"https:\/\/www.ufpb.br\/ssg\/contato\/","title":{"rendered":"Contato"},"content":{"rendered":"\n<p>Informa\u00e7\u00f5es de contato e hor\u00e1rio de atendimento<\/p>\n\n\n\n<p>A Superintend\u00eancia de Servi\u00e7os Gerais (SSG) est\u00e1 localizada no t\u00e9rreo do pr\u00e9dio &#8220;Prefeitura Universit\u00e1ria &#8211; PU&#8221; e funciona das 07:00 \u00e0s 16:00, de segunda \u00e0 sexta.<\/p>\n\n\n\n<p><strong>Telefones para contato:<\/strong><\/p>\n\n\n\n<p>Secretaria: (83) 3216-7256<\/p>\n\n\n\n<p>Ger\u00eancia de Almoxarifado e Ger\u00eancia de Servi\u00e7os Gerais:&nbsp;(83)&nbsp;3216-7315<\/p>\n\n\n\n<p>Ger\u00eancia de Conformidade e Ger\u00eancia de Acompanhamento de Servi\u00e7os:&nbsp;(83)&nbsp;3216-7790<\/p>\n\n\n\n<p><strong>Email para contato:<\/strong><\/p>\n\n\n\n<p>Secretaria:&nbsp;ssg@ssg.ufpb.br<\/p>\n\n\n\n<p>Ger\u00eancia de Conformidade:&nbsp;gc@ssg.ufpb.br<\/p>\n\n\n\n<p>Ger\u00eancia de Servi\u00e7os Gerais:&nbsp;gsg@ssg.ufpb.br<\/p>\n","protected":false},"excerpt":{"rendered":"<p>Informa\u00e7\u00f5es de contato e hor\u00e1rio de atendimento A Superintend\u00eancia de Servi\u00e7os Gerais (SSG) est\u00e1 localizada [&hellip;]<\/p>\n","protected":false},"author":47,"featured_media":0,"parent":0,"menu_order":0,"comment_status":"closed","ping_status":"closed","template":"","meta":{"footnotes":""},"class_list":["post-15","page","type-page","status-publish","hentry"],"_links":{"self":[{"href":"https:\/\/www.ufpb.br\/ssg\/wp-json\/wp\/v2\/pages\/15","targetHints":{"allow":["GET"]}}],"collection":[{"href":"https:\/\/www.ufpb.br\/ssg\/wp-json\/wp\/v2\/pages"}],"about":[{"href":"https:\/\/www.ufpb.br\/ssg\/wp-json\/wp\/v2\/types\/page"}],"author":[{"embeddable":true,"href":"https:\/\/www.ufpb.br\/ssg\/wp-json\/wp\/v2\/users\/47"}],"replies":[{"embeddable":true,"href":"https:\/\/www.ufpb.br\/ssg\/wp-json\/wp\/v2\/comments?post=15"}],"version-history":[{"count":2,"href":"https:\/\/www.ufpb.br\/ssg\/wp-json\/wp\/v2\/pages\/15\/revisions"}],"predecessor-version":[{"id":25,"href":"https:\/\/www.ufpb.br\/ssg\/wp-json\/wp\/v2\/pages\/15\/revisions\/25"}],"wp:attachment":[{"href":"https:\/\/www.ufpb.br\/ssg\/wp-json\/wp\/v2\/media?parent=15"}],"curies":[{"name":"wp","href":"https:\/\/api.w.org\/{rel}","templated":true}]}}