{"id":19,"date":"2025-02-21T11:50:59","date_gmt":"2025-02-21T14:50:59","guid":{"rendered":"https:\/\/www.ufpb.br\/ssg\/?page_id=19"},"modified":"2025-09-15T10:40:58","modified_gmt":"2025-09-15T13:40:58","slug":"contratos","status":"publish","type":"page","link":"https:\/\/www.ufpb.br\/ssg\/contratos\/","title":{"rendered":"Contratos"},"content":{"rendered":"\n<h2 class=\"wp-block-heading\"><div class=\"linha-header\">Contratos<\/div><\/h2>\n\n\n\n<p>Contratos Administrativos que est\u00e3o sob a gest\u00e3o e a fiscaliza\u00e7\u00e3o da Superintend\u00eancia de Servi\u00e7os Gerais &#8211; SSG<\/p>\n\n\n\n<p>A Superintend\u00eancia de Servi\u00e7os Gerais &#8211; SSG \u00e9 respons\u00e1vel pela gest\u00e3o e fiscaliza\u00e7\u00e3o de 07 contratos administrativos, os quais est\u00e3o discriminados a seguir:<\/p>\n\n\n\n<p><strong>Contrato UFPB\/SOF n\u00ba 005\/2022<\/strong><\/p>\n\n\n\n<p>Objeto:&nbsp;Servi\u00e7os de dedetiza\u00e7\u00e3o nos campi I e II da UFPB<\/p>\n\n\n\n<p>Contrato sem dedica\u00e7\u00e3o exclusiva de m\u00e3o de obra&nbsp;<\/p>\n\n\n\n<p>&nbsp;Atualiza\u00e7\u00e3o em 13\/01\/2025<\/p>\n\n\n\n<p><strong>Contrato UFPB\/SOF n\u00ba 001\/2023<\/strong><\/p>\n\n\n\n<p>Objeto: Limpeza e Conserva\u00e7\u00e3o no campus I<\/p>\n\n\n\n<p>Lista de Colaboradores (3\u00ba quadrimestre de 2025):&nbsp;<strong><a href=\"http:\/\/www.ufpb.br\/ssg\/wp-content\/uploads\/sites\/79\/sites\/262\/2025\/09\/Dados-Abertos-Servebem-Setembro-001-2023.pdf\" data-type=\"link\" data-id=\"http:\/\/www.ufpb.br\/ssg\/wp-content\/uploads\/sites\/79\/sites\/262\/2025\/03\/atualizada-fevereiro-PREENCHIDA-MD-LC-10_Planilha_de_Dados_Abertos_de_Terceirizados-SERVEBEM-1.xlsx-XoQuad.pdf\">CLIQUE AQUI PARA VISUALIZAR<\/a><\/strong><\/p>\n\n\n\n<p>Atualiza\u00e7\u00e3o em 15\/09\/2025<\/p>\n\n\n\n<p><strong>Contrato UFPB\/SOF n\u00ba 002\/2023<\/strong><\/p>\n\n\n\n<p>Objeto:&nbsp;Apoio Administrativo e Operacional nos campi I, II, III e IV<\/p>\n\n\n\n<p>Lista de Colaboradores (1\u00ba quadrimestre de 2025):&nbsp;<strong><a href=\"http:\/\/www.ufpb.br\/ssg\/wp-content\/uploads\/sites\/79\/sites\/262\/2025\/06\/Dados-Abertos-JMT-Maio-2025-002-2023.pdf\" data-type=\"link\" data-id=\"http:\/\/www.ufpb.br\/ssg\/wp-content\/uploads\/sites\/79\/sites\/262\/2025\/03\/MD-LC-10_Planilha_de_Dados_Abertos_de_Terceirizados-JMT-JANEIRO.25.pdf\">CLIQUE AQUI PARA VISUALIZAR<\/a><\/strong><\/p>\n\n\n\n<p>Atualiza\u00e7\u00e3o em 18\/03\/2025<\/p>\n\n\n\n<p><strong>Contrato UFPB\/SOF n\u00ba 007\/2023<\/strong><\/p>\n\n\n\n<p>Objeto:&nbsp;Limpeza e Conserva\u00e7\u00e3o no campus IV<\/p>\n\n\n\n<p>Lista de Colaboradores (1\u00ba quadrimestre de 2025):<strong>&nbsp;<a href=\"https:\/\/www.ufpb.br\/ssg\/wp-content\/uploads\/sites\/79\/sites\/262\/2025\/05\/Contrato-007-2023.pdf\">CLIQUE AQUI PARA VISUALIZAR<\/a><\/strong><\/p>\n\n\n\n<p>Atualiza\u00e7\u00e3o em 23\/05\/2025<\/p>\n\n\n\n<p><strong>Contrato UFPB\/SOF n\u00ba 006\/2024<\/strong><\/p>\n\n\n\n<p>Objeto: Tradutor e Int\u00e9rprete de libras nos campi I, II, III e IV&nbsp;<\/p>\n\n\n\n<p>Lista de Colaboradores (1\u00ba quadrimestre de 2025):&nbsp;<strong><a href=\"http:\/\/www.ufpb.br\/ssg\/wp-content\/uploads\/sites\/79\/sites\/262\/2025\/03\/OK-MD-LC-10_Planilha_de_Dados_Abertos_de_Terceirizados-AG-SERVICOS-JANEIRO_2025.pdf\" data-type=\"link\" data-id=\"http:\/\/www.ufpb.br\/ssg\/wp-content\/uploads\/sites\/79\/sites\/262\/2025\/03\/OK-MD-LC-10_Planilha_de_Dados_Abertos_de_Terceirizados-AG-SERVICOS-JANEIRO_2025.pdf\">CLIQUE AQUI PARA VISUALIZAR<\/a><\/strong><\/p>\n\n\n\n<p>Atualiza\u00e7\u00e3o em 18\/03\/2025<\/p>\n\n\n\n<p><strong>Contrato UFPB\/SOF n\u00ba 010\/2024<\/strong><\/p>\n\n\n\n<p>Objeto:&nbsp;Limpeza e Conserva\u00e7\u00e3o nos campu II e III<\/p>\n\n\n\n<p>Lista de Colaboradores (3\u00ba quadrimestre de 2025):\u00a0<strong><a href=\"http:\/\/www.ufpb.br\/ssg\/wp-content\/uploads\/sites\/79\/sites\/262\/2025\/09\/Dados-Abertos-Servebem-Setembro-010-2024.pdf\">CLIQUE AQUI PARA VISUALIZAR<\/a><\/strong><\/p>\n\n\n\n<p>Atualiza\u00e7\u00e3o em 15\/09\/2025<\/p>\n\n\n\n<h2 class=\"wp-block-heading\"><div class=\"linha-header\">Equipes de Fiscaliza\u00e7\u00e3o<\/div><\/h2>\n\n\n\n<p><a href=\"http:\/\/www.ufpb.br\/ssg\/wp-content\/uploads\/sites\/79\/sites\/262\/2025\/03\/8-Equipe-de-Fiscalizacao-Pagina1.pdf\" data-type=\"link\" data-id=\"http:\/\/www.ufpb.br\/ssg\/wp-content\/uploads\/sites\/79\/sites\/262\/2025\/03\/8-Equipe-de-Fiscalizacao-Pagina1.pdf\">Equipes de Fiscaliza\u00e7\u00e3o dos Contratos com Dedica\u00e7\u00e3o Exclusiva de M\u00e3o de Obra<\/a><\/p>\n","protected":false},"excerpt":{"rendered":"<p>Contratos Contratos Administrativos que est\u00e3o sob a gest\u00e3o e a fiscaliza\u00e7\u00e3o da Superintend\u00eancia de Servi\u00e7os [&hellip;]<\/p>\n","protected":false},"author":47,"featured_media":0,"parent":0,"menu_order":0,"comment_status":"closed","ping_status":"closed","template":"","meta":{"footnotes":""},"class_list":["post-19","page","type-page","status-publish","hentry"],"_links":{"self":[{"href":"https:\/\/www.ufpb.br\/ssg\/wp-json\/wp\/v2\/pages\/19","targetHints":{"allow":["GET"]}}],"collection":[{"href":"https:\/\/www.ufpb.br\/ssg\/wp-json\/wp\/v2\/pages"}],"about":[{"href":"https:\/\/www.ufpb.br\/ssg\/wp-json\/wp\/v2\/types\/page"}],"author":[{"embeddable":true,"href":"https:\/\/www.ufpb.br\/ssg\/wp-json\/wp\/v2\/users\/47"}],"replies":[{"embeddable":true,"href":"https:\/\/www.ufpb.br\/ssg\/wp-json\/wp\/v2\/comments?post=19"}],"version-history":[{"count":22,"href":"https:\/\/www.ufpb.br\/ssg\/wp-json\/wp\/v2\/pages\/19\/revisions"}],"predecessor-version":[{"id":195,"href":"https:\/\/www.ufpb.br\/ssg\/wp-json\/wp\/v2\/pages\/19\/revisions\/195"}],"wp:attachment":[{"href":"https:\/\/www.ufpb.br\/ssg\/wp-json\/wp\/v2\/media?parent=19"}],"curies":[{"name":"wp","href":"https:\/\/api.w.org\/{rel}","templated":true}]}}