{"id":21,"date":"2025-02-21T11:51:57","date_gmt":"2025-02-21T14:51:57","guid":{"rendered":"https:\/\/www.ufpb.br\/ssg\/?page_id=21"},"modified":"2025-08-19T12:05:42","modified_gmt":"2025-08-19T15:05:42","slug":"equipe","status":"publish","type":"page","link":"https:\/\/www.ufpb.br\/ssg\/equipe\/","title":{"rendered":"Equipe"},"content":{"rendered":"\n<p><strong>Superintend\u00eancia de Servi\u00e7os Gerais &#8211; SSG<\/strong><br>Evandro Soares Costa Filho (Superintendente)<br>Joelma Cavalcante Soares (Assessora da Superintend\u00eancia)<br>Evelyne Emanuelle Pereira Lima &#8211; Administradora De Edif\u00edcios<br>Jos\u00e9 Rodrigues Da Silva \u2013 Assistente em Administra\u00e7\u00e3o<\/p>\n\n\n\n<p><strong>Ger\u00eancia de Conformidade \u2013 GC<\/strong><br>Aldenir Gomes De Assis \u2013 Economista (Gerente)<br>Haline Maria da Silva Morais \u2013 Assistente em Administra\u00e7\u00e3o<br>Moises do Nascimento Soares &#8211; Administrador<\/p>\n\n\n\n<p><strong>Ger\u00eancia de Servi\u00e7os Gerais \u2013 GSG<\/strong><br>Alana Barbosa de Sousa \u2013 Bi\u00f3loga<br>Suet\u00f4nio Mendonca Soares \u2013 Jardineiro<br>Diogo Danilo de Sousa Freitas \u2013 Engenheiro Agr\u00f4nomo<br>Alessandro Tardely Alc\u00e2ntara de Olveira \u2013 Assistente em Administra\u00e7\u00e3o<\/p>\n\n\n\n<p><strong>Ger\u00eancia de Planejamento e Acompanhamento dos Servi\u00e7os Gerais \u2013 GPASG<\/strong><br>Samara Feitosa Dias \u2013 Assistente em Administra\u00e7\u00e3o<\/p>\n\n\n\n<p><strong>Ger\u00eancia de Almoxarifado, Cadastro e Patrim\u00f4nio Setorial \u2013 GAPS<\/strong><br>Rog\u00e9rio De Vasconcelos Bezerra&nbsp;\u2013&nbsp;Jardineiro<\/p>\n\n\n\n<p><\/p>\n\n\n\n<p><\/p>\n","protected":false},"excerpt":{"rendered":"<p>Superintend\u00eancia de Servi\u00e7os Gerais &#8211; SSGEvandro Soares Costa Filho (Superintendente)Joelma Cavalcante Soares (Assessora da Superintend\u00eancia)Evelyne [&hellip;]<\/p>\n","protected":false},"author":47,"featured_media":0,"parent":0,"menu_order":0,"comment_status":"closed","ping_status":"closed","template":"","meta":{"footnotes":""},"class_list":["post-21","page","type-page","status-publish","hentry"],"_links":{"self":[{"href":"https:\/\/www.ufpb.br\/ssg\/wp-json\/wp\/v2\/pages\/21","targetHints":{"allow":["GET"]}}],"collection":[{"href":"https:\/\/www.ufpb.br\/ssg\/wp-json\/wp\/v2\/pages"}],"about":[{"href":"https:\/\/www.ufpb.br\/ssg\/wp-json\/wp\/v2\/types\/page"}],"author":[{"embeddable":true,"href":"https:\/\/www.ufpb.br\/ssg\/wp-json\/wp\/v2\/users\/47"}],"replies":[{"embeddable":true,"href":"https:\/\/www.ufpb.br\/ssg\/wp-json\/wp\/v2\/comments?post=21"}],"version-history":[{"count":4,"href":"https:\/\/www.ufpb.br\/ssg\/wp-json\/wp\/v2\/pages\/21\/revisions"}],"predecessor-version":[{"id":188,"href":"https:\/\/www.ufpb.br\/ssg\/wp-json\/wp\/v2\/pages\/21\/revisions\/188"}],"wp:attachment":[{"href":"https:\/\/www.ufpb.br\/ssg\/wp-json\/wp\/v2\/media?parent=21"}],"curies":[{"name":"wp","href":"https:\/\/api.w.org\/{rel}","templated":true}]}}