{"id":23,"date":"2025-02-21T11:52:16","date_gmt":"2025-02-21T14:52:16","guid":{"rendered":"https:\/\/www.ufpb.br\/ssg\/?page_id=23"},"modified":"2025-02-21T11:52:16","modified_gmt":"2025-02-21T14:52:16","slug":"competencias","status":"publish","type":"page","link":"https:\/\/www.ufpb.br\/ssg\/competencias\/","title":{"rendered":"Compet\u00eancias"},"content":{"rendered":"\n<p>A resolu\u00e7\u00e3o N\u00ba 39\/2018 do CONSUNI, publicada em 01\/02\/2019 no boletim de servi\u00e7o n\u00ba 06\/2019, criou a Superintend\u00eancia de Servi\u00e7os Gerais \u2013 SSG.<\/p>\n\n\n\n<p>Conforme estabelecido no&nbsp;anexo \u00fanico da resolu\u00e7\u00e3o n\u00ba 39\/2018 do CONSUNI, s\u00e3o compet\u00eancias gerais da SSG, dentre outras:<\/p>\n\n\n\n<p>I \u2013 planejar, coordenar, organizar, executar e avaliar as atividades de servi\u00e7os gerais, com base no Plano de Desenvolvimento Institucional e no Plano Anual de Gest\u00e3o;<\/p>\n\n\n\n<p>II \u2013 promover a integra\u00e7\u00e3o das atividades e iniciativas relacionadas com os servi\u00e7os gerais na UFPB;<\/p>\n\n\n\n<p><strong>DAS GER\u00caNCIAS<\/strong><\/p>\n\n\n\n<p><strong>GER\u00caNCIA DE PLANEJAMENTO E ACOMPANHAMENTO DOS SERVI\u00c7OS GERAIS \u2013 GPASG<\/strong><\/p>\n\n\n\n<p>A Ger\u00eancia De Planejamento e Acompanhamento dos Servi\u00e7os Gerais \u2013 GPASG da SSG \u00e9 a unidade administrativa que tem por finalidade planejar e operacionalizar a presta\u00e7\u00e3o de servi\u00e7os gerais para os Centros de Ensino e demais \u00f3rg\u00e3os da UFPB. S\u00e3o compet\u00eancias da GPASG, dentre outras:<\/p>\n\n\n\n<p>I &#8211;&nbsp;A GPASG faz o levantamento e organiza o invent\u00e1rio de necessidades de presta\u00e7\u00e3o servi\u00e7os gerais nos \u00f3rg\u00e3os e nos Centros de Ensino;<\/p>\n\n\n\n<p>II &#8211;&nbsp;A GPASG elabora o Plano Anual de Presta\u00e7\u00e3o de Servi\u00e7os da SSG para cada \u00f3rg\u00e3o e Centro de Ensino da UFPB;<\/p>\n\n\n\n<p>III &#8211;&nbsp;A GPASG recebe e cadastra a solicita\u00e7\u00e3o de servi\u00e7o dos \u00f3rg\u00e3os e das Dire\u00e7\u00f5es dos Centros de Ensino atrav\u00e9s de processo administrativo eletr\u00f4nico e protocolo eletr\u00f4nico de Ordem de Servi\u00e7o \u2013 OS e encaminha para a unidade respons\u00e1vel pela presta\u00e7\u00e3o de servi\u00e7o no \u00e2mbito da SSG;&nbsp;<\/p>\n\n\n\n<p>IV &#8211;&nbsp;A GPASG acompanha a execu\u00e7\u00e3o dos servi\u00e7os nos \u00f3rg\u00e3os e Centros de Ensino de acordo com o previsto no Plano de Desenvolvimento Institucional e no Plano Anual de Servi\u00e7os elaborado em conjunto com os \u00f3rg\u00e3os e com as Dire\u00e7\u00f5es dos Centros de Ensino da UFPB;<\/p>\n\n\n\n<p>V &#8211;&nbsp;A GPASG monitora o grau de satisfa\u00e7\u00e3o dos usu\u00e1rios dos servi\u00e7os prestados pela SSG e prop\u00f5e mecanismos de aperfei\u00e7oamento.<\/p>\n\n\n\n<p><strong>DA GER\u00caNCIA DE SERVI\u00c7OS GERAIS \u2013 GSG<\/strong><\/p>\n\n\n\n<p>A Ger\u00eancia de Servi\u00e7os Gerais \u2013 GSG \u00e9 o \u00f3rg\u00e3o respons\u00e1vel pela coordena\u00e7\u00e3o, execu\u00e7\u00e3o, monitoramento e avalia\u00e7\u00e3o de atividades de servi\u00e7os gerais.&nbsp;S\u00e3o compet\u00eancias da GSG, dentre outras:<\/p>\n\n\n\n<p>I &#8211; A GSG atende ao p\u00fablico interno e externo, prestando informa\u00e7\u00f5es acerca dos sistemas e demais quest\u00f5es relacionadas aos Servi\u00e7os Gerais da institui\u00e7\u00e3o;<\/p>\n\n\n\n<p>II &#8211; Supervisiona e atesta os servi\u00e7os gerais executados atrav\u00e9s de terceiros;<\/p>\n\n\n\n<p>III &#8211; Realizar os levantamentos necess\u00e1rios \u00e0 realiza\u00e7\u00e3o de servi\u00e7os gerais nas instala\u00e7\u00f5es prediais.<\/p>\n\n\n\n<p><strong>DA GER\u00caNCIA DE CONFORMIDADE \u2013 GC<\/strong><\/p>\n\n\n\n<p>A Ger\u00eancia de Conformidade &#8211; GC da SSG desenvolve a\u00e7\u00f5es de an\u00e1lise, fiscaliza\u00e7\u00e3o e controle dos contratos da SSG e presta informa\u00e7\u00f5es \u00e0 SOF para que a execu\u00e7\u00e3o or\u00e7ament\u00e1ria, financeira e patrimonial da SSG ocorra com efici\u00eancia, efic\u00e1cia e efetividade, conforme as disposi\u00e7\u00f5es legais.&nbsp;S\u00e3o compet\u00eancias da GC, dentre outras:<\/p>\n\n\n\n<p>I &#8211; Elabora os termos de refer\u00eancia para as contrata\u00e7\u00f5es de servi\u00e7os e para as aquisi\u00e7\u00f5es da SSG;<\/p>\n\n\n\n<p>II &#8211; Monitora e fiscaliza a execu\u00e7\u00e3o dos contratos vigentes vinculados \u00e0 SSG, em estrita observ\u00e2ncia \u00e0s normas vigentes.<\/p>\n\n\n\n<p><strong>DA GER\u00caNCIA DE ALMOXARIFADO, CADASTRO E PATRIM\u00d4NIO SETORIAL GAPS<\/strong><\/p>\n\n\n\n<p>A GAPS \u00e9 respons\u00e1vel pelo controle patrimonial da SSG atrav\u00e9s do registro adequado de todos os bens m\u00f3veis adquiridos por recursos or\u00e7ament\u00e1rios e n\u00e3o or\u00e7ament\u00e1rios, que est\u00e3o \u00e0 disposi\u00e7\u00e3o da SSG para a realiza\u00e7\u00e3o de suas atividades.&nbsp;S\u00e3o compet\u00eancias da GAPS, dentre outras:<\/p>\n\n\n\n<p>I &#8211; Recebe, confere, armazena e registra os materiais adquiridos ou cedidos de acordo com o documento de compra (Nota de Empenho e Nota Fiscal) ou equivalentes;<\/p>\n\n\n\n<p>II &#8211;&nbsp;Estabelece as necessidades de aquisi\u00e7\u00e3o dos materiais de consumo para fins de reposi\u00e7\u00e3o de estoque, bem como solicita sua aquisi\u00e7\u00e3o, a fim de atender as demandas da SSG.<\/p>\n","protected":false},"excerpt":{"rendered":"<p>A resolu\u00e7\u00e3o N\u00ba 39\/2018 do CONSUNI, publicada em 01\/02\/2019 no boletim de servi\u00e7o n\u00ba 06\/2019, [&hellip;]<\/p>\n","protected":false},"author":47,"featured_media":0,"parent":0,"menu_order":0,"comment_status":"closed","ping_status":"closed","template":"","meta":{"footnotes":""},"class_list":["post-23","page","type-page","status-publish","hentry"],"_links":{"self":[{"href":"https:\/\/www.ufpb.br\/ssg\/wp-json\/wp\/v2\/pages\/23","targetHints":{"allow":["GET"]}}],"collection":[{"href":"https:\/\/www.ufpb.br\/ssg\/wp-json\/wp\/v2\/pages"}],"about":[{"href":"https:\/\/www.ufpb.br\/ssg\/wp-json\/wp\/v2\/types\/page"}],"author":[{"embeddable":true,"href":"https:\/\/www.ufpb.br\/ssg\/wp-json\/wp\/v2\/users\/47"}],"replies":[{"embeddable":true,"href":"https:\/\/www.ufpb.br\/ssg\/wp-json\/wp\/v2\/comments?post=23"}],"version-history":[{"count":1,"href":"https:\/\/www.ufpb.br\/ssg\/wp-json\/wp\/v2\/pages\/23\/revisions"}],"predecessor-version":[{"id":24,"href":"https:\/\/www.ufpb.br\/ssg\/wp-json\/wp\/v2\/pages\/23\/revisions\/24"}],"wp:attachment":[{"href":"https:\/\/www.ufpb.br\/ssg\/wp-json\/wp\/v2\/media?parent=23"}],"curies":[{"name":"wp","href":"https:\/\/api.w.org\/{rel}","templated":true}]}}