{"id":27,"date":"2025-02-21T11:54:01","date_gmt":"2025-02-21T14:54:01","guid":{"rendered":"https:\/\/www.ufpb.br\/ssg\/?page_id=27"},"modified":"2026-02-11T18:16:05","modified_gmt":"2026-02-11T21:16:05","slug":"relatorios","status":"publish","type":"page","link":"https:\/\/www.ufpb.br\/ssg\/relatorios\/","title":{"rendered":"Relat\u00f3rios"},"content":{"rendered":"\n<p>Visualize os relat\u00f3rios de gest\u00e3o da Superintend\u00eancia de Servi\u00e7os Gerais (SSG) clicando nos itens a seguir:<\/p>\n\n\n\n<div class=\"wp-block-file\"><a id=\"wp-block-file--media-11b0db7f-e499-4826-8978-8c822c6e97fd\" href=\"https:\/\/www.ufpb.br\/ssg\/wp-content\/uploads\/sites\/79\/sites\/262\/2025\/02\/RELATRIODEGESTOSSG2023.pdf\">Relat\u00f3rio de Gest\u00e3o &#8211; Ano de&nbsp;<strong>2023<\/strong><\/a><a href=\"https:\/\/www.ufpb.br\/ssg\/wp-content\/uploads\/sites\/79\/sites\/262\/2025\/02\/RELATRIODEGESTOSSG2023.pdf\" class=\"wp-block-file__button wp-element-button\" download aria-describedby=\"wp-block-file--media-11b0db7f-e499-4826-8978-8c822c6e97fd\">Baixar<\/a><\/div>\n\n\n\n<div class=\"wp-block-file\"><a id=\"wp-block-file--media-2478e523-0c07-4ec7-a41f-92f48e1655c4\" href=\"https:\/\/www.ufpb.br\/ssg\/wp-content\/uploads\/sites\/79\/sites\/262\/2025\/02\/relatorio-de-gestao-ssg-2022.pdf\">Relat\u00f3rio de Gest\u00e3o &#8211; Ano de&nbsp;<strong>2022<\/strong><\/a><a href=\"https:\/\/www.ufpb.br\/ssg\/wp-content\/uploads\/sites\/79\/sites\/262\/2025\/02\/relatorio-de-gestao-ssg-2022.pdf\" class=\"wp-block-file__button wp-element-button\" download aria-describedby=\"wp-block-file--media-2478e523-0c07-4ec7-a41f-92f48e1655c4\">Baixar<\/a><\/div>\n\n\n\n<div class=\"wp-block-file\"><a id=\"wp-block-file--media-ac07e2e1-e2d4-4aaf-b5be-7a6faa3f3486\" href=\"https:\/\/www.ufpb.br\/ssg\/wp-content\/uploads\/sites\/79\/sites\/262\/2025\/02\/relatorio-de-gestao-ssg-2021.pdf\">Relat\u00f3rio de Gest\u00e3o &#8211; Ano de&nbsp;<strong>2021<\/strong><\/a><a href=\"https:\/\/www.ufpb.br\/ssg\/wp-content\/uploads\/sites\/79\/sites\/262\/2025\/02\/relatorio-de-gestao-ssg-2021.pdf\" class=\"wp-block-file__button wp-element-button\" download aria-describedby=\"wp-block-file--media-ac07e2e1-e2d4-4aaf-b5be-7a6faa3f3486\">Baixar<\/a><\/div>\n\n\n\n<div class=\"wp-block-file\"><a id=\"wp-block-file--media-0e6fd3ba-bc48-4bb6-9daa-4b643285cbda\" href=\"https:\/\/www.ufpb.br\/ssg\/wp-content\/uploads\/sites\/79\/sites\/262\/2026\/02\/Relatorio-de-Gestao-SSG-2025-.docx-10.pdf\">Relat\u00f3rio de Gest\u00e3o &#8211; SSG &#8211; 2025 .docx<\/a><a href=\"https:\/\/www.ufpb.br\/ssg\/wp-content\/uploads\/sites\/79\/sites\/262\/2026\/02\/Relatorio-de-Gestao-SSG-2025-.docx-10.pdf\" class=\"wp-block-file__button wp-element-button\" download aria-describedby=\"wp-block-file--media-0e6fd3ba-bc48-4bb6-9daa-4b643285cbda\">Baixar<\/a><\/div>\n","protected":false},"excerpt":{"rendered":"<p>Visualize os relat\u00f3rios de gest\u00e3o da Superintend\u00eancia de Servi\u00e7os Gerais (SSG) clicando nos itens a [&hellip;]<\/p>\n","protected":false},"author":47,"featured_media":0,"parent":0,"menu_order":0,"comment_status":"closed","ping_status":"closed","template":"","meta":{"footnotes":""},"class_list":["post-27","page","type-page","status-publish","hentry"],"_links":{"self":[{"href":"https:\/\/www.ufpb.br\/ssg\/wp-json\/wp\/v2\/pages\/27","targetHints":{"allow":["GET"]}}],"collection":[{"href":"https:\/\/www.ufpb.br\/ssg\/wp-json\/wp\/v2\/pages"}],"about":[{"href":"https:\/\/www.ufpb.br\/ssg\/wp-json\/wp\/v2\/types\/page"}],"author":[{"embeddable":true,"href":"https:\/\/www.ufpb.br\/ssg\/wp-json\/wp\/v2\/users\/47"}],"replies":[{"embeddable":true,"href":"https:\/\/www.ufpb.br\/ssg\/wp-json\/wp\/v2\/comments?post=27"}],"version-history":[{"count":10,"href":"https:\/\/www.ufpb.br\/ssg\/wp-json\/wp\/v2\/pages\/27\/revisions"}],"predecessor-version":[{"id":384,"href":"https:\/\/www.ufpb.br\/ssg\/wp-json\/wp\/v2\/pages\/27\/revisions\/384"}],"wp:attachment":[{"href":"https:\/\/www.ufpb.br\/ssg\/wp-json\/wp\/v2\/media?parent=27"}],"curies":[{"name":"wp","href":"https:\/\/api.w.org\/{rel}","templated":true}]}}