{"id":29,"date":"2025-02-21T11:54:31","date_gmt":"2025-02-21T14:54:31","guid":{"rendered":"https:\/\/www.ufpb.br\/ssg\/?page_id=29"},"modified":"2025-05-02T10:15:52","modified_gmt":"2025-05-02T13:15:52","slug":"requisicoes","status":"publish","type":"page","link":"https:\/\/www.ufpb.br\/ssg\/requisicoes\/","title":{"rendered":"Requisi\u00e7\u00f5es"},"content":{"rendered":"\n<p>DEVE ser utilizado por qualquer pessoa que necessite dos servi\u00e7os da Prefeitura Universit\u00e1ria<br><a href=\"http:\/\/www.prefeitura.ufpb.br\/pu\/contents\/formularios\/requisicoes\">Requisi\u00e7\u00f5es Externas<\/a><\/p>\n\n\n\n<p>DEVE ser Utilizado apenas por Servidores Lotados na Prefeitura Universit\u00e1ria<br><a href=\"http:\/\/www.prefeitura.ufpb.br\/pu\/contents\/formularios\/requisicoes-internas\">Requisi\u00e7\u00f5es Internas<\/a><\/p>\n\n\n\n<p>Acompanhamento de Requisi\u00e7\u00f5es<\/p>\n\n\n\n<p><a href=\"http:\/\/otrs.prefeitura.ufpb.br\/req\/index.php\/otrs\" target=\"_blank\" rel=\"noreferrer noopener\">&#8211;&nbsp;Listar de Requisi\u00e7\u00f5es<\/a><br><a href=\"http:\/\/otrs.prefeitura.ufpb.br\/req\/index.php\/otrs\/search\" target=\"_blank\" rel=\"noreferrer noopener\">&#8211;&nbsp;Busca por N\u00famero da Requisi\u00e7\u00e3o<\/a><\/p>\n\n\n\n<p><strong><a href=\"http:\/\/www.ufpb.br\/ssg\/wp-content\/uploads\/sites\/79\/sites\/262\/2025\/05\/Carta-de-Servicos-SSG.pdf\">Carta de Servi\u00e7os da SSG<\/a><\/strong><\/p>\n\n\n\n<p><\/p>\n","protected":false},"excerpt":{"rendered":"<p>DEVE ser utilizado por qualquer pessoa que necessite dos servi\u00e7os da Prefeitura Universit\u00e1riaRequisi\u00e7\u00f5es Externas DEVE [&hellip;]<\/p>\n","protected":false},"author":47,"featured_media":0,"parent":0,"menu_order":0,"comment_status":"closed","ping_status":"closed","template":"","meta":{"footnotes":""},"class_list":["post-29","page","type-page","status-publish","hentry"],"_links":{"self":[{"href":"https:\/\/www.ufpb.br\/ssg\/wp-json\/wp\/v2\/pages\/29","targetHints":{"allow":["GET"]}}],"collection":[{"href":"https:\/\/www.ufpb.br\/ssg\/wp-json\/wp\/v2\/pages"}],"about":[{"href":"https:\/\/www.ufpb.br\/ssg\/wp-json\/wp\/v2\/types\/page"}],"author":[{"embeddable":true,"href":"https:\/\/www.ufpb.br\/ssg\/wp-json\/wp\/v2\/users\/47"}],"replies":[{"embeddable":true,"href":"https:\/\/www.ufpb.br\/ssg\/wp-json\/wp\/v2\/comments?post=29"}],"version-history":[{"count":2,"href":"https:\/\/www.ufpb.br\/ssg\/wp-json\/wp\/v2\/pages\/29\/revisions"}],"predecessor-version":[{"id":117,"href":"https:\/\/www.ufpb.br\/ssg\/wp-json\/wp\/v2\/pages\/29\/revisions\/117"}],"wp:attachment":[{"href":"https:\/\/www.ufpb.br\/ssg\/wp-json\/wp\/v2\/media?parent=29"}],"curies":[{"name":"wp","href":"https:\/\/api.w.org\/{rel}","templated":true}]}}