{"id":352,"date":"2026-01-05T11:33:55","date_gmt":"2026-01-05T14:33:55","guid":{"rendered":"https:\/\/www.ufpb.br\/ssg\/?page_id=352"},"modified":"2026-01-05T11:33:56","modified_gmt":"2026-01-05T14:33:56","slug":"manuais-e-procedimentos-operacionais-padrao","status":"publish","type":"page","link":"https:\/\/www.ufpb.br\/ssg\/manuais-e-procedimentos-operacionais-padrao\/","title":{"rendered":"Manuais e Procedimentos Operacionais Padr\u00e3o"},"content":{"rendered":"\n<div data-wp-interactive=\"core\/file\" class=\"wp-block-file\"><object data-wp-bind--hidden=\"!state.hasPdfPreview\" hidden class=\"wp-block-file__embed\" data=\"http:\/\/www.ufpb.br\/ssg\/wp-content\/uploads\/sites\/79\/sites\/262\/2026\/01\/POP-\u2013-GC-SSG-\u2013-OO4-Recebimento-provisorio.pdf\" type=\"application\/pdf\" style=\"width:100%;height:600px\" aria-label=\"Incorporado de POP \u2013 GC - SSG \u2013 OO4 - Recebimento provis\u00f3rio.\"><\/object><a id=\"wp-block-file--media-6da0d1b8-caeb-4bc0-8c62-0f3f39171b23\" href=\"http:\/\/www.ufpb.br\/ssg\/wp-content\/uploads\/sites\/79\/sites\/262\/2026\/01\/POP-\u2013-GC-SSG-\u2013-OO4-Recebimento-provisorio.pdf\">POP \u2013 GC &#8211; SSG \u2013 OO4 &#8211; Recebimento provis\u00f3rio<\/a><a href=\"http:\/\/www.ufpb.br\/ssg\/wp-content\/uploads\/sites\/79\/sites\/262\/2026\/01\/POP-\u2013-GC-SSG-\u2013-OO4-Recebimento-provisorio.pdf\" class=\"wp-block-file__button wp-element-button\" download aria-describedby=\"wp-block-file--media-6da0d1b8-caeb-4bc0-8c62-0f3f39171b23\">Baixar<\/a><\/div>\n\n\n\n<div data-wp-interactive=\"core\/file\" class=\"wp-block-file\"><object data-wp-bind--hidden=\"!state.hasPdfPreview\" hidden class=\"wp-block-file__embed\" data=\"http:\/\/www.ufpb.br\/ssg\/wp-content\/uploads\/sites\/79\/sites\/262\/2026\/01\/POP-\u2013-GC-SSG-\u2013-OO3-Recebimento-definitivo.pdf\" type=\"application\/pdf\" style=\"width:100%;height:600px\" aria-label=\"Incorporado de POP \u2013 GC - SSG \u2013 OO3 - Recebimento definitivo.\"><\/object><a id=\"wp-block-file--media-094239a0-d800-4e31-b53c-1e2d28523ef8\" href=\"http:\/\/www.ufpb.br\/ssg\/wp-content\/uploads\/sites\/79\/sites\/262\/2026\/01\/POP-\u2013-GC-SSG-\u2013-OO3-Recebimento-definitivo.pdf\">POP \u2013 GC &#8211; SSG \u2013 OO3 &#8211; Recebimento definitivo<\/a><a href=\"http:\/\/www.ufpb.br\/ssg\/wp-content\/uploads\/sites\/79\/sites\/262\/2026\/01\/POP-\u2013-GC-SSG-\u2013-OO3-Recebimento-definitivo.pdf\" class=\"wp-block-file__button wp-element-button\" download aria-describedby=\"wp-block-file--media-094239a0-d800-4e31-b53c-1e2d28523ef8\">Baixar<\/a><\/div>\n\n\n\n<div data-wp-interactive=\"core\/file\" class=\"wp-block-file\"><object data-wp-bind--hidden=\"!state.hasPdfPreview\" hidden class=\"wp-block-file__embed\" data=\"http:\/\/www.ufpb.br\/ssg\/wp-content\/uploads\/sites\/79\/sites\/262\/2026\/01\/POP-\u2013-GC-SSG-\u2013-OO2-Conta-vinculada.pdf\" type=\"application\/pdf\" style=\"width:100%;height:600px\" aria-label=\"Incorporado de POP \u2013 GC - SSG \u2013 OO2 - Conta vinculada.\"><\/object><a id=\"wp-block-file--media-3a5e363b-5a53-4d2e-8dfb-cbb747852107\" href=\"http:\/\/www.ufpb.br\/ssg\/wp-content\/uploads\/sites\/79\/sites\/262\/2026\/01\/POP-\u2013-GC-SSG-\u2013-OO2-Conta-vinculada.pdf\">POP \u2013 GC &#8211; SSG \u2013 OO2 &#8211; Conta vinculada<\/a><a href=\"http:\/\/www.ufpb.br\/ssg\/wp-content\/uploads\/sites\/79\/sites\/262\/2026\/01\/POP-\u2013-GC-SSG-\u2013-OO2-Conta-vinculada.pdf\" class=\"wp-block-file__button wp-element-button\" download aria-describedby=\"wp-block-file--media-3a5e363b-5a53-4d2e-8dfb-cbb747852107\">Baixar<\/a><\/div>\n\n\n\n<div data-wp-interactive=\"core\/file\" class=\"wp-block-file\"><object data-wp-bind--hidden=\"!state.hasPdfPreview\" hidden class=\"wp-block-file__embed\" data=\"http:\/\/www.ufpb.br\/ssg\/wp-content\/uploads\/sites\/79\/sites\/262\/2026\/01\/POP-\u2013-GC-SSG-\u2013-OO1-Alteracao-de-horario.pdf\" type=\"application\/pdf\" style=\"width:100%;height:600px\" aria-label=\"Incorporado de POP \u2013 GC - SSG \u2013 OO1 - Altera\u00e7\u00e3o de hor\u00e1rio.\"><\/object><a id=\"wp-block-file--media-71adb447-7810-45d4-b006-335a60863eb1\" href=\"http:\/\/www.ufpb.br\/ssg\/wp-content\/uploads\/sites\/79\/sites\/262\/2026\/01\/POP-\u2013-GC-SSG-\u2013-OO1-Alteracao-de-horario.pdf\">POP \u2013 GC &#8211; SSG \u2013 OO1 &#8211; Altera\u00e7\u00e3o de hor\u00e1rio<\/a><a href=\"http:\/\/www.ufpb.br\/ssg\/wp-content\/uploads\/sites\/79\/sites\/262\/2026\/01\/POP-\u2013-GC-SSG-\u2013-OO1-Alteracao-de-horario.pdf\" class=\"wp-block-file__button wp-element-button\" download aria-describedby=\"wp-block-file--media-71adb447-7810-45d4-b006-335a60863eb1\">Baixar<\/a><\/div>\n","protected":false},"excerpt":{"rendered":"","protected":false},"author":420,"featured_media":0,"parent":0,"menu_order":0,"comment_status":"closed","ping_status":"closed","template":"","meta":{"footnotes":""},"class_list":["post-352","page","type-page","status-publish","hentry"],"_links":{"self":[{"href":"https:\/\/www.ufpb.br\/ssg\/wp-json\/wp\/v2\/pages\/352","targetHints":{"allow":["GET"]}}],"collection":[{"href":"https:\/\/www.ufpb.br\/ssg\/wp-json\/wp\/v2\/pages"}],"about":[{"href":"https:\/\/www.ufpb.br\/ssg\/wp-json\/wp\/v2\/types\/page"}],"author":[{"embeddable":true,"href":"https:\/\/www.ufpb.br\/ssg\/wp-json\/wp\/v2\/users\/420"}],"replies":[{"embeddable":true,"href":"https:\/\/www.ufpb.br\/ssg\/wp-json\/wp\/v2\/comments?post=352"}],"version-history":[{"count":1,"href":"https:\/\/www.ufpb.br\/ssg\/wp-json\/wp\/v2\/pages\/352\/revisions"}],"predecessor-version":[{"id":357,"href":"https:\/\/www.ufpb.br\/ssg\/wp-json\/wp\/v2\/pages\/352\/revisions\/357"}],"wp:attachment":[{"href":"https:\/\/www.ufpb.br\/ssg\/wp-json\/wp\/v2\/media?parent=352"}],"curies":[{"name":"wp","href":"https:\/\/api.w.org\/{rel}","templated":true}]}}