{"id":105,"date":"2026-01-30T11:17:44","date_gmt":"2026-01-30T14:17:44","guid":{"rendered":"https:\/\/www.ufpb.br\/sult\/?page_id=105"},"modified":"2026-02-05T09:53:24","modified_gmt":"2026-02-05T12:53:24","slug":"mobgov-cartilha-de-apresentacao-e-regras-de-uso","status":"publish","type":"page","link":"https:\/\/www.ufpb.br\/sult\/mobgov-cartilha-de-apresentacao-e-regras-de-uso\/","title":{"rendered":"MobGov &#8211; Cartilha de Apresenta\u00e7\u00e3o e Regras de Uso"},"content":{"rendered":"\n<p><\/p>\n\n\n\n<figure class=\"wp-block-image size-large\"><img loading=\"lazy\" decoding=\"async\" width=\"1024\" height=\"576\" src=\"http:\/\/www.ufpb.br\/sult\/wp-content\/uploads\/sites\/79\/sites\/313\/2026\/01\/mobgov-1024x576.png\" alt=\"\" class=\"wp-image-107\" srcset=\"https:\/\/www.ufpb.br\/sult\/wp-content\/uploads\/sites\/79\/sites\/313\/2026\/01\/mobgov-1024x576.png 1024w, https:\/\/www.ufpb.br\/sult\/wp-content\/uploads\/sites\/79\/sites\/313\/2026\/01\/mobgov-300x169.png 300w, https:\/\/www.ufpb.br\/sult\/wp-content\/uploads\/sites\/79\/sites\/313\/2026\/01\/mobgov-768x432.png 768w, https:\/\/www.ufpb.br\/sult\/wp-content\/uploads\/sites\/79\/sites\/313\/2026\/01\/mobgov.png 1366w\" sizes=\"auto, (max-width: 1024px) 100vw, 1024px\" \/><\/figure>\n\n\n\n<p><\/p>\n\n\n\n<h2 class=\"wp-block-heading\"><div class=\"linha-header\"><strong>O que \u00e9 o MobGov?<\/strong><\/div><\/h2>\n\n\n\n<p class=\"has-text-align-left\">O MobGov \u00e9 o novo servi\u00e7o de transporte terrestre destinado aos \u00f3rg\u00e3os da Administra\u00e7\u00e3o P\u00fablica Federal em todo o pa\u00eds. Ele permite que servidores, empregados e colaboradores em servi\u00e7o realizem deslocamentos para atividades administrativas de maneira mais eficiente, econ\u00f3mica e integrada.<\/p>\n\n\n\n<p>O MobGov \u00e9 uma evolu\u00e7\u00e3o do antigo T\u00e1xiGov. Diferente do modelo anterior \u2014 com fornecedor \u00fanico por estado e contrata\u00e7\u00f5es individuais \u2014 o MobGov opera de forma nacional, com m\u00faltiplos servi\u00e7os credenciados.<\/p>\n\n\n\n<p>O sistema funciona de maneira semelhante \u00e0 Compra Direta de Passagens A\u00e9reas, utilizando uma plataforma<br>integradora \u00fanica para consolidar todas as solicita\u00e7\u00f5es.<\/p>\n\n\n\n<h2 class=\"wp-block-heading\"><div class=\"linha-header\"><strong>Como funciona o MobGov?<\/strong><\/div><\/h2>\n\n\n\n<p>Por meio da plataforma integradora, o usu\u00e1rio informa a origem e o destino do deslocamento desejado. A partir disso, o sistema apresenta as cota\u00e7\u00f5es de todas as empresas credenciadas dispon\u00edveis para aquele trajeto, incluindo:<\/p>\n\n\n\n<div class=\"wp-block-group is-nowrap is-layout-flex wp-container-core-group-is-layout-ad2f72ca wp-block-group-is-layout-flex\">\n<div class=\"wp-block-group\"><div class=\"wp-block-group__inner-container is-layout-constrained wp-block-group-is-layout-constrained\">\n<ul class=\"wp-block-list\">\n<li>Valor estimado da corrida;<\/li>\n\n\n\n<li>Tempo previsto para in\u00edcio do atendimento.<\/li>\n<\/ul>\n<\/div><\/div>\n<\/div>\n\n\n\n<p>Em conformidade com regras da Central de Compras e do <strong>Decreto n\u00b0 9.287\/2018<\/strong>, o usu\u00e1rio deve selecionar<br>a cota\u00e7\u00e3o mais vantajosa naquele momento e, ent\u00e3o, solicitar a corrida. Ap\u00f3s a solicita\u00e7\u00e3o:<\/p>\n\n\n\n<ul class=\"wp-block-list\">\n<li>O motorista se desloca at\u00e9 o usu\u00e1rio;<\/li>\n\n\n\n<li>A corrida tem in\u00edcio;<\/li>\n\n\n\n<li>Todo o percurso \u00e9 registrado na plataforma, permitindo auditoria posterior.<\/li>\n<\/ul>\n\n\n\n<p>Para maior praticidade, n\u00e3o \u00e9 necess\u00e1rio utilizar aplicativos ou sites das empresas credenciadas \u2014 todo o processo ocorre exclusivamente dentro da plataforma integrada.<\/p>\n\n\n\n<p>O sistema est\u00e1 dispon\u00edvel tanto na vers\u00e3o web quanto em aplicativos para dispositivos <strong>Android<\/strong> e <strong>iOS.<\/strong><\/p>\n\n\n\n<h2 class=\"wp-block-heading\"><div class=\"linha-header\"><strong>Quem pode usar?<\/strong><\/div><\/h2>\n\n\n\n<p>Poder\u00e3o aderir ao MobGov, via Centro de Servi\u00e7os Compartilhados, todos os \u00f3rg\u00e3os da Administra\u00e7\u00e3o P\u00fablica Direta e Indireta. Passos para ades\u00e3o ao MobGov:<\/p>\n\n\n\n<ul class=\"wp-block-list\">\n<li><strong>Manifesta\u00e7\u00e3o de interesse:<\/strong><br>Enviar e-mail para <strong>mobgov@gestao.gov.br<\/strong>. A equipe solicitar\u00e1 informa\u00e7\u00f5es como dados do \u00f3rg\u00e3o, abrang\u00eancia necess\u00e1ria, estimativa de demanda e volume de recursos.<\/li>\n\n\n\n<li><strong>Preenchimento do termo de ades\u00e3o e descentraliza\u00e7\u00e3o de recursos ao MGI<\/strong>.<\/li>\n\n\n\n<li><strong>Indica\u00e7\u00e3o e cadastro de usu\u00e1rios:<\/strong><br>O \u00f3rg\u00e3o deve indicar os servidores e gestores das unidades. A equipe do MobGov enviar\u00e1 uma planilha para cadastramento em lote.<\/li>\n\n\n\n<li><strong>Ativa\u00e7\u00e3o do uso:<br><\/strong>Ap\u00f3s a descentraliza\u00e7\u00e3o dos recursos e ativa\u00e7\u00e3o dos usu\u00e1rios, o sistema j\u00e1 estar\u00e1 dispon\u00edvel para utiliza\u00e7\u00e3o, com saldo creditado na conta do MobGov para gest\u00e3o interna.<\/li>\n<\/ul>\n\n\n\n<h2 class=\"wp-block-heading\"><div class=\"linha-header\"><strong>Regras de uso<\/strong><\/div><\/h2>\n\n\n\n<p>O servi\u00e7o contar\u00e1 com regulamento pr\u00f3prio, mas segue as diretrizes estabelecidas pelo <strong>Decreto n\u00b0 9.287\/2018.<\/strong><\/p>\n\n\n\n<p><strong>Usos permitidos<\/strong>:<\/p>\n\n\n\n<ul class=\"wp-block-list\">\n<li>Deslocamentos a trabalho;<\/li>\n\n\n\n<li>Reuni\u00f5es;<\/li>\n\n\n\n<li>Entrega de documentos;<\/li>\n\n\n\n<li>Atividades externas;<\/li>\n\n\n\n<li>Visitas t\u00e9cnicas;<\/li>\n\n\n\n<li>Capacita\u00e7\u00f5es.<\/li>\n<\/ul>\n\n\n\n<p><strong>Usos proibidos:<\/strong><\/p>\n\n\n\n<ul class=\"wp-block-list\">\n<li>Deslocamentos por interesse pessoal ou lazer (art. 6o, V);<\/li>\n\n\n\n<li>Viagens entre resid\u00eancia e local de trabalho, exceto quando em \u00e1reas de dif\u00edcil acesso ou sem transporte p\u00fablico regular (art. 6o, II);<\/li>\n\n\n\n<li>Uso aos s\u00e1bados, domingos e feriados, salvo quando necess\u00e1rio para encargos inerentes \u00e0 fun\u00e7\u00e3o p\u00fablica (art. 6o, III);<\/li>\n\n\n\n<li>Deslocamentos para aeroportos quando o usu\u00e1rio receber indeniza\u00e7\u00e3o (art. 6o, IV).<\/li>\n<\/ul>\n\n\n\n<p><strong>Procedimento para envio de recursos para utiliza\u00e7\u00e3o do servi\u00e7o<\/strong> <strong>(UFPB)<\/strong>:<\/p>\n\n\n\n<ul class=\"wp-block-list\">\n<li>Enviar \u00e0 SULT as seguintes informa\u00e7\u00f5es:\n<ul class=\"wp-block-list\">\n<li>C\u00e9lula de origem do recurso;<\/li>\n\n\n\n<li>PTRES;<\/li>\n\n\n\n<li>Fonte;<\/li>\n\n\n\n<li>UGR;<\/li>\n\n\n\n<li>Plano Interno;<\/li>\n\n\n\n<li>Natureza da despesa.<\/li>\n<\/ul>\n<\/li>\n<\/ul>\n\n\n\n<blockquote class=\"wp-block-quote is-style-plain is-layout-flow wp-block-quote-is-layout-flow\">\n<ul class=\"wp-block-list\">\n<li>Parecer favor\u00e1vel da SULT para remanejamento;<\/li>\n\n\n\n<li>Envio \u00e0 CODEOR, respons\u00e1vel por encaminhar o recurso ao MGI;<\/li>\n\n\n\n<li>Devolu\u00e7\u00e3o \u00e0 SULT pela CODEOR com confirma\u00e7\u00e3o do envio ao MGI.<\/li>\n<\/ul>\n<\/blockquote>\n\n\n\n<div class=\"wp-block-media-text is-stacked-on-mobile\"><figure class=\"wp-block-media-text__media\"><img loading=\"lazy\" decoding=\"async\" width=\"734\" height=\"367\" src=\"http:\/\/www.ufpb.br\/sult\/wp-content\/uploads\/sites\/79\/sites\/313\/2026\/02\/recursos-financeiros.jpg\" alt=\"\" class=\"wp-image-146 size-full\" srcset=\"https:\/\/www.ufpb.br\/sult\/wp-content\/uploads\/sites\/79\/sites\/313\/2026\/02\/recursos-financeiros.jpg 734w, https:\/\/www.ufpb.br\/sult\/wp-content\/uploads\/sites\/79\/sites\/313\/2026\/02\/recursos-financeiros-300x150.jpg 300w\" sizes=\"auto, (max-width: 734px) 100vw, 734px\" \/><\/figure><div class=\"wp-block-media-text__content\">\n<p>Para posterior utiliza\u00e7\u00e3o dos servi\u00e7os, \u00e9 de extrema import\u00e2ncia o envio pr\u00e9vio de recursos pelas unidades requisitantes.<\/p>\n<\/div><\/div>\n\n\n\n<h2 class=\"wp-block-heading\"><div class=\"linha-header\"><strong>Solicita\u00e7\u00e3o de Cadastro de novos usu\u00e1rios:<\/strong><\/div><\/h2>\n\n\n\n<p>O gestor de cada unidade dever\u00e1 solicitar o cadastro de novos usu\u00e1rios das suas respectivas unidades quando necess\u00e1rio via e-mail da secretaria sult <strong>(secretaria@sult.ufpb.br)<\/strong>, tendo em vista que cada unidade ser\u00e1 respons\u00e1vel pela utiliza\u00e7\u00e3o dos seus usu\u00e1rios.<br>Para cadastro de novos usu\u00e1rios s\u00e3o necess\u00e1rios os seguintes dados: nome completo, cpf e e-mail institucional.<\/p>\n\n\n\n<ul class=\"wp-block-list\">\n<li>Nome Completo;<\/li>\n\n\n\n<li>CPF;<\/li>\n\n\n\n<li>Email Institucional.<\/li>\n<\/ul>\n\n\n\n<h2 class=\"wp-block-heading\"><div class=\"linha-header\"><strong>Manual do usu\u00e1rio:<\/strong><\/div><\/h2>\n\n\n\n<p><a href=\"https:\/\/cdnc.heyzine.com\/files\/uploaded\/v2\/ea1938d0bfe9810a4d51d4cafee318fb814894fb.pdf\">Clique aqui para acessar o manual do usu\u00e1rio<\/a><\/p>\n\n\n\n<p><\/p>\n\n\n\n<div class=\"wp-block-media-text is-stacked-on-mobile is-vertically-aligned-center\" style=\"grid-template-columns:17% auto\"><figure class=\"wp-block-media-text__media\"><img loading=\"lazy\" decoding=\"async\" width=\"480\" height=\"358\" src=\"http:\/\/www.ufpb.br\/sult\/wp-content\/uploads\/sites\/79\/sites\/313\/2026\/01\/6ab839bc-0d0c-4f09-8325-698542f409fe.png\" alt=\"\" class=\"wp-image-110 size-full\" srcset=\"https:\/\/www.ufpb.br\/sult\/wp-content\/uploads\/sites\/79\/sites\/313\/2026\/01\/6ab839bc-0d0c-4f09-8325-698542f409fe.png 480w, https:\/\/www.ufpb.br\/sult\/wp-content\/uploads\/sites\/79\/sites\/313\/2026\/01\/6ab839bc-0d0c-4f09-8325-698542f409fe-300x224.png 300w\" sizes=\"auto, (max-width: 480px) 100vw, 480px\" \/><\/figure><div class=\"wp-block-media-text__content\">\n<p class=\"has-text-align-center\"><strong>Superintend\u00eancia de Log\u00edstica de Transporte &#8211; SULT<\/strong><\/p>\n<\/div><\/div>\n","protected":false},"excerpt":{"rendered":"<p>O que \u00e9 o MobGov? O MobGov \u00e9 o novo servi\u00e7o de transporte terrestre destinado [&hellip;]<\/p>\n","protected":false},"author":508,"featured_media":0,"parent":0,"menu_order":0,"comment_status":"closed","ping_status":"closed","template":"","meta":{"footnotes":""},"class_list":["post-105","page","type-page","status-publish","hentry"],"_links":{"self":[{"href":"https:\/\/www.ufpb.br\/sult\/wp-json\/wp\/v2\/pages\/105","targetHints":{"allow":["GET"]}}],"collection":[{"href":"https:\/\/www.ufpb.br\/sult\/wp-json\/wp\/v2\/pages"}],"about":[{"href":"https:\/\/www.ufpb.br\/sult\/wp-json\/wp\/v2\/types\/page"}],"author":[{"embeddable":true,"href":"https:\/\/www.ufpb.br\/sult\/wp-json\/wp\/v2\/users\/508"}],"replies":[{"embeddable":true,"href":"https:\/\/www.ufpb.br\/sult\/wp-json\/wp\/v2\/comments?post=105"}],"version-history":[{"count":9,"href":"https:\/\/www.ufpb.br\/sult\/wp-json\/wp\/v2\/pages\/105\/revisions"}],"predecessor-version":[{"id":149,"href":"https:\/\/www.ufpb.br\/sult\/wp-json\/wp\/v2\/pages\/105\/revisions\/149"}],"wp:attachment":[{"href":"https:\/\/www.ufpb.br\/sult\/wp-json\/wp\/v2\/media?parent=105"}],"curies":[{"name":"wp","href":"https:\/\/api.w.org\/{rel}","templated":true}]}}