{"id":11,"date":"2026-01-28T16:09:11","date_gmt":"2026-01-28T19:09:11","guid":{"rendered":"https:\/\/www.ufpb.br\/sult\/?page_id=11"},"modified":"2026-02-05T11:50:50","modified_gmt":"2026-02-05T14:50:50","slug":"apresentacao","status":"publish","type":"page","link":"https:\/\/www.ufpb.br\/sult\/apresentacao\/","title":{"rendered":"Apresenta\u00e7\u00e3o"},"content":{"rendered":"\n<p class=\" \"><\/p>\n\n\n\n<div class=\"wp-block-media-text is-stacked-on-mobile is-vertically-aligned-center\" style=\"grid-template-columns:44% auto\"><figure class=\"wp-block-media-text__media\"><img loading=\"lazy\" decoding=\"async\" width=\"461\" height=\"1024\" src=\"http:\/\/www.ufpb.br\/sult\/wp-content\/uploads\/sites\/79\/sites\/313\/2026\/02\/IMG_20260205_103101-461x1024.jpg\" alt=\"\" class=\"wp-image-167 size-full\" srcset=\"https:\/\/www.ufpb.br\/sult\/wp-content\/uploads\/sites\/79\/sites\/313\/2026\/02\/IMG_20260205_103101-461x1024.jpg 461w, https:\/\/www.ufpb.br\/sult\/wp-content\/uploads\/sites\/79\/sites\/313\/2026\/02\/IMG_20260205_103101-135x300.jpg 135w, https:\/\/www.ufpb.br\/sult\/wp-content\/uploads\/sites\/79\/sites\/313\/2026\/02\/IMG_20260205_103101-768x1707.jpg 768w, https:\/\/www.ufpb.br\/sult\/wp-content\/uploads\/sites\/79\/sites\/313\/2026\/02\/IMG_20260205_103101-691x1536.jpg 691w, https:\/\/www.ufpb.br\/sult\/wp-content\/uploads\/sites\/79\/sites\/313\/2026\/02\/IMG_20260205_103101-922x2048.jpg 922w, https:\/\/www.ufpb.br\/sult\/wp-content\/uploads\/sites\/79\/sites\/313\/2026\/02\/IMG_20260205_103101-scaled.jpg 1152w\" sizes=\"auto, (max-width: 461px) 100vw, 461px\" \/><\/figure><div class=\"wp-block-media-text__content\">\n<h2 class=\"wp-block-heading\"><div class=\"linha-header\">A SULT<\/div><\/h2>\n\n\n\n<p>A Superintend\u00eancia de Log\u00edstica de Transporte (SULT) \u00e9 um \u00f3rg\u00e3o suplementar da&nbsp;Reitoria da Universidade Federal da Para\u00edba (UFPB). A unidade \u00e9 respons\u00e1vel pelo&nbsp;gerenciamento das atividades de log\u00edstica de transporte de pessoas e equipamentos da&nbsp;Institui\u00e7\u00e3o.<\/p>\n\n\n\n<p class=\" \">Al\u00e9m disso, a SULT tem como principal objetivo propor diretrizes, planos e projetos para a&nbsp;formula\u00e7\u00e3o e implanta\u00e7\u00e3o de pol\u00edticas que proporcionem suporte as diferentes&nbsp;modalidades do universo acad\u00eamico, atendendo desde as atividades fins, como eventos&nbsp;culturais e universit\u00e1rios, at\u00e9 o acesso a recursos que tornam poss\u00edveis as atividades&nbsp;cotidianas de servidores e alunos.<\/p>\n\n\n\n<p class=\" \">Cabe tamb\u00e9m \u00e0 Superintend\u00eancia promover estudos e levantamentos que identifiquem&nbsp;pontos a serem melhorados em sua estrutura interna, buscando sempre o meio mais&nbsp;eficiente de oferecer sua log\u00edstica multimodal de transportes.<\/p>\n\n\n\n<p>Ademais, o \u00f3rg\u00e3o administra o abastecimento da frota, a aquisi\u00e7\u00e3o de pe\u00e7as para a&nbsp;manuten\u00e7\u00e3o dos ve\u00edculos, bem como a contrata\u00e7\u00e3o de colaboradores terceirizados&nbsp;atrav\u00e9s da gest\u00e3o financeira e cont\u00e1bil da Superintend\u00eancia de Or\u00e7amento e Finan\u00e7as da&nbsp;UFPB (SOF).<\/p>\n<\/div><\/div>\n\n\n\n<div class=\"wp-block-media-text is-stacked-on-mobile is-vertically-aligned-center\" style=\"grid-template-columns:17% auto\"><figure class=\"wp-block-media-text__media\"><img loading=\"lazy\" decoding=\"async\" width=\"480\" height=\"358\" src=\"http:\/\/www.ufpb.br\/sult\/wp-content\/uploads\/sites\/79\/sites\/313\/2026\/01\/6ab839bc-0d0c-4f09-8325-698542f409fe.png\" alt=\"\" class=\"wp-image-110 size-full\" srcset=\"https:\/\/www.ufpb.br\/sult\/wp-content\/uploads\/sites\/79\/sites\/313\/2026\/01\/6ab839bc-0d0c-4f09-8325-698542f409fe.png 480w, https:\/\/www.ufpb.br\/sult\/wp-content\/uploads\/sites\/79\/sites\/313\/2026\/01\/6ab839bc-0d0c-4f09-8325-698542f409fe-300x224.png 300w\" sizes=\"auto, (max-width: 480px) 100vw, 480px\" \/><\/figure><div class=\"wp-block-media-text__content\">\n<p class=\"has-text-align-center\"><strong>Superintend\u00eancia de Log\u00edstica de Transporte &#8211; SULT<\/strong><\/p>\n<\/div><\/div>\n\n\n\n<p><\/p>\n","protected":false},"excerpt":{"rendered":"<p>A SULT A Superintend\u00eancia de Log\u00edstica de Transporte (SULT) \u00e9 um \u00f3rg\u00e3o suplementar da&nbsp;Reitoria da [&hellip;]<\/p>\n","protected":false},"author":508,"featured_media":0,"parent":0,"menu_order":0,"comment_status":"closed","ping_status":"closed","template":"","meta":{"footnotes":""},"class_list":["post-11","page","type-page","status-publish","hentry"],"_links":{"self":[{"href":"https:\/\/www.ufpb.br\/sult\/wp-json\/wp\/v2\/pages\/11","targetHints":{"allow":["GET"]}}],"collection":[{"href":"https:\/\/www.ufpb.br\/sult\/wp-json\/wp\/v2\/pages"}],"about":[{"href":"https:\/\/www.ufpb.br\/sult\/wp-json\/wp\/v2\/types\/page"}],"author":[{"embeddable":true,"href":"https:\/\/www.ufpb.br\/sult\/wp-json\/wp\/v2\/users\/508"}],"replies":[{"embeddable":true,"href":"https:\/\/www.ufpb.br\/sult\/wp-json\/wp\/v2\/comments?post=11"}],"version-history":[{"count":7,"href":"https:\/\/www.ufpb.br\/sult\/wp-json\/wp\/v2\/pages\/11\/revisions"}],"predecessor-version":[{"id":170,"href":"https:\/\/www.ufpb.br\/sult\/wp-json\/wp\/v2\/pages\/11\/revisions\/170"}],"wp:attachment":[{"href":"https:\/\/www.ufpb.br\/sult\/wp-json\/wp\/v2\/media?parent=11"}],"curies":[{"name":"wp","href":"https:\/\/api.w.org\/{rel}","templated":true}]}}