{"id":20,"date":"2025-06-02T20:05:49","date_gmt":"2025-06-02T23:05:49","guid":{"rendered":"https:\/\/www.ufpb.br\/sult\/?page_id=20"},"modified":"2026-01-30T11:21:10","modified_gmt":"2026-01-30T14:21:10","slug":"procedimentos-internos","status":"publish","type":"page","link":"https:\/\/www.ufpb.br\/sult\/procedimentos-internos\/","title":{"rendered":"Procedimentos Internos"},"content":{"rendered":"\n<p><strong>A\u00c7\u00d5ES DO PLANO DE CONFORMIDADE INSTITUCIONAL DA UFPB<\/strong><\/p>\n\n\n\n<p>Em conson\u00e2ncia com o Plano de Conformidade Institucional para o bi\u00eanio 2023\/2024, elaborado pela comiss\u00e3o de conformidade em reuni\u00e3o do Comit\u00ea Governan\u00e7a, Controle Interno e Gest\u00e3o de Riscos (COMGOV), a SULT elaborou manual de procedimentos internos, fluxogramas e descri\u00e7\u00e3o de suas atividades cotidianas. O documento pode ser acessado&nbsp;no seguinte link:<\/p>\n\n\n\n<p><strong><a href=\"https:\/\/drive.ufpb.br\/s\/5b573t2Z7bDL9Qa\" target=\"_blank\" rel=\"noreferrer noopener\">Manual de Procedimentos Internos<\/a><\/strong><\/p>\n\n\n\n<div class=\"wp-block-media-text is-stacked-on-mobile is-vertically-aligned-center\" style=\"grid-template-columns:17% auto\"><figure class=\"wp-block-media-text__media\"><img loading=\"lazy\" decoding=\"async\" width=\"480\" height=\"358\" src=\"http:\/\/www.ufpb.br\/sult\/wp-content\/uploads\/sites\/79\/sites\/313\/2026\/01\/6ab839bc-0d0c-4f09-8325-698542f409fe.png\" alt=\"\" class=\"wp-image-110 size-full\" srcset=\"https:\/\/www.ufpb.br\/sult\/wp-content\/uploads\/sites\/79\/sites\/313\/2026\/01\/6ab839bc-0d0c-4f09-8325-698542f409fe.png 480w, https:\/\/www.ufpb.br\/sult\/wp-content\/uploads\/sites\/79\/sites\/313\/2026\/01\/6ab839bc-0d0c-4f09-8325-698542f409fe-300x224.png 300w\" sizes=\"auto, (max-width: 480px) 100vw, 480px\" \/><\/figure><div class=\"wp-block-media-text__content\">\n<p class=\"has-text-align-center\"><strong>Superintend\u00eancia de Log\u00edstica de Transporte &#8211; SULT<\/strong><\/p>\n<\/div><\/div>\n","protected":false},"excerpt":{"rendered":"<p>A\u00c7\u00d5ES DO PLANO DE CONFORMIDADE INSTITUCIONAL DA UFPB Em conson\u00e2ncia com o Plano de Conformidade [&hellip;]<\/p>\n","protected":false},"author":47,"featured_media":0,"parent":0,"menu_order":0,"comment_status":"closed","ping_status":"closed","template":"","meta":{"footnotes":""},"class_list":["post-20","page","type-page","status-publish","hentry"],"_links":{"self":[{"href":"https:\/\/www.ufpb.br\/sult\/wp-json\/wp\/v2\/pages\/20","targetHints":{"allow":["GET"]}}],"collection":[{"href":"https:\/\/www.ufpb.br\/sult\/wp-json\/wp\/v2\/pages"}],"about":[{"href":"https:\/\/www.ufpb.br\/sult\/wp-json\/wp\/v2\/types\/page"}],"author":[{"embeddable":true,"href":"https:\/\/www.ufpb.br\/sult\/wp-json\/wp\/v2\/users\/47"}],"replies":[{"embeddable":true,"href":"https:\/\/www.ufpb.br\/sult\/wp-json\/wp\/v2\/comments?post=20"}],"version-history":[{"count":3,"href":"https:\/\/www.ufpb.br\/sult\/wp-json\/wp\/v2\/pages\/20\/revisions"}],"predecessor-version":[{"id":119,"href":"https:\/\/www.ufpb.br\/sult\/wp-json\/wp\/v2\/pages\/20\/revisions\/119"}],"wp:attachment":[{"href":"https:\/\/www.ufpb.br\/sult\/wp-json\/wp\/v2\/media?parent=20"}],"curies":[{"name":"wp","href":"https:\/\/api.w.org\/{rel}","templated":true}]}}