{"id":22,"date":"2026-01-28T16:21:14","date_gmt":"2026-01-28T19:21:14","guid":{"rendered":"https:\/\/www.ufpb.br\/sult\/?page_id=22"},"modified":"2026-02-05T09:58:40","modified_gmt":"2026-02-05T12:58:40","slug":"transparencia","status":"publish","type":"page","link":"https:\/\/www.ufpb.br\/sult\/transparencia\/","title":{"rendered":"Transpar\u00eancia"},"content":{"rendered":"\n<h2 class=\"wp-block-heading\"><div class=\"linha-header\"><strong>A publicidade no Servi\u00e7o P\u00fablico<\/strong><\/div><\/h2>\n\n\n\n<p>Alinhada ao que determina a nossa Constitui\u00e7\u00e3o Federal em seu Artigo 37, a SULT preza pela publicidade de suas atividades e corrobora a plena transpar\u00eancia da Universidade Federal da Para\u00edba.<\/p>\n\n\n\n<h2 class=\"wp-block-heading\"><div class=\"linha-header\"><strong>Portarias<\/strong><\/div><\/h2>\n\n\n\n<ul class=\"wp-block-list\">\n<li><a href=\"https:\/\/drive.ufpb.br\/s\/FC3tqaGkw9ka33x\" target=\"_blank\" rel=\"noreferrer noopener\">Portaria n\u00ba 69\/2025 &#8211; SOF&nbsp;<\/a><\/li>\n\n\n\n<li><a href=\"https:\/\/drive.ufpb.br\/s\/waHXHBe54JR9W2t\" target=\"_blank\" rel=\"noreferrer noopener\">Portaria n\u00ba 112\/2025 &#8211; SOF<\/a><\/li>\n<\/ul>\n\n\n\n<h2 class=\"wp-block-heading\"><div class=\"linha-header\"><strong>Contratos Vigentes<\/strong><\/div><\/h2>\n\n\n\n<ul class=\"wp-block-list\">\n<li><a href=\"https:\/\/drive.ufpb.br\/s\/2sydpgnwLGXTYeD\" target=\"_blank\" rel=\"noreferrer noopener\">Contrato n\u00ba 001\/2025 UFPB\/SOF &#8211; Servi\u00e7o de Condu\u00e7\u00e3o de Ve\u00edculos<\/a><\/li>\n\n\n\n<li><a href=\"https:\/\/drive.ufpb.br\/s\/ZRT3DrWNTH9EmcL\" target=\"_blank\" rel=\"noreferrer noopener\">Contrato n\u00ba 005\/2024 UFPB\/SOF &#8211; Abastecimento e Manuten\u00e7\u00e3o de Ve\u00edculos<\/a>&nbsp;<\/li>\n<\/ul>\n\n\n\n<h2 class=\"wp-block-heading\"><div class=\"linha-header\"><strong>Termos Aditivos Vigentes<\/strong><\/div><\/h2>\n\n\n\n<ul class=\"wp-block-list\">\n<li><a href=\"https:\/\/drive.ufpb.br\/s\/ZPSo6BCGYWF54ZP\" target=\"_blank\" rel=\"noreferrer noopener\">Contrato n\u00ba 005\/2024 UFPB\/SOF &#8211; Abastecimento e Manuten\u00e7\u00e3o de Ve\u00edculos &#8211; 1\u00ba Termo Aditivo<\/a><\/li>\n<\/ul>\n\n\n\n<h2 class=\"wp-block-heading\"><div class=\"linha-header\"><strong>Apostilamentos Vigentes<\/strong><\/div><\/h2>\n\n\n\n<ul class=\"wp-block-list\">\n<li><a href=\"https:\/\/drive.ufpb.br\/s\/rfXw7zYKMzLSr8q\" target=\"_blank\" rel=\"noreferrer noopener\">Contrato n\u00ba 001\/2025 UFPB\/SOF &#8211; Servi\u00e7o de Condu\u00e7\u00e3o de Ve\u00edculos &#8211; 02\u00ba Apostilamento<\/a><\/li>\n<\/ul>\n\n\n\n<h2 class=\"wp-block-heading\"><div class=\"linha-header\"><strong>Contratos Rescindidos<\/strong><\/div><\/h2>\n\n\n\n<ul class=\"wp-block-list\">\n<li><a href=\"https:\/\/drive.ufpb.br\/s\/nAeSafzTcY8ryNJ\" target=\"_blank\" rel=\"noreferrer noopener\">Contrato n\u00ba 007\/2019 UFPB\/SOF &#8211; Manuten\u00e7\u00e3o de Ve\u00edculos&nbsp;<\/a><\/li>\n\n\n\n<li><a href=\"https:\/\/drive.ufpb.br\/s\/7frQ8fTZzCqjSx6\" target=\"_blank\" rel=\"noreferrer noopener\">Contrato n\u00ba 008\/2019 UFPB\/SOF &#8211;&nbsp;Abastecimentos de Ve\u00edculos<\/a><\/li>\n\n\n\n<li><a href=\"https:\/\/drive.ufpb.br\/s\/7frQ8fTZzCqjSx6\" target=\"_blank\" rel=\"noreferrer noopener\">Contrato n\u00ba 004\/2019 UFPB\/SOF &#8211;&nbsp;Condu\u00e7\u00e3o de Ve\u00edculos<\/a><\/li>\n<\/ul>\n\n\n\n<h2 class=\"wp-block-heading\"><div class=\"linha-header\"><strong>Termos Aditivos Expirados<\/strong><\/div><\/h2>\n\n\n\n<ul class=\"wp-block-list\">\n<li><a href=\"https:\/\/drive.ufpb.br\/s\/mz8iReHxH69XrMK\" target=\"_blank\" rel=\"noreferrer noopener\">Contrato n\u00ba 007\/2019 UFPB\/SOF &#8211; Manuten\u00e7\u00e3o de Ve\u00edculos&nbsp;&#8211; 1\u00ba Termo Aditivo<\/a><\/li>\n\n\n\n<li><a href=\"https:\/\/drive.ufpb.br\/s\/oqEdWAd7KmdnCbr\" target=\"_blank\" rel=\"noreferrer noopener\">Contrato n\u00ba 007\/2019 UFPB\/SOF &#8211; Manuten\u00e7\u00e3o de Ve\u00edculos&nbsp;&#8211; 2\u00ba Termo Aditivo<\/a><\/li>\n\n\n\n<li><a href=\"https:\/\/drive.ufpb.br\/s\/fEo3X49ExFL3EZ5\" target=\"_blank\" rel=\"noreferrer noopener\">Contrato n\u00ba 007\/2019 UFPB\/SOF &#8211; Manuten\u00e7\u00e3o de Ve\u00edculos&nbsp;&#8211; 3\u00ba Termo Aditivo<\/a><\/li>\n\n\n\n<li><a href=\"https:\/\/drive.ufpb.br\/s\/wGXHzNqkbipNQkk\" target=\"_blank\" rel=\"noreferrer noopener\">Contrato n\u00ba 007\/2019 UFPB\/SOF &#8211; Manuten\u00e7\u00e3o de Ve\u00edculos&nbsp;&#8211; 4\u00ba Termo Aditivo<\/a><\/li>\n<\/ul>\n\n\n\n<ul class=\"wp-block-list\">\n<li><a href=\"https:\/\/drive.ufpb.br\/s\/PBegqNbkqKJxyqg\" target=\"_blank\" rel=\"noreferrer noopener\">Contrato n\u00ba 008\/2019 UFPB\/SOF &#8211;&nbsp;Abastecimentos de Ve\u00edculos&nbsp;&#8211; 1\u00ba Termo Aditivo<\/a><\/li>\n\n\n\n<li><a href=\"https:\/\/drive.ufpb.br\/s\/aoZecqi3jSrZPRo\" target=\"_blank\" rel=\"noreferrer noopener\">Contrato n\u00ba 008\/2019 UFPB\/SOF &#8211;&nbsp;Abastecimentos de Ve\u00edculos&nbsp;&#8211; 2\u00ba Termo Aditivo<\/a><\/li>\n\n\n\n<li><a href=\"https:\/\/drive.ufpb.br\/s\/bKibomY4SFcGbAf\" target=\"_blank\" rel=\"noreferrer noopener\">Contrato n\u00ba 008\/2019 UFPB\/SOF &#8211;&nbsp;Abastecimentos de Ve\u00edculos&nbsp;&#8211; 3\u00ba Termo Aditivo<\/a><\/li>\n\n\n\n<li><a href=\"https:\/\/drive.ufpb.br\/s\/CgspQYo9xkBCiYA\" target=\"_blank\" rel=\"noreferrer noopener\">Contrato n\u00ba 008\/2019 UFPB\/SOF &#8211;&nbsp;Abastecimentos de Ve\u00edculos&nbsp;&#8211; 4\u00ba Termo Aditivo<\/a><\/li>\n<\/ul>\n\n\n\n<ul class=\"wp-block-list\">\n<li><a href=\"https:\/\/drive.ufpb.br\/s\/LytrrDoYk7Fmg8E\" target=\"_blank\" rel=\"noreferrer noopener\">Contrato n\u00ba 004\/2019 UFPB\/SOF &#8211; Servi\u00e7o de Condu\u00e7\u00e3o de Ve\u00edculos &#8211; 01\u00ba&nbsp;Termo Aditivo<\/a><\/li>\n\n\n\n<li><a href=\"https:\/\/drive.ufpb.br\/s\/ad3QLkXJPMFTjC4\" target=\"_blank\" rel=\"noreferrer noopener\">Contrato n\u00ba 004\/2019 UFPB\/SOF &#8211; Servi\u00e7o de Condu\u00e7\u00e3o de Ve\u00edculos &#8211; 02\u00ba&nbsp;Termo Aditivo<\/a><\/li>\n\n\n\n<li><a href=\"https:\/\/drive.ufpb.br\/s\/RHqyAqc5XPiPcay\" target=\"_blank\" rel=\"noreferrer noopener\">Contrato n\u00ba 004\/2019 UFPB\/SOF &#8211; Servi\u00e7o de Condu\u00e7\u00e3o de Ve\u00edculos &#8211; 03\u00ba&nbsp;Termo Aditivo<\/a><\/li>\n\n\n\n<li><a href=\"https:\/\/drive.ufpb.br\/s\/sBJezb8jycRddZn\" target=\"_blank\" rel=\"noreferrer noopener\">Contrato n\u00ba 004\/2019 UFPB\/SOF &#8211; Servi\u00e7o de Condu\u00e7\u00e3o de Ve\u00edculos &#8211; 04\u00ba&nbsp;Termo Aditivo<\/a><\/li>\n\n\n\n<li><a href=\"https:\/\/drive.ufpb.br\/s\/exnoqjNkDeqHipi\" target=\"_blank\" rel=\"noreferrer noopener\">Contrato n\u00ba 004\/2019 UFPB\/SOF &#8211; Servi\u00e7o de Condu\u00e7\u00e3o de Ve\u00edculos &#8211; 05\u00ba&nbsp;Termo Aditivo<\/a><\/li>\n\n\n\n<li><a href=\"https:\/\/drive.ufpb.br\/s\/oHgiRfJpERMZ8TD\" target=\"_blank\" rel=\"noreferrer noopener\">Contrato n\u00ba 004\/2019 UFPB\/SOF &#8211; Servi\u00e7o de Condu\u00e7\u00e3o de Ve\u00edculos &#8211; 06\u00ba&nbsp;Termo Aditivo<\/a><\/li>\n\n\n\n<li><a href=\"https:\/\/drive.ufpb.br\/s\/iYqk6fad8kBk8Ro\" target=\"_blank\" rel=\"noreferrer noopener\">Contrato n\u00ba 004\/2019 UFPB\/SOF &#8211; Servi\u00e7o de Condu\u00e7\u00e3o de Ve\u00edculos &#8211; 07\u00ba&nbsp;Termo Aditivo<\/a><\/li>\n\n\n\n<li><a href=\"https:\/\/drive.ufpb.br\/s\/wgdTG469K6gR5q3\" target=\"_blank\" rel=\"noreferrer noopener\">Contrato n\u00ba 004\/2019 UFPB\/SOF &#8211; Servi\u00e7o de Condu\u00e7\u00e3o de Ve\u00edculos &#8211; 08\u00ba&nbsp;Termo Aditivo<\/a><\/li>\n\n\n\n<li><a href=\"https:\/\/drive.ufpb.br\/s\/d68HWKEHncsTmAk\" target=\"_blank\" rel=\"noreferrer noopener\">Contrato n\u00ba 004\/2019 UFPB\/SOF &#8211; Servi\u00e7o de Condu\u00e7\u00e3o de Ve\u00edculos &#8211; 09\u00ba&nbsp;Termo Aditivo<\/a><\/li>\n\n\n\n<li><a href=\"https:\/\/drive.ufpb.br\/s\/nzEkoxMm2WLSjMW\" target=\"_blank\" rel=\"noreferrer noopener\">Contrato n\u00ba 004\/2019 UFPB\/SOF &#8211; Servi\u00e7o de Condu\u00e7\u00e3o de Ve\u00edculos &#8211; 10\u00ba&nbsp;Termo Aditivo<\/a><\/li>\n\n\n\n<li><a href=\"https:\/\/drive.ufpb.br\/s\/Wgarkpx86miCNtC\" target=\"_blank\" rel=\"noreferrer noopener\">Contrato n\u00ba 004\/2019 UFPB\/SOF &#8211; Servi\u00e7o de Condu\u00e7\u00e3o de Ve\u00edculos &#8211; 11\u00ba&nbsp;Termo Aditivo<\/a><\/li>\n\n\n\n<li><a href=\"https:\/\/drive.ufpb.br\/s\/36DnBQGLr27jm6p\" target=\"_blank\" rel=\"noreferrer noopener\">Contrato n\u00ba 004\/2019 UFPB\/SOF &#8211; Servi\u00e7o de Condu\u00e7\u00e3o de Ve\u00edculos &#8211; 12\u00ba&nbsp;Termo Aditivo<\/a><\/li>\n\n\n\n<li><a href=\"https:\/\/drive.ufpb.br\/s\/wdNqm6qYjJ79aw5\" target=\"_blank\" rel=\"noreferrer noopener\">Contrato n\u00ba 004\/2019 UFPB\/SOF &#8211; Servi\u00e7o de Condu\u00e7\u00e3o de Ve\u00edculos &#8211; 13\u00ba&nbsp;Termo Aditivo<\/a><\/li>\n<\/ul>\n\n\n\n<h2 class=\"wp-block-heading\"><div class=\"linha-header\"><strong>Apostilamentos Expirados<\/strong><\/div><\/h2>\n\n\n\n<ul class=\"wp-block-list\">\n<li><a href=\"https:\/\/drive.ufpb.br\/s\/CNSZbriDcj7jEXn\" target=\"_blank\" rel=\"noreferrer noopener\">Contrato n\u00ba 004\/2019 UFPB\/SOF &#8211; Servi\u00e7o de Condu\u00e7\u00e3o de Ve\u00edculos &#8211; 01\u00ba Apostilamento<\/a><\/li>\n\n\n\n<li><a href=\"https:\/\/drive.ufpb.br\/s\/Y5DXoJN76AQ4CKd\" target=\"_blank\" rel=\"noreferrer noopener\">Contrato n\u00ba 004\/2019 UFPB\/SOF &#8211; Servi\u00e7o de Condu\u00e7\u00e3o de Ve\u00edculos &#8211; 02\u00ba Apostilamento<\/a><\/li>\n\n\n\n<li><a href=\"https:\/\/drive.ufpb.br\/s\/CpMcfkTko2FRjq8\" target=\"_blank\" rel=\"noreferrer noopener\">Contrato n\u00ba 004\/2019 UFPB\/SOF &#8211; Servi\u00e7o de Condu\u00e7\u00e3o de Ve\u00edculos &#8211; 03\u00ba Apostilamento&nbsp;<\/a><\/li>\n\n\n\n<li><a href=\"https:\/\/drive.ufpb.br\/s\/t3Tk5RRPDNoLS6D\" target=\"_blank\" rel=\"noreferrer noopener\">Contrato n\u00ba 004\/2019 UFPB\/SOF &#8211; Servi\u00e7o de Condu\u00e7\u00e3o de Ve\u00edculos &#8211; 04\u00ba Apostilamento<\/a><\/li>\n\n\n\n<li><a href=\"https:\/\/drive.ufpb.br\/s\/2mjnj5sks2RMxeL\" target=\"_blank\" rel=\"noreferrer noopener\">Contrato n\u00ba 004\/2019 UFPB\/SOF &#8211; Servi\u00e7o de Condu\u00e7\u00e3o de Ve\u00edculos &#8211; 05\u00ba Apostilamento<\/a><\/li>\n\n\n\n<li><a href=\"https:\/\/drive.ufpb.br\/s\/XCAk25cQQTtD93K\" target=\"_blank\" rel=\"noreferrer noopener\">Contrato n\u00ba 004\/2019 UFPB\/SOF &#8211; Servi\u00e7o de Condu\u00e7\u00e3o de Ve\u00edculos &#8211; 06\u00ba Apostilamento<\/a><\/li>\n\n\n\n<li><a href=\"https:\/\/drive.ufpb.br\/s\/TJTcRSoeYSdFFkM\" target=\"_blank\" rel=\"noreferrer noopener\">Contrato n\u00ba 004\/2019 UFPB\/SOF &#8211; Servi\u00e7o de Condu\u00e7\u00e3o de Ve\u00edculos &#8211; 07\u00ba Apostilamento<\/a><\/li>\n\n\n\n<li><a href=\"https:\/\/drive.ufpb.br\/s\/WqK2ftQEw43wTsA\" target=\"_blank\" rel=\"noreferrer noopener\">Contrato n\u00ba 004\/2019 UFPB\/SOF &#8211; Servi\u00e7o de Condu\u00e7\u00e3o de Ve\u00edculos &#8211; 08\u00ba Apostilamento<\/a><\/li>\n\n\n\n<li><a href=\"https:\/\/drive.ufpb.br\/s\/3Rjb6kkrdTWZYrZ\" target=\"_blank\" rel=\"noreferrer noopener\">Contrato n\u00ba 004\/2019 UFPB\/SOF &#8211; Servi\u00e7o de Condu\u00e7\u00e3o de Ve\u00edculos &#8211; 09\u00ba Apostilamento<\/a><\/li>\n\n\n\n<li><a href=\"https:\/\/drive.ufpb.br\/s\/oMjRykzG6yLfnTD\" target=\"_blank\" rel=\"noreferrer noopener\">Contrato n\u00ba 004\/2019 UFPB\/SOF &#8211; Servi\u00e7o de Condu\u00e7\u00e3o de Ve\u00edculos &#8211; 10\u00ba Apostilamento<\/a><\/li>\n\n\n\n<li><a href=\"https:\/\/drive.ufpb.br\/s\/Pm3wjTKDMDoKs3F\" target=\"_blank\" rel=\"noreferrer noopener\">Contrato n\u00ba 004\/2019 UFPB\/SOF &#8211; Servi\u00e7o de Condu\u00e7\u00e3o de Ve\u00edculos &#8211; 11\u00ba Apostilamento<\/a><\/li>\n\n\n\n<li><a href=\"https:\/\/drive.ufpb.br\/s\/gH3oXwcCBqHGMM4\" target=\"_blank\" rel=\"noreferrer noopener\">Contrato n\u00ba 004\/2019 UFPB\/SOF &#8211; Servi\u00e7o de Condu\u00e7\u00e3o de Ve\u00edculos &#8211; 12\u00ba Apostilamento<\/a><\/li>\n\n\n\n<li><a href=\"https:\/\/drive.ufpb.br\/s\/bzLmTX8yki4py42\" target=\"_blank\" rel=\"noreferrer noopener\">Contrato n\u00ba 001\/2025 UFPB\/SOF &#8211; Servi\u00e7o de Condu\u00e7\u00e3o de Ve\u00edculos &#8211; 01\u00ba Apostilamento<\/a><\/li>\n<\/ul>\n\n\n\n<div class=\"wp-block-media-text is-stacked-on-mobile is-vertically-aligned-center\" style=\"grid-template-columns:17% auto\"><figure class=\"wp-block-media-text__media\"><img loading=\"lazy\" decoding=\"async\" width=\"480\" height=\"358\" src=\"http:\/\/www.ufpb.br\/sult\/wp-content\/uploads\/sites\/79\/sites\/313\/2026\/01\/6ab839bc-0d0c-4f09-8325-698542f409fe.png\" alt=\"\" class=\"wp-image-110 size-full\" srcset=\"https:\/\/www.ufpb.br\/sult\/wp-content\/uploads\/sites\/79\/sites\/313\/2026\/01\/6ab839bc-0d0c-4f09-8325-698542f409fe.png 480w, https:\/\/www.ufpb.br\/sult\/wp-content\/uploads\/sites\/79\/sites\/313\/2026\/01\/6ab839bc-0d0c-4f09-8325-698542f409fe-300x224.png 300w\" sizes=\"auto, (max-width: 480px) 100vw, 480px\" \/><\/figure><div class=\"wp-block-media-text__content\">\n<p class=\"has-text-align-center\"><strong>Superintend\u00eancia de Log\u00edstica de Transporte &#8211; SULT<\/strong><\/p>\n<\/div><\/div>\n","protected":false},"excerpt":{"rendered":"<p>A publicidade no Servi\u00e7o P\u00fablico Alinhada ao que determina a nossa Constitui\u00e7\u00e3o Federal em seu [&hellip;]<\/p>\n","protected":false},"author":508,"featured_media":0,"parent":0,"menu_order":0,"comment_status":"closed","ping_status":"closed","template":"","meta":{"footnotes":""},"class_list":["post-22","page","type-page","status-publish","hentry"],"_links":{"self":[{"href":"https:\/\/www.ufpb.br\/sult\/wp-json\/wp\/v2\/pages\/22","targetHints":{"allow":["GET"]}}],"collection":[{"href":"https:\/\/www.ufpb.br\/sult\/wp-json\/wp\/v2\/pages"}],"about":[{"href":"https:\/\/www.ufpb.br\/sult\/wp-json\/wp\/v2\/types\/page"}],"author":[{"embeddable":true,"href":"https:\/\/www.ufpb.br\/sult\/wp-json\/wp\/v2\/users\/508"}],"replies":[{"embeddable":true,"href":"https:\/\/www.ufpb.br\/sult\/wp-json\/wp\/v2\/comments?post=22"}],"version-history":[{"count":11,"href":"https:\/\/www.ufpb.br\/sult\/wp-json\/wp\/v2\/pages\/22\/revisions"}],"predecessor-version":[{"id":156,"href":"https:\/\/www.ufpb.br\/sult\/wp-json\/wp\/v2\/pages\/22\/revisions\/156"}],"wp:attachment":[{"href":"https:\/\/www.ufpb.br\/sult\/wp-json\/wp\/v2\/media?parent=22"}],"curies":[{"name":"wp","href":"https:\/\/api.w.org\/{rel}","templated":true}]}}