{"id":24,"date":"2025-06-02T20:06:12","date_gmt":"2025-06-02T23:06:12","guid":{"rendered":"https:\/\/www.ufpb.br\/sult\/?page_id=24"},"modified":"2026-02-05T10:00:32","modified_gmt":"2026-02-05T13:00:32","slug":"legislacao","status":"publish","type":"page","link":"https:\/\/www.ufpb.br\/sult\/legislacao\/","title":{"rendered":"Legisla\u00e7\u00e3o"},"content":{"rendered":"\n<h2 class=\"wp-block-heading\"><div class=\"linha-header\"><strong>Consulta Normativa<\/strong><\/div><\/h2>\n\n\n\n<p>Com o intuito de subsidiar seus servidores, funcion\u00e1rios contratados e p\u00fablico externo, a SULT disponibiliza consulta a normas que embasam sua atua\u00e7\u00e3o no \u00e2mbito do Servi\u00e7o P\u00fablico.<\/p>\n\n\n\n<h2 class=\"wp-block-heading\"><div class=\"linha-header\"><strong>Cria\u00e7\u00e3o da Superintend\u00eancia de Log\u00edstica de Transporte<\/strong><\/div><\/h2>\n\n\n\n<ul class=\"wp-block-list\">\n<li><a href=\"https:\/\/drive.ufpb.br\/s\/6J7XrrqrnS6Xp25\" target=\"_blank\" rel=\"noreferrer noopener\">Resolu\u00e7\u00e3o N\u00ba 41\/2018 &#8211; CONSUNI &#8211; Cria\u00e7\u00e3o da Superintend\u00eancia de Log\u00edstica de Transporte &#8211; SULT<\/a><\/li>\n<\/ul>\n\n\n\n<h2 class=\"wp-block-heading\"><div class=\"linha-header\"><strong>Legisla\u00e7\u00e3o de Apoio<\/strong><\/div><\/h2>\n\n\n\n<ul class=\"wp-block-list\">\n<li><a href=\"https:\/\/drive.ufpb.br\/s\/PbxLF4cxAtBBjYb\" target=\"_blank\" rel=\"noreferrer noopener\">Instru\u00e7\u00e3o Normativa n\u00ba 05\/2017 &#8211; Regras e Diretrizes do Procedimento de Contrata\u00e7\u00e3o de Servi\u00e7os Sob o Regime de Execu\u00e7\u00e3o Indireta no \u00c2mbito da Administra\u00e7\u00e3o P\u00fablica Federal Direta, Aut\u00e1rquica e Fundacional.<\/a><\/li>\n\n\n\n<li><a href=\"https:\/\/drive.ufpb.br\/s\/GPj5PPonGHNDSqc\" target=\"_blank\" rel=\"noreferrer noopener\">Caderno de Log\u00edstica da Conta Vinculada &#8211;&nbsp;Orienta\u00e7\u00f5es b\u00e1sicas sobre a operacionaliza\u00e7\u00e3o da Conta Vinculada nos termos da al\u00ednea \u201ca\u201d do item 1.1 do Anexo VII-B e do Anexo XII da Instru\u00e7\u00e3o Normativa n\u00ba 5, de 26 de maio de 2017.<\/a><\/li>\n\n\n\n<li><a href=\"https:\/\/drive.ufpb.br\/s\/zC6tpoAwjFJqdxS\" target=\"_blank\" rel=\"noreferrer noopener\">Lei n\u00ba 14.133\/2021 &#8211; Lei de Licita\u00e7\u00f5es e Contratos Administrativos<\/a><\/li>\n<\/ul>\n\n\n\n<h2 class=\"wp-block-heading\"><div class=\"linha-header\"><strong>Uso de Carros Oficiais da Institui\u00e7\u00e3o<\/strong><\/div><\/h2>\n\n\n\n<ul class=\"wp-block-list\">\n<li>&nbsp;<a href=\"https:\/\/drive.ufpb.br\/s\/iApixPxnsc8oAjQ\" target=\"_blank\" rel=\"noreferrer noopener\">Lei n\u00ba&nbsp;1.081\/1950 &#8211; Disp\u00f5e Sobre o Uso de Carros Oficiais<\/a><\/li>\n\n\n\n<li><a href=\"https:\/\/drive.ufpb.br\/s\/DTNFinNZBczJyWR\" target=\"_blank\" rel=\"noreferrer noopener\">Decreto n\u00ba 9.287\/2018 &#8211; Disp\u00f5e Sobre a Utiliza\u00e7\u00e3o de Ve\u00edculos Oficiais pela Administra\u00e7\u00e3o P\u00fablica Federal Direta, Aut\u00e1rquica e Fundacional.<\/a><\/li>\n\n\n\n<li><a href=\"https:\/\/drive.ufpb.br\/s\/wtby3gN3JtNf3M6\" target=\"_blank\" rel=\"noreferrer noopener\">Parecer m\u00ba 00007\/2021\/ DEPJUR\/ PFUFPB\/ PGF\/ AGU<\/a><\/li>\n\n\n\n<li><a href=\"https:\/\/drive.ufpb.br\/s\/T53f8CxpXmZj7xq\" target=\"_blank\" rel=\"noreferrer noopener\">C\u00f3digo de Tr\u00e2nsito Brasileito &#8211; CTB<\/a><\/li>\n<\/ul>\n\n\n\n<h2 class=\"wp-block-heading\"><div class=\"linha-header\"><strong>Di\u00e1rias<\/strong><\/div><\/h2>\n\n\n\n<ul class=\"wp-block-list\">\n<li><a href=\"https:\/\/drive.ufpb.br\/s\/xZQikMHG6pcB38i\" target=\"_blank\" rel=\"noreferrer noopener\">Decreto n\u00ba 5.992\/2006 &#8211; Disp\u00f5e Sobre a Concess\u00e3o de Di\u00e1rias no \u00c2mbito da Administra\u00e7\u00e3o Federal Direta, Aut\u00e1rquica e Fundacional, e d\u00e1 outras provid\u00eancias.&nbsp;<\/a><\/li>\n<\/ul>\n\n\n\n<h2 class=\"wp-block-heading\"><div class=\"linha-header\"><strong>Consulta Normativa<\/strong><\/div><\/h2>\n\n\n\n<ul class=\"wp-block-list\">\n<li><a href=\"https:\/\/drive.ufpb.br\/s\/yxKNX65yeWc66TX\" target=\"_blank\" rel=\"noreferrer noopener\">Constitui\u00e7\u00e3o Federal&nbsp;<\/a><\/li>\n\n\n\n<li><a href=\"https:\/\/drive.ufpb.br\/s\/p9neNnxMAXNpZat\" target=\"_blank\" rel=\"noreferrer noopener\">Lei n\u00ba 8.112\/90 &#8211; Disp\u00f5es Sobre o Regime Jur\u00eddico dos Servidores P\u00fablicos Civis da Uni\u00e3o, das Autarquias e das Funda\u00e7\u00f5es P\u00fablicas Federais.<\/a><\/li>\n\n\n\n<li><a href=\"https:\/\/drive.ufpb.br\/s\/HbPFRfib6CAGRrf\" target=\"_blank\" rel=\"noreferrer noopener\">Lei n\u00ba 9784\/99 &#8211; Regula o Processo Administrativo no \u00c2mbito da Administra\u00e7\u00e3o P\u00fablica Federal<\/a><\/li>\n\n\n\n<li><a href=\"https:\/\/drive.ufpb.br\/s\/iiEes2kktFyBoKw\" target=\"_blank\" rel=\"noreferrer noopener\">Lei n\u00ba 13.709\/2018 &#8211; Lei Geral de Prote\u00e7\u00e3o de Dados (LGPD)<\/a><\/li>\n<\/ul>\n\n\n\n<div class=\"wp-block-media-text is-stacked-on-mobile is-vertically-aligned-center\" style=\"grid-template-columns:17% auto\"><figure class=\"wp-block-media-text__media\"><img loading=\"lazy\" decoding=\"async\" width=\"480\" height=\"358\" src=\"http:\/\/www.ufpb.br\/sult\/wp-content\/uploads\/sites\/79\/sites\/313\/2026\/01\/6ab839bc-0d0c-4f09-8325-698542f409fe.png\" alt=\"\" class=\"wp-image-110 size-full\" srcset=\"https:\/\/www.ufpb.br\/sult\/wp-content\/uploads\/sites\/79\/sites\/313\/2026\/01\/6ab839bc-0d0c-4f09-8325-698542f409fe.png 480w, https:\/\/www.ufpb.br\/sult\/wp-content\/uploads\/sites\/79\/sites\/313\/2026\/01\/6ab839bc-0d0c-4f09-8325-698542f409fe-300x224.png 300w\" sizes=\"auto, (max-width: 480px) 100vw, 480px\" \/><\/figure><div class=\"wp-block-media-text__content\">\n<p class=\"has-text-align-center\"><strong>Superintend\u00eancia de Log\u00edstica de Transporte &#8211; SULT<\/strong><\/p>\n<\/div><\/div>\n","protected":false},"excerpt":{"rendered":"<p>Consulta Normativa Com o intuito de subsidiar seus servidores, funcion\u00e1rios contratados e p\u00fablico externo, a [&hellip;]<\/p>\n","protected":false},"author":47,"featured_media":0,"parent":0,"menu_order":0,"comment_status":"closed","ping_status":"closed","template":"","meta":{"footnotes":""},"class_list":["post-24","page","type-page","status-publish","hentry"],"_links":{"self":[{"href":"https:\/\/www.ufpb.br\/sult\/wp-json\/wp\/v2\/pages\/24","targetHints":{"allow":["GET"]}}],"collection":[{"href":"https:\/\/www.ufpb.br\/sult\/wp-json\/wp\/v2\/pages"}],"about":[{"href":"https:\/\/www.ufpb.br\/sult\/wp-json\/wp\/v2\/types\/page"}],"author":[{"embeddable":true,"href":"https:\/\/www.ufpb.br\/sult\/wp-json\/wp\/v2\/users\/47"}],"replies":[{"embeddable":true,"href":"https:\/\/www.ufpb.br\/sult\/wp-json\/wp\/v2\/comments?post=24"}],"version-history":[{"count":4,"href":"https:\/\/www.ufpb.br\/sult\/wp-json\/wp\/v2\/pages\/24\/revisions"}],"predecessor-version":[{"id":157,"href":"https:\/\/www.ufpb.br\/sult\/wp-json\/wp\/v2\/pages\/24\/revisions\/157"}],"wp:attachment":[{"href":"https:\/\/www.ufpb.br\/sult\/wp-json\/wp\/v2\/media?parent=24"}],"curies":[{"name":"wp","href":"https:\/\/api.w.org\/{rel}","templated":true}]}}