{"id":26,"date":"2025-06-02T20:06:25","date_gmt":"2025-06-02T23:06:25","guid":{"rendered":"https:\/\/www.ufpb.br\/sult\/?page_id=26"},"modified":"2026-02-05T09:57:54","modified_gmt":"2026-02-05T12:57:54","slug":"requisicao-de-transporte","status":"publish","type":"page","link":"https:\/\/www.ufpb.br\/sult\/requisicao-de-transporte\/","title":{"rendered":"Requisi\u00e7\u00e3o de Transporte"},"content":{"rendered":"\n<p>A SULT, atrav\u00e9s da Ger\u00eancia de Transportes e Equipamentos, administra as requisi\u00e7\u00f5es de transporte realizadas por interm\u00e9dio do SIPAC. <\/p>\n\n\n\n<h2 class=\"wp-block-heading\"><div class=\"linha-header\">FLUXOGRAMA<\/div><\/h2>\n\n\n\n<figure class=\"wp-block-image size-large\"><img loading=\"lazy\" decoding=\"async\" width=\"1024\" height=\"576\" src=\"https:\/\/www.ufpb.br\/sult\/wp-content\/uploads\/sites\/79\/sites\/313\/2025\/08\/fluxogama-1024x576.jpeg\" alt=\"\" class=\"wp-image-84\" srcset=\"https:\/\/www.ufpb.br\/sult\/wp-content\/uploads\/sites\/79\/sites\/313\/2025\/08\/fluxogama-1024x576.jpeg 1024w, https:\/\/www.ufpb.br\/sult\/wp-content\/uploads\/sites\/79\/sites\/313\/2025\/08\/fluxogama-300x169.jpeg 300w, https:\/\/www.ufpb.br\/sult\/wp-content\/uploads\/sites\/79\/sites\/313\/2025\/08\/fluxogama-768x432.jpeg 768w, https:\/\/www.ufpb.br\/sult\/wp-content\/uploads\/sites\/79\/sites\/313\/2025\/08\/fluxogama-1536x864.jpeg 1536w, https:\/\/www.ufpb.br\/sult\/wp-content\/uploads\/sites\/79\/sites\/313\/2025\/08\/fluxogama.jpeg 1600w\" sizes=\"auto, (max-width: 1024px) 100vw, 1024px\" \/><\/figure>\n\n\n\n<p><\/p>\n\n\n\n<p>No link abaixo, apresentamos um passo a passo pr\u00e1tico do procedimento para cadastrar requisi\u00e7\u00f5es de transporte via sistema:<\/p>\n\n\n\n<div class=\"wp-block-file\"><a id=\"wp-block-file--media-ab92ad90-10d4-44ba-8f7a-68ab09e5edfd\" href=\"https:\/\/www.ufpb.br\/sult\/wp-content\/uploads\/sites\/79\/sites\/313\/2025\/08\/tutorial-transportes-ATUALIZADO-20252-1.pdf\">Tutorial requisi\u00e7\u00e3o de transporte<\/a><a href=\"https:\/\/www.ufpb.br\/sult\/wp-content\/uploads\/sites\/79\/sites\/313\/2025\/08\/tutorial-transportes-ATUALIZADO-20252-1.pdf\" class=\"wp-block-file__button wp-element-button\" download aria-describedby=\"wp-block-file--media-ab92ad90-10d4-44ba-8f7a-68ab09e5edfd\">Baixar<\/a><\/div>\n\n\n\n<p><\/p>\n\n\n\n<div class=\"wp-block-media-text is-stacked-on-mobile is-vertically-aligned-center\" style=\"grid-template-columns:17% auto\"><figure class=\"wp-block-media-text__media\"><img loading=\"lazy\" decoding=\"async\" width=\"480\" height=\"358\" src=\"http:\/\/www.ufpb.br\/sult\/wp-content\/uploads\/sites\/79\/sites\/313\/2026\/01\/6ab839bc-0d0c-4f09-8325-698542f409fe.png\" alt=\"\" class=\"wp-image-110 size-full\" srcset=\"https:\/\/www.ufpb.br\/sult\/wp-content\/uploads\/sites\/79\/sites\/313\/2026\/01\/6ab839bc-0d0c-4f09-8325-698542f409fe.png 480w, https:\/\/www.ufpb.br\/sult\/wp-content\/uploads\/sites\/79\/sites\/313\/2026\/01\/6ab839bc-0d0c-4f09-8325-698542f409fe-300x224.png 300w\" sizes=\"auto, (max-width: 480px) 100vw, 480px\" \/><\/figure><div class=\"wp-block-media-text__content\">\n<p class=\"has-text-align-center\"><strong>Superintend\u00eancia de Log\u00edstica de Transporte &#8211; SULT<\/strong><\/p>\n<\/div><\/div>\n","protected":false},"excerpt":{"rendered":"<p>A SULT, atrav\u00e9s da Ger\u00eancia de Transportes e Equipamentos, administra as requisi\u00e7\u00f5es de transporte realizadas [&hellip;]<\/p>\n","protected":false},"author":47,"featured_media":0,"parent":0,"menu_order":0,"comment_status":"closed","ping_status":"closed","template":"","meta":{"footnotes":""},"class_list":["post-26","page","type-page","status-publish","hentry"],"_links":{"self":[{"href":"https:\/\/www.ufpb.br\/sult\/wp-json\/wp\/v2\/pages\/26","targetHints":{"allow":["GET"]}}],"collection":[{"href":"https:\/\/www.ufpb.br\/sult\/wp-json\/wp\/v2\/pages"}],"about":[{"href":"https:\/\/www.ufpb.br\/sult\/wp-json\/wp\/v2\/types\/page"}],"author":[{"embeddable":true,"href":"https:\/\/www.ufpb.br\/sult\/wp-json\/wp\/v2\/users\/47"}],"replies":[{"embeddable":true,"href":"https:\/\/www.ufpb.br\/sult\/wp-json\/wp\/v2\/comments?post=26"}],"version-history":[{"count":6,"href":"https:\/\/www.ufpb.br\/sult\/wp-json\/wp\/v2\/pages\/26\/revisions"}],"predecessor-version":[{"id":155,"href":"https:\/\/www.ufpb.br\/sult\/wp-json\/wp\/v2\/pages\/26\/revisions\/155"}],"wp:attachment":[{"href":"https:\/\/www.ufpb.br\/sult\/wp-json\/wp\/v2\/media?parent=26"}],"curies":[{"name":"wp","href":"https:\/\/api.w.org\/{rel}","templated":true}]}}