{"id":28,"date":"2026-01-28T14:48:46","date_gmt":"2026-01-28T17:48:46","guid":{"rendered":"https:\/\/www.ufpb.br\/sult\/?page_id=28"},"modified":"2026-02-05T09:57:10","modified_gmt":"2026-02-05T12:57:10","slug":"relacao-de-motoristas","status":"publish","type":"page","link":"https:\/\/www.ufpb.br\/sult\/relacao-de-motoristas\/","title":{"rendered":"Rela\u00e7\u00e3o de Motoristas"},"content":{"rendered":"\n<h2 class=\"wp-block-heading\"><div class=\"linha-header\"><strong>Publicidade nos Contratos P\u00fablicos<\/strong><\/div><\/h2>\n\n\n\n<p>Em harmonia com o que preconiza a LDO em seu Art. 154, a SULT mant\u00e9m, quadrimestralmente em seu website, lista de funcion\u00e1rios terceirizados que desempenham a fun\u00e7\u00e3o de motorista na Universidade Federal da Para\u00edba:<\/p>\n\n\n\n<p><a href=\"https:\/\/drive.ufpb.br\/s\/7PKF5ybiArT8nb2\" target=\"_blank\" rel=\"noreferrer noopener\">Rela\u00e7\u00e3o de Motoristas &#8211; 1\u00ba Quadrimestre de 2026<\/a><\/p>\n","protected":false},"excerpt":{"rendered":"<p>Publicidade nos Contratos P\u00fablicos Em harmonia com o que preconiza a LDO em seu Art. [&hellip;]<\/p>\n","protected":false},"author":508,"featured_media":0,"parent":0,"menu_order":0,"comment_status":"closed","ping_status":"closed","template":"","meta":{"footnotes":""},"class_list":["post-28","page","type-page","status-publish","hentry"],"_links":{"self":[{"href":"https:\/\/www.ufpb.br\/sult\/wp-json\/wp\/v2\/pages\/28","targetHints":{"allow":["GET"]}}],"collection":[{"href":"https:\/\/www.ufpb.br\/sult\/wp-json\/wp\/v2\/pages"}],"about":[{"href":"https:\/\/www.ufpb.br\/sult\/wp-json\/wp\/v2\/types\/page"}],"author":[{"embeddable":true,"href":"https:\/\/www.ufpb.br\/sult\/wp-json\/wp\/v2\/users\/508"}],"replies":[{"embeddable":true,"href":"https:\/\/www.ufpb.br\/sult\/wp-json\/wp\/v2\/comments?post=28"}],"version-history":[{"count":4,"href":"https:\/\/www.ufpb.br\/sult\/wp-json\/wp\/v2\/pages\/28\/revisions"}],"predecessor-version":[{"id":154,"href":"https:\/\/www.ufpb.br\/sult\/wp-json\/wp\/v2\/pages\/28\/revisions\/154"}],"wp:attachment":[{"href":"https:\/\/www.ufpb.br\/sult\/wp-json\/wp\/v2\/media?parent=28"}],"curies":[{"name":"wp","href":"https:\/\/api.w.org\/{rel}","templated":true}]}}